{"id":17678,"date":"2026-02-27T00:36:07","date_gmt":"2026-02-27T00:36:07","guid":{"rendered":"https:\/\/nordicmart.andreevmaster.com\/product\/kalligrafisats-svart-gaspenna-med-spets-black-1027\/"},"modified":"2026-02-27T08:25:31","modified_gmt":"2026-02-27T08:25:31","slug":"kalligrafisats-svart-gaspenna-med-spets-black-1027","status":"publish","type":"product","link":"https:\/\/nordicmart.andreevmaster.com\/sv\/produkt\/kalligrafisats-svart-gaspenna-med-spets-black-1027\/","title":{"rendered":"Kalligrafisats \u2013 svart g\u00e5spenna med spets + bl\u00e4ck \u2013 1027"},"content":{"rendered":"<p>Kalligrafisats \u2013 svart g\u00e5spenna med spets + bl\u00e4ck \u2013 1027&nbsp;&nbsp;Elegant kalligrafisats inspirerad av musikens v\u00e4rld \u2013 perfekt f\u00f6r dig som \u00e4lskar skrivkonsten.&nbsp;&nbsp;Satsen inneh\u00e5ller:&nbsp;Svart penna med spets dekorerad med violinmotivBl\u00e4ckhorn med bl\u00e4ckElegant presentf\u00f6rpackning&nbsp;Parametrar:&nbsp;Pennans l\u00e4ngd: 24 cm Presentf\u00f6rpackningens m\u00e5tt: 27 x 8 x 3 cm&nbsp;&nbsp;Setet \u00e4r f\u00f6rpackat i en elegant presentf\u00f6rpackning \u2013 redo att ges bort vid ett speciellt tillf\u00e4lle.&nbsp;&nbsp;Det \u00e4r en idealisk present till:&nbsp;KalligrafiintresseradeSamlare av vackra skrivinstrumentMusikerKomposit\u00f6rer<\/p>\n","protected":false},"excerpt":{"rendered":"<p>Kalligrafisats \u2013 svart g\u00e5spenna med spets + bl\u00e4ck \u2013 1027&nbsp;&nbsp;Elegant kalligrafisats inspirerad av musikens v\u00e4rld \u2013 perfekt f\u00f6r dig som \u00e4lskar skrivkonsten.&nbsp;&nbsp;Satsen inneh\u00e5ller:&nbsp;Svart penna med spets dekorerad med violinmotivBl\u00e4ckhorn med bl\u00e4ckElegant presentf\u00f6rpackning&nbsp;Parametrar:&nbsp;Pennans l\u00e4ngd: 24 cm Presentf\u00f6rpackningens m\u00e5tt: 27 x 8 x 3 cm&nbsp;&nbsp;Setet \u00e4r f\u00f6rpackat i en elegant presentf\u00f6rpackning \u2013 redo att ges bort vid [&hellip;]<\/p>\n","protected":false},"featured_media":44996,"comment_status":"open","ping_status":"closed","template":"","meta":[],"product_brand":[],"product_cat":[33],"product_tag":[],"class_list":{"0":"post-17678","1":"product","2":"type-product","3":"status-publish","4":"has-post-thumbnail","6":"product_cat-okategoriserad","8":"first","9":"instock","10":"shipping-taxable","11":"purchasable","12":"product-type-simple"},"_links":{"self":[{"href":"https:\/\/nordicmart.andreevmaster.com\/sv\/wp-json\/wp\/v2\/product\/17678","targetHints":{"allow":["GET"]}}],"collection":[{"href":"https:\/\/nordicmart.andreevmaster.com\/sv\/wp-json\/wp\/v2\/product"}],"about":[{"href":"https:\/\/nordicmart.andreevmaster.com\/sv\/wp-json\/wp\/v2\/types\/product"}],"replies":[{"embeddable":true,"href":"https:\/\/nordicmart.andreevmaster.com\/sv\/wp-json\/wp\/v2\/comments?post=17678"}],"wp:featuredmedia":[{"embeddable":true,"href":"https:\/\/nordicmart.andreevmaster.com\/sv\/wp-json\/wp\/v2\/media\/44996"}],"wp:attachment":[{"href":"https:\/\/nordicmart.andreevmaster.com\/sv\/wp-json\/wp\/v2\/media?parent=17678"}],"wp:term":[{"taxonomy":"product_brand","embeddable":true,"href":"https:\/\/nordicmart.andreevmaster.com\/sv\/wp-json\/wp\/v2\/product_brand?post=17678"},{"taxonomy":"product_cat","embeddable":true,"href":"https:\/\/nordicmart.andreevmaster.com\/sv\/wp-json\/wp\/v2\/product_cat?post=17678"},{"taxonomy":"product_tag","embeddable":true,"href":"https:\/\/nordicmart.andreevmaster.com\/sv\/wp-json\/wp\/v2\/product_tag?post=17678"}],"curies":[{"name":"wp","href":"https:\/\/api.w.org\/{rel}","templated":true}]}}