{"id":17677,"date":"2026-02-27T00:36:07","date_gmt":"2026-02-27T00:36:07","guid":{"rendered":"https:\/\/nordicmart.andreevmaster.com\/product\/kalligrafipaket-bla-fjaderpenna-med-spets-black-7651\/"},"modified":"2026-02-27T08:25:31","modified_gmt":"2026-02-27T08:25:31","slug":"kalligrafipaket-bla-fjaderpenna-med-spets-black-7651","status":"publish","type":"product","link":"https:\/\/nordicmart.andreevmaster.com\/sv\/produkt\/kalligrafipaket-bla-fjaderpenna-med-spets-black-7651\/","title":{"rendered":"Kalligrafipaket \u2013 bl\u00e5 fj\u00e4derpenna med spets + bl\u00e4ck \u2013 7651"},"content":{"rendered":"<p>Kalligrafipaket \u2013 bl\u00e5 fj\u00e4derpenna med spets + bl\u00e4ck \u2013 7651&nbsp;&nbsp;F\u00f6rdjupa dig i konsten att skriva vackert med ett elegant kalligrafipaket med en bl\u00e5 penna. Ett perfekt val f\u00f6r b\u00e5de nyb\u00f6rjare och mer avancerade kalligrafiintresserade.&nbsp;Setet inneh\u00e5ller:&nbsp;?Bl\u00e5 fj\u00e4derpenna med spets?Bl\u00e4ckhorn med bl\u00e4ck&nbsp;M\u00e5tt:&nbsp;?Pennans l\u00e4ngd: 24 cm?M\u00e5tt: 26,5 x 8 x 3 cm&nbsp;Den estetiska presentf\u00f6rpackningen framh\u00e4ver setets elegans och g\u00f6r det perfekt som present.&nbsp;&nbsp;Perfekt present till:&nbsp;?Kalligrafi\u00e4lskare?Konstn\u00e4r?Samlare av skrivinstrument?F\u00f6r speciella tillf\u00e4llen (f\u00f6delsedagar, \u00e5rsdagar, helgdagar)<\/p>\n","protected":false},"excerpt":{"rendered":"<p>Kalligrafipaket \u2013 bl\u00e5 fj\u00e4derpenna med spets + bl\u00e4ck \u2013 7651&nbsp;&nbsp;F\u00f6rdjupa dig i konsten att skriva vackert med ett elegant kalligrafipaket med en bl\u00e5 penna. Ett perfekt val f\u00f6r b\u00e5de nyb\u00f6rjare och mer avancerade kalligrafiintresserade.&nbsp;Setet inneh\u00e5ller:&nbsp;?Bl\u00e5 fj\u00e4derpenna med spets?Bl\u00e4ckhorn med bl\u00e4ck&nbsp;M\u00e5tt:&nbsp;?Pennans l\u00e4ngd: 24 cm?M\u00e5tt: 26,5 x 8 x 3 cm&nbsp;Den estetiska presentf\u00f6rpackningen framh\u00e4ver setets elegans och [&hellip;]<\/p>\n","protected":false},"featured_media":44995,"comment_status":"open","ping_status":"closed","template":"","meta":[],"product_brand":[],"product_cat":[33],"product_tag":[],"class_list":{"0":"post-17677","1":"product","2":"type-product","3":"status-publish","4":"has-post-thumbnail","6":"product_cat-okategoriserad","8":"first","9":"instock","10":"shipping-taxable","11":"purchasable","12":"product-type-simple"},"_links":{"self":[{"href":"https:\/\/nordicmart.andreevmaster.com\/sv\/wp-json\/wp\/v2\/product\/17677","targetHints":{"allow":["GET"]}}],"collection":[{"href":"https:\/\/nordicmart.andreevmaster.com\/sv\/wp-json\/wp\/v2\/product"}],"about":[{"href":"https:\/\/nordicmart.andreevmaster.com\/sv\/wp-json\/wp\/v2\/types\/product"}],"replies":[{"embeddable":true,"href":"https:\/\/nordicmart.andreevmaster.com\/sv\/wp-json\/wp\/v2\/comments?post=17677"}],"wp:featuredmedia":[{"embeddable":true,"href":"https:\/\/nordicmart.andreevmaster.com\/sv\/wp-json\/wp\/v2\/media\/44995"}],"wp:attachment":[{"href":"https:\/\/nordicmart.andreevmaster.com\/sv\/wp-json\/wp\/v2\/media?parent=17677"}],"wp:term":[{"taxonomy":"product_brand","embeddable":true,"href":"https:\/\/nordicmart.andreevmaster.com\/sv\/wp-json\/wp\/v2\/product_brand?post=17677"},{"taxonomy":"product_cat","embeddable":true,"href":"https:\/\/nordicmart.andreevmaster.com\/sv\/wp-json\/wp\/v2\/product_cat?post=17677"},{"taxonomy":"product_tag","embeddable":true,"href":"https:\/\/nordicmart.andreevmaster.com\/sv\/wp-json\/wp\/v2\/product_tag?post=17677"}],"curies":[{"name":"wp","href":"https:\/\/api.w.org\/{rel}","templated":true}]}}