{"id":17676,"date":"2026-02-27T00:36:06","date_gmt":"2026-02-27T00:36:06","guid":{"rendered":"https:\/\/nordicmart.andreevmaster.com\/product\/kalligrafisats-penna-med-tva-spetsar-blackhorn-5422\/"},"modified":"2026-02-27T08:25:31","modified_gmt":"2026-02-27T08:25:31","slug":"kalligrafisats-penna-med-tva-spetsar-blackhorn-5422","status":"publish","type":"product","link":"https:\/\/nordicmart.andreevmaster.com\/sv\/produkt\/kalligrafisats-penna-med-tva-spetsar-blackhorn-5422\/","title":{"rendered":"Kalligrafisats \u2013 penna med tv\u00e5 spetsar + bl\u00e4ckhorn \u2013 5422"},"content":{"rendered":"<p>Kalligrafisats \u2013 penna med tv\u00e5 spetsar + bl\u00e4ckhorn \u2013 5422&nbsp;&nbsp;Vackert utformad, klassisk kalligrafisats, perfekt f\u00f6r \u00e4lskare av handskrift, nyb\u00f6rjare inom kalligrafi och personer som letar efter en smakfull present. Satsen kombinerar estetik och funktionalitet \u2013 idealisk f\u00f6r b\u00e5de vardagliga \u00f6vningar och f\u00f6r att skapa unika inbjudningar, brev eller dekorativa anteckningar.&nbsp;&nbsp;Satsen inneh\u00e5ller:&nbsp;? Snygg pennh\u00e5llare? 2 utbytbara pennspetsar \u2013 olika skrivtjocklekar? Bl\u00e4ckhorn med bl\u00e4ck (m\u00f6rk klassisk f\u00e4rg)? Elegant presentf\u00f6rpackning&nbsp;Setet \u00e4r f\u00f6rpackat i en elegant presentf\u00f6rpackning med m\u00e5tten: 12,5 x 8,5 x 3 cm.&nbsp;Den estetiska finishen g\u00f6r att setet ser mycket stilfullt ut \u2013 redo att ges bort utan ytterligare f\u00f6rpackning.&nbsp;Perfekt f\u00f6r en prisv\u00e4rd present. Ett utm\u00e4rkt val f\u00f6r f\u00f6delsedagar, helgdagar, l\u00e4rarnas dag eller som present till en som \u00e4lskar konsten att skriva.<\/p>\n","protected":false},"excerpt":{"rendered":"<p>Kalligrafisats \u2013 penna med tv\u00e5 spetsar + bl\u00e4ckhorn \u2013 5422&nbsp;&nbsp;Vackert utformad, klassisk kalligrafisats, perfekt f\u00f6r \u00e4lskare av handskrift, nyb\u00f6rjare inom kalligrafi och personer som letar efter en smakfull present. Satsen kombinerar estetik och funktionalitet \u2013 idealisk f\u00f6r b\u00e5de vardagliga \u00f6vningar och f\u00f6r att skapa unika inbjudningar, brev eller dekorativa anteckningar.&nbsp;&nbsp;Satsen inneh\u00e5ller:&nbsp;? Snygg pennh\u00e5llare? 2 utbytbara [&hellip;]<\/p>\n","protected":false},"featured_media":44994,"comment_status":"open","ping_status":"closed","template":"","meta":[],"product_brand":[],"product_cat":[33],"product_tag":[],"class_list":{"0":"post-17676","1":"product","2":"type-product","3":"status-publish","4":"has-post-thumbnail","6":"product_cat-okategoriserad","8":"first","9":"instock","10":"shipping-taxable","11":"purchasable","12":"product-type-simple"},"_links":{"self":[{"href":"https:\/\/nordicmart.andreevmaster.com\/sv\/wp-json\/wp\/v2\/product\/17676","targetHints":{"allow":["GET"]}}],"collection":[{"href":"https:\/\/nordicmart.andreevmaster.com\/sv\/wp-json\/wp\/v2\/product"}],"about":[{"href":"https:\/\/nordicmart.andreevmaster.com\/sv\/wp-json\/wp\/v2\/types\/product"}],"replies":[{"embeddable":true,"href":"https:\/\/nordicmart.andreevmaster.com\/sv\/wp-json\/wp\/v2\/comments?post=17676"}],"wp:featuredmedia":[{"embeddable":true,"href":"https:\/\/nordicmart.andreevmaster.com\/sv\/wp-json\/wp\/v2\/media\/44994"}],"wp:attachment":[{"href":"https:\/\/nordicmart.andreevmaster.com\/sv\/wp-json\/wp\/v2\/media?parent=17676"}],"wp:term":[{"taxonomy":"product_brand","embeddable":true,"href":"https:\/\/nordicmart.andreevmaster.com\/sv\/wp-json\/wp\/v2\/product_brand?post=17676"},{"taxonomy":"product_cat","embeddable":true,"href":"https:\/\/nordicmart.andreevmaster.com\/sv\/wp-json\/wp\/v2\/product_cat?post=17676"},{"taxonomy":"product_tag","embeddable":true,"href":"https:\/\/nordicmart.andreevmaster.com\/sv\/wp-json\/wp\/v2\/product_tag?post=17676"}],"curies":[{"name":"wp","href":"https:\/\/api.w.org\/{rel}","templated":true}]}}