{"id":17675,"date":"2026-02-27T00:36:06","date_gmt":"2026-02-27T00:36:06","guid":{"rendered":"https:\/\/nordicmart.andreevmaster.com\/product\/kalligrafisats-guldpenna-med-spets-black-7262\/"},"modified":"2026-02-27T08:25:31","modified_gmt":"2026-02-27T08:25:31","slug":"kalligrafisats-guldpenna-med-spets-black-7262","status":"publish","type":"product","link":"https:\/\/nordicmart.andreevmaster.com\/sv\/produkt\/kalligrafisats-guldpenna-med-spets-black-7262\/","title":{"rendered":"Kalligrafisats \u2013 Guldpenna med spets + bl\u00e4ck \u2013 7262"},"content":{"rendered":"<p>Kalligrafisats \u2013 Guldpenna med spets + bl\u00e4ck \u2013 7262&nbsp;&nbsp;En elegant kalligrafisats inspirerad av klassisk italiensk skrivkonst. Perfekt f\u00f6r \u00e4lskare av vintagestil, kalligrafi och m\u00e4nniskor som uppskattar unika f\u00f6rem\u00e5l med sj\u00e4l.&nbsp;&nbsp;Satsen inneh\u00e5ller:&nbsp;? Guldpenna med precisionsgjord spets? Bl\u00e4ckhorn med svart bl\u00e4ck? Estetisk presentf\u00f6rpackning&nbsp;Parametrar:&nbsp;? Pennans l\u00e4ngd: 24 cm? M\u00e5tt: 26,5 x 8 x 3 cm&nbsp;&nbsp;Detta set kombinerar elegans och funktionalitet \u2013 det fungerar utm\u00e4rkt b\u00e5de som skrivbordsdekoration och i praktiken \u2013 t.ex. f\u00f6r att skapa inbjudningar, brev eller dekorativa signaturer.&nbsp;Perfekt som present \u2013 till en kalligrafiintresserad, f\u00f6rfattare, konstn\u00e4r eller som en originell present till ett speciellt tillf\u00e4lle.<\/p>\n","protected":false},"excerpt":{"rendered":"<p>Kalligrafisats \u2013 Guldpenna med spets + bl\u00e4ck \u2013 7262&nbsp;&nbsp;En elegant kalligrafisats inspirerad av klassisk italiensk skrivkonst. Perfekt f\u00f6r \u00e4lskare av vintagestil, kalligrafi och m\u00e4nniskor som uppskattar unika f\u00f6rem\u00e5l med sj\u00e4l.&nbsp;&nbsp;Satsen inneh\u00e5ller:&nbsp;? Guldpenna med precisionsgjord spets? Bl\u00e4ckhorn med svart bl\u00e4ck? Estetisk presentf\u00f6rpackning&nbsp;Parametrar:&nbsp;? Pennans l\u00e4ngd: 24 cm? M\u00e5tt: 26,5 x 8 x 3 cm&nbsp;&nbsp;Detta set kombinerar elegans [&hellip;]<\/p>\n","protected":false},"featured_media":44993,"comment_status":"open","ping_status":"closed","template":"","meta":[],"product_brand":[],"product_cat":[33],"product_tag":[],"class_list":{"0":"post-17675","1":"product","2":"type-product","3":"status-publish","4":"has-post-thumbnail","6":"product_cat-okategoriserad","8":"first","9":"instock","10":"shipping-taxable","11":"purchasable","12":"product-type-simple"},"_links":{"self":[{"href":"https:\/\/nordicmart.andreevmaster.com\/sv\/wp-json\/wp\/v2\/product\/17675","targetHints":{"allow":["GET"]}}],"collection":[{"href":"https:\/\/nordicmart.andreevmaster.com\/sv\/wp-json\/wp\/v2\/product"}],"about":[{"href":"https:\/\/nordicmart.andreevmaster.com\/sv\/wp-json\/wp\/v2\/types\/product"}],"replies":[{"embeddable":true,"href":"https:\/\/nordicmart.andreevmaster.com\/sv\/wp-json\/wp\/v2\/comments?post=17675"}],"wp:featuredmedia":[{"embeddable":true,"href":"https:\/\/nordicmart.andreevmaster.com\/sv\/wp-json\/wp\/v2\/media\/44993"}],"wp:attachment":[{"href":"https:\/\/nordicmart.andreevmaster.com\/sv\/wp-json\/wp\/v2\/media?parent=17675"}],"wp:term":[{"taxonomy":"product_brand","embeddable":true,"href":"https:\/\/nordicmart.andreevmaster.com\/sv\/wp-json\/wp\/v2\/product_brand?post=17675"},{"taxonomy":"product_cat","embeddable":true,"href":"https:\/\/nordicmart.andreevmaster.com\/sv\/wp-json\/wp\/v2\/product_cat?post=17675"},{"taxonomy":"product_tag","embeddable":true,"href":"https:\/\/nordicmart.andreevmaster.com\/sv\/wp-json\/wp\/v2\/product_tag?post=17675"}],"curies":[{"name":"wp","href":"https:\/\/api.w.org\/{rel}","templated":true}]}}