{"id":17674,"date":"2026-02-27T00:36:06","date_gmt":"2026-02-27T00:36:06","guid":{"rendered":"https:\/\/nordicmart.andreevmaster.com\/product\/retroklocka-med-kedja-clk-0703b\/"},"modified":"2026-02-27T08:25:30","modified_gmt":"2026-02-27T08:25:30","slug":"retroklocka-med-kedja-clk-0703b","status":"publish","type":"product","link":"https:\/\/nordicmart.andreevmaster.com\/sv\/produkt\/retroklocka-med-kedja-clk-0703b\/","title":{"rendered":"Retroklocka med kedja \u2013 CLK-0703B"},"content":{"rendered":"<p>Retroklocka med kedja \u2013 CLK-0703B&nbsp;&nbsp;Retropresent&nbsp;Elegant fickur i klassisk m\u00e4ssingsram \u00e4r den perfekta presenten f\u00f6r dig som \u00e4lskar retrostil. Den vita urtavlan med svarta visare g\u00f6r klockan l\u00e4ttl\u00e4st och ger den en tidl\u00f6s charm.&nbsp;&nbsp;Produktinformation:&nbsp;Klockans m\u00e5tt: Klockans diameter 5 cm.Material: m\u00e4ssing, glasKlocka p\u00e5 kedja i m\u00e4ssingsramUrtavla: vit med svarta visarePresent i retrostil&nbsp;<\/p>\n","protected":false},"excerpt":{"rendered":"<p>Retroklocka med kedja \u2013 CLK-0703B&nbsp;&nbsp;Retropresent&nbsp;Elegant fickur i klassisk m\u00e4ssingsram \u00e4r den perfekta presenten f\u00f6r dig som \u00e4lskar retrostil. Den vita urtavlan med svarta visare g\u00f6r klockan l\u00e4ttl\u00e4st och ger den en tidl\u00f6s charm.&nbsp;&nbsp;Produktinformation:&nbsp;Klockans m\u00e5tt: Klockans diameter 5 cm.Material: m\u00e4ssing, glasKlocka p\u00e5 kedja i m\u00e4ssingsramUrtavla: vit med svarta visarePresent i retrostil&nbsp;<\/p>\n","protected":false},"featured_media":44992,"comment_status":"open","ping_status":"closed","template":"","meta":[],"product_brand":[],"product_cat":[33],"product_tag":[],"class_list":{"0":"post-17674","1":"product","2":"type-product","3":"status-publish","4":"has-post-thumbnail","6":"product_cat-okategoriserad","8":"first","9":"instock","10":"shipping-taxable","11":"purchasable","12":"product-type-simple"},"_links":{"self":[{"href":"https:\/\/nordicmart.andreevmaster.com\/sv\/wp-json\/wp\/v2\/product\/17674","targetHints":{"allow":["GET"]}}],"collection":[{"href":"https:\/\/nordicmart.andreevmaster.com\/sv\/wp-json\/wp\/v2\/product"}],"about":[{"href":"https:\/\/nordicmart.andreevmaster.com\/sv\/wp-json\/wp\/v2\/types\/product"}],"replies":[{"embeddable":true,"href":"https:\/\/nordicmart.andreevmaster.com\/sv\/wp-json\/wp\/v2\/comments?post=17674"}],"wp:featuredmedia":[{"embeddable":true,"href":"https:\/\/nordicmart.andreevmaster.com\/sv\/wp-json\/wp\/v2\/media\/44992"}],"wp:attachment":[{"href":"https:\/\/nordicmart.andreevmaster.com\/sv\/wp-json\/wp\/v2\/media?parent=17674"}],"wp:term":[{"taxonomy":"product_brand","embeddable":true,"href":"https:\/\/nordicmart.andreevmaster.com\/sv\/wp-json\/wp\/v2\/product_brand?post=17674"},{"taxonomy":"product_cat","embeddable":true,"href":"https:\/\/nordicmart.andreevmaster.com\/sv\/wp-json\/wp\/v2\/product_cat?post=17674"},{"taxonomy":"product_tag","embeddable":true,"href":"https:\/\/nordicmart.andreevmaster.com\/sv\/wp-json\/wp\/v2\/product_tag?post=17674"}],"curies":[{"name":"wp","href":"https:\/\/api.w.org\/{rel}","templated":true}]}}