{"id":17673,"date":"2026-02-27T00:36:06","date_gmt":"2026-02-27T00:36:06","guid":{"rendered":"https:\/\/nordicmart.andreevmaster.com\/product\/glamour-gold-round-metal-coffee-table-1051a-2\/"},"modified":"2026-02-27T08:25:30","modified_gmt":"2026-02-27T08:25:30","slug":"glamour-gold-round-metal-coffee-table-1051a-2","status":"publish","type":"product","link":"https:\/\/nordicmart.andreevmaster.com\/sv\/produkt\/glamour-gold-round-metal-coffee-table-1051a-2\/","title":{"rendered":"Glamour Gold Round Metal Coffee Table &#8211; 1051A"},"content":{"rendered":"<p>Glamour Gold Round Metal Coffee Table &#8211; 1051A&nbsp;&nbsp;Detta eleganta runda soffbord \u00e4r ett m\u00e5ste f\u00f6r alla som \u00e4lskar glamour\u00f6s stil. Dess gl\u00e4nsande guldyta ger en chic touch till alla rum. Perfekt f\u00f6r vardagsrummet, sovrummet eller arbetsrummet. Kombinationen av metall och rund form skapar en tidl\u00f6s design.&nbsp;&nbsp;V\u00e5rt metallbord \u00e4r en ovanlig kombination av elegans och funktionalitet, som passar perfekt in i en m\u00e4ngd olika inredningsstilar.&nbsp;&nbsp;Produktinformation:&nbsp;Material: metallM\u00e5tt: 40 x 40 x 60 cmStil: Glamor\u00f6s, elegantF\u00e4rg: guld<\/p>\n","protected":false},"excerpt":{"rendered":"<p>Glamour Gold Round Metal Coffee Table &#8211; 1051A&nbsp;&nbsp;Detta eleganta runda soffbord \u00e4r ett m\u00e5ste f\u00f6r alla som \u00e4lskar glamour\u00f6s stil. Dess gl\u00e4nsande guldyta ger en chic touch till alla rum. Perfekt f\u00f6r vardagsrummet, sovrummet eller arbetsrummet. Kombinationen av metall och rund form skapar en tidl\u00f6s design.&nbsp;&nbsp;V\u00e5rt metallbord \u00e4r en ovanlig kombination av elegans och funktionalitet, [&hellip;]<\/p>\n","protected":false},"featured_media":44991,"comment_status":"open","ping_status":"closed","template":"","meta":[],"product_brand":[],"product_cat":[33],"product_tag":[],"class_list":{"0":"post-17673","1":"product","2":"type-product","3":"status-publish","4":"has-post-thumbnail","6":"product_cat-okategoriserad","8":"first","9":"instock","10":"shipping-taxable","11":"purchasable","12":"product-type-simple"},"_links":{"self":[{"href":"https:\/\/nordicmart.andreevmaster.com\/sv\/wp-json\/wp\/v2\/product\/17673","targetHints":{"allow":["GET"]}}],"collection":[{"href":"https:\/\/nordicmart.andreevmaster.com\/sv\/wp-json\/wp\/v2\/product"}],"about":[{"href":"https:\/\/nordicmart.andreevmaster.com\/sv\/wp-json\/wp\/v2\/types\/product"}],"replies":[{"embeddable":true,"href":"https:\/\/nordicmart.andreevmaster.com\/sv\/wp-json\/wp\/v2\/comments?post=17673"}],"wp:featuredmedia":[{"embeddable":true,"href":"https:\/\/nordicmart.andreevmaster.com\/sv\/wp-json\/wp\/v2\/media\/44991"}],"wp:attachment":[{"href":"https:\/\/nordicmart.andreevmaster.com\/sv\/wp-json\/wp\/v2\/media?parent=17673"}],"wp:term":[{"taxonomy":"product_brand","embeddable":true,"href":"https:\/\/nordicmart.andreevmaster.com\/sv\/wp-json\/wp\/v2\/product_brand?post=17673"},{"taxonomy":"product_cat","embeddable":true,"href":"https:\/\/nordicmart.andreevmaster.com\/sv\/wp-json\/wp\/v2\/product_cat?post=17673"},{"taxonomy":"product_tag","embeddable":true,"href":"https:\/\/nordicmart.andreevmaster.com\/sv\/wp-json\/wp\/v2\/product_tag?post=17673"}],"curies":[{"name":"wp","href":"https:\/\/api.w.org\/{rel}","templated":true}]}}