{"id":17672,"date":"2026-02-27T00:36:05","date_gmt":"2026-02-27T00:36:05","guid":{"rendered":"https:\/\/nordicmart.andreevmaster.com\/product\/guldfigur-stenbocken-cap2\/"},"modified":"2026-02-27T08:25:30","modified_gmt":"2026-02-27T08:25:30","slug":"guldfigur-stenbocken-cap2","status":"publish","type":"product","link":"https:\/\/nordicmart.andreevmaster.com\/sv\/produkt\/guldfigur-stenbocken-cap2\/","title":{"rendered":"Guldfigur &#8211; Stenbocken &#8211; CAP2"},"content":{"rendered":"<p>Guldfigur &#8211; Stenbocken &#8211; CAP2&nbsp;&nbsp;CAP-figuren f\u00f6rest\u00e4ller det symboliska stj\u00e4rntecknet Stenbocken. Den guldiga ytan ger figuren en elegant touch, vilket g\u00f6r den passande f\u00f6r klassiska, glamor\u00f6sa och art d\u00e9co-inredningar. CAP-figuren \u00e4r en utm\u00e4rkt presentid\u00e9 f\u00f6r stj\u00e4rntecknet Stenbocken och astrologi\u00e4lskare. &nbsp;Vintersolst\u00e5ndet och den astronomiska vintern markeras av solen i stj\u00e4rnbilden Stenbocken. De gamla grekerna trodde att den hornbekl\u00e4dda guden Pan, son till Hermes och nymfen Dryope, hj\u00e4lpte till att r\u00e4dda v\u00e4rlden fr\u00e5n monstret Tyfon genom att \u00e5terf\u00f6rena den leml\u00e4stade Zeus till en helhet. Zeus placerade honom bland stj\u00e4rnorna i tacksamhet. &nbsp;&nbsp;Produktinformation:&nbsp;Figur tillverkad av aluminium M\u00e5tt: 23,5 x 21 x 6 cm&nbsp;<\/p>\n","protected":false},"excerpt":{"rendered":"<p>Guldfigur &#8211; Stenbocken &#8211; CAP2&nbsp;&nbsp;CAP-figuren f\u00f6rest\u00e4ller det symboliska stj\u00e4rntecknet Stenbocken. Den guldiga ytan ger figuren en elegant touch, vilket g\u00f6r den passande f\u00f6r klassiska, glamor\u00f6sa och art d\u00e9co-inredningar. CAP-figuren \u00e4r en utm\u00e4rkt presentid\u00e9 f\u00f6r stj\u00e4rntecknet Stenbocken och astrologi\u00e4lskare. &nbsp;Vintersolst\u00e5ndet och den astronomiska vintern markeras av solen i stj\u00e4rnbilden Stenbocken. De gamla grekerna trodde att den [&hellip;]<\/p>\n","protected":false},"featured_media":44990,"comment_status":"open","ping_status":"closed","template":"","meta":[],"product_brand":[],"product_cat":[33],"product_tag":[],"class_list":{"0":"post-17672","1":"product","2":"type-product","3":"status-publish","4":"has-post-thumbnail","6":"product_cat-okategoriserad","8":"first","9":"instock","10":"shipping-taxable","11":"purchasable","12":"product-type-simple"},"_links":{"self":[{"href":"https:\/\/nordicmart.andreevmaster.com\/sv\/wp-json\/wp\/v2\/product\/17672","targetHints":{"allow":["GET"]}}],"collection":[{"href":"https:\/\/nordicmart.andreevmaster.com\/sv\/wp-json\/wp\/v2\/product"}],"about":[{"href":"https:\/\/nordicmart.andreevmaster.com\/sv\/wp-json\/wp\/v2\/types\/product"}],"replies":[{"embeddable":true,"href":"https:\/\/nordicmart.andreevmaster.com\/sv\/wp-json\/wp\/v2\/comments?post=17672"}],"wp:featuredmedia":[{"embeddable":true,"href":"https:\/\/nordicmart.andreevmaster.com\/sv\/wp-json\/wp\/v2\/media\/44990"}],"wp:attachment":[{"href":"https:\/\/nordicmart.andreevmaster.com\/sv\/wp-json\/wp\/v2\/media?parent=17672"}],"wp:term":[{"taxonomy":"product_brand","embeddable":true,"href":"https:\/\/nordicmart.andreevmaster.com\/sv\/wp-json\/wp\/v2\/product_brand?post=17672"},{"taxonomy":"product_cat","embeddable":true,"href":"https:\/\/nordicmart.andreevmaster.com\/sv\/wp-json\/wp\/v2\/product_cat?post=17672"},{"taxonomy":"product_tag","embeddable":true,"href":"https:\/\/nordicmart.andreevmaster.com\/sv\/wp-json\/wp\/v2\/product_tag?post=17672"}],"curies":[{"name":"wp","href":"https:\/\/api.w.org\/{rel}","templated":true}]}}