{"id":17671,"date":"2026-02-27T00:36:05","date_gmt":"2026-02-27T00:36:05","guid":{"rendered":"https:\/\/nordicmart.andreevmaster.com\/product\/massingsteleskop-i-tralada-35609zs\/"},"modified":"2026-02-27T08:25:30","modified_gmt":"2026-02-27T08:25:30","slug":"massingsteleskop-i-tralada-35609zs","status":"publish","type":"product","link":"https:\/\/nordicmart.andreevmaster.com\/sv\/produkt\/massingsteleskop-i-tralada-35609zs\/","title":{"rendered":"M\u00e4ssingsteleskop i tr\u00e4l\u00e5da \u2013 35609ZS"},"content":{"rendered":"<p>M\u00e4ssingsteleskop i tr\u00e4l\u00e5da \u2013 35609ZS&nbsp;&nbsp;Det h\u00e4r teleskopet i gammal stil \u00e4r ett intressant tillskott till en stuga, ett hotell vid havet eller ett arbetsrum i engelsk eller kolonial stil. Retro-teleskopet passar perfekt som en del av en piratdr\u00e4kt. Retro-teleskopet \u00e4r en utm\u00e4rkt present till en sj\u00f6fartsentusiast, sj\u00f6man eller skeppskapten.&nbsp;Teleskopet \u00e4r f\u00f6rpackat i en tr\u00e4l\u00e5da som ser ut som en skattkista.&nbsp;&nbsp;Information om teleskopet:&nbsp;Material: m\u00e4ssingF\u00e4rg p\u00e5 h\u00f6lje: guldm\u00e4ssingM\u00e5tt: l\u00e4ngd n\u00e4r det \u00e4r utf\u00e4llt 42 cm&nbsp;L\u00e5da:&nbsp;Material: tr\u00e4 M\u00e5tt: 17 x 7 x 7 cm<\/p>\n","protected":false},"excerpt":{"rendered":"<p>M\u00e4ssingsteleskop i tr\u00e4l\u00e5da \u2013 35609ZS&nbsp;&nbsp;Det h\u00e4r teleskopet i gammal stil \u00e4r ett intressant tillskott till en stuga, ett hotell vid havet eller ett arbetsrum i engelsk eller kolonial stil. Retro-teleskopet passar perfekt som en del av en piratdr\u00e4kt. Retro-teleskopet \u00e4r en utm\u00e4rkt present till en sj\u00f6fartsentusiast, sj\u00f6man eller skeppskapten.&nbsp;Teleskopet \u00e4r f\u00f6rpackat i en tr\u00e4l\u00e5da som [&hellip;]<\/p>\n","protected":false},"featured_media":44989,"comment_status":"open","ping_status":"closed","template":"","meta":[],"product_brand":[],"product_cat":[33],"product_tag":[],"class_list":{"0":"post-17671","1":"product","2":"type-product","3":"status-publish","4":"has-post-thumbnail","6":"product_cat-okategoriserad","8":"first","9":"instock","10":"shipping-taxable","11":"purchasable","12":"product-type-simple"},"_links":{"self":[{"href":"https:\/\/nordicmart.andreevmaster.com\/sv\/wp-json\/wp\/v2\/product\/17671","targetHints":{"allow":["GET"]}}],"collection":[{"href":"https:\/\/nordicmart.andreevmaster.com\/sv\/wp-json\/wp\/v2\/product"}],"about":[{"href":"https:\/\/nordicmart.andreevmaster.com\/sv\/wp-json\/wp\/v2\/types\/product"}],"replies":[{"embeddable":true,"href":"https:\/\/nordicmart.andreevmaster.com\/sv\/wp-json\/wp\/v2\/comments?post=17671"}],"wp:featuredmedia":[{"embeddable":true,"href":"https:\/\/nordicmart.andreevmaster.com\/sv\/wp-json\/wp\/v2\/media\/44989"}],"wp:attachment":[{"href":"https:\/\/nordicmart.andreevmaster.com\/sv\/wp-json\/wp\/v2\/media?parent=17671"}],"wp:term":[{"taxonomy":"product_brand","embeddable":true,"href":"https:\/\/nordicmart.andreevmaster.com\/sv\/wp-json\/wp\/v2\/product_brand?post=17671"},{"taxonomy":"product_cat","embeddable":true,"href":"https:\/\/nordicmart.andreevmaster.com\/sv\/wp-json\/wp\/v2\/product_cat?post=17671"},{"taxonomy":"product_tag","embeddable":true,"href":"https:\/\/nordicmart.andreevmaster.com\/sv\/wp-json\/wp\/v2\/product_tag?post=17671"}],"curies":[{"name":"wp","href":"https:\/\/api.w.org\/{rel}","templated":true}]}}