{"id":17670,"date":"2026-02-27T00:36:05","date_gmt":"2026-02-27T00:36:05","guid":{"rendered":"https:\/\/nordicmart.andreevmaster.com\/product\/forstoringsglas-i-massingsram-i-tralada-mag-0502zs\/"},"modified":"2026-02-27T08:25:29","modified_gmt":"2026-02-27T08:25:29","slug":"forstoringsglas-i-massingsram-i-tralada-mag-0502zs","status":"publish","type":"product","link":"https:\/\/nordicmart.andreevmaster.com\/sv\/produkt\/forstoringsglas-i-massingsram-i-tralada-mag-0502zs\/","title":{"rendered":"F\u00f6rstoringsglas i m\u00e4ssingsram i tr\u00e4l\u00e5da \u2013 MAG-0502ZS"},"content":{"rendered":"<p>F\u00f6rstoringsglas i m\u00e4ssingsram i tr\u00e4l\u00e5da \u2013 MAG-0502ZS&nbsp;&nbsp;&nbsp;F\u00f6rstoringsglas i tr\u00e4l\u00e5da med glaslock \u00e4r ett elegant tillbeh\u00f6r med praktisk anv\u00e4ndning. Det passar utm\u00e4rkt som en del av inredningen p\u00e5 ett skrivbord eller kontor.&nbsp;Det \u00e4r en perfekt present till mor- och farf\u00f6r\u00e4ldrar, frim\u00e4rkssamlare och alla som arbetar med sm\u00e5 detaljer. Det \u00e4r en kombination av funktionalitet och design som garanterat kommer att gl\u00e4dja alla som letar efter en unik och stilfull detalj till sin omgivning.&nbsp;&nbsp;Produktinformation:&nbsp;F\u00f6rstoringsglasets m\u00e5tt: diameter 10 cm, l\u00e4ngd 22 cm. L\u00e5dans m\u00e5tt: 25,5 x 14 cm x 5 cm L\u00e5da: tr\u00e4, glaslock F\u00f6rstoringsglas: m\u00e4ssingsram, tr\u00e4handtag&nbsp;<\/p>\n","protected":false},"excerpt":{"rendered":"<p>F\u00f6rstoringsglas i m\u00e4ssingsram i tr\u00e4l\u00e5da \u2013 MAG-0502ZS&nbsp;&nbsp;&nbsp;F\u00f6rstoringsglas i tr\u00e4l\u00e5da med glaslock \u00e4r ett elegant tillbeh\u00f6r med praktisk anv\u00e4ndning. Det passar utm\u00e4rkt som en del av inredningen p\u00e5 ett skrivbord eller kontor.&nbsp;Det \u00e4r en perfekt present till mor- och farf\u00f6r\u00e4ldrar, frim\u00e4rkssamlare och alla som arbetar med sm\u00e5 detaljer. Det \u00e4r en kombination av funktionalitet och design [&hellip;]<\/p>\n","protected":false},"featured_media":44988,"comment_status":"open","ping_status":"closed","template":"","meta":[],"product_brand":[],"product_cat":[33],"product_tag":[],"class_list":{"0":"post-17670","1":"product","2":"type-product","3":"status-publish","4":"has-post-thumbnail","6":"product_cat-okategoriserad","8":"first","9":"instock","10":"shipping-taxable","11":"purchasable","12":"product-type-simple"},"_links":{"self":[{"href":"https:\/\/nordicmart.andreevmaster.com\/sv\/wp-json\/wp\/v2\/product\/17670","targetHints":{"allow":["GET"]}}],"collection":[{"href":"https:\/\/nordicmart.andreevmaster.com\/sv\/wp-json\/wp\/v2\/product"}],"about":[{"href":"https:\/\/nordicmart.andreevmaster.com\/sv\/wp-json\/wp\/v2\/types\/product"}],"replies":[{"embeddable":true,"href":"https:\/\/nordicmart.andreevmaster.com\/sv\/wp-json\/wp\/v2\/comments?post=17670"}],"wp:featuredmedia":[{"embeddable":true,"href":"https:\/\/nordicmart.andreevmaster.com\/sv\/wp-json\/wp\/v2\/media\/44988"}],"wp:attachment":[{"href":"https:\/\/nordicmart.andreevmaster.com\/sv\/wp-json\/wp\/v2\/media?parent=17670"}],"wp:term":[{"taxonomy":"product_brand","embeddable":true,"href":"https:\/\/nordicmart.andreevmaster.com\/sv\/wp-json\/wp\/v2\/product_brand?post=17670"},{"taxonomy":"product_cat","embeddable":true,"href":"https:\/\/nordicmart.andreevmaster.com\/sv\/wp-json\/wp\/v2\/product_cat?post=17670"},{"taxonomy":"product_tag","embeddable":true,"href":"https:\/\/nordicmart.andreevmaster.com\/sv\/wp-json\/wp\/v2\/product_tag?post=17670"}],"curies":[{"name":"wp","href":"https:\/\/api.w.org\/{rel}","templated":true}]}}