{"id":17669,"date":"2026-02-27T00:36:04","date_gmt":"2026-02-27T00:36:04","guid":{"rendered":"https:\/\/nordicmart.andreevmaster.com\/product\/massingskompass-med-kedja-i-laderetui-com-0470a\/"},"modified":"2026-02-27T08:25:29","modified_gmt":"2026-02-27T08:25:29","slug":"massingskompass-med-kedja-i-laderetui-com-0470a","status":"publish","type":"product","link":"https:\/\/nordicmart.andreevmaster.com\/sv\/produkt\/massingskompass-med-kedja-i-laderetui-com-0470a\/","title":{"rendered":"M\u00e4ssingskompass med kedja i l\u00e4deretui \u2013 Com-0470A"},"content":{"rendered":"<p>M\u00e4ssingskompass med kedja i l\u00e4deretui &#8211; Com-0470A&nbsp;&nbsp;&nbsp;Kompass p\u00e5 kedja \u00e4r en utm\u00e4rkt pryl f\u00f6r resen\u00e4rer eller \u00f6verlevnadssugna. &nbsp;Kompassen \u00e4r tillverkad av m\u00e4ssing. Kompassskivan har en estetisk f\u00e4rgskala i guld och svart. Magnetisk n\u00e5l med r\u00f6d spets som visar norr.&nbsp;Kompassen f\u00f6rvaras i ett dekorativt l\u00e4derfodral.&nbsp;&nbsp;&nbsp;Produktinformation:&nbsp;M\u00e5tt: kompassdiameter 5 cmKedjel\u00e4ngd: 40 cmMaterial: m\u00e4ssingF\u00e4rg: m\u00e4ssingSkydd: m\u00e4ssing med svart text&nbsp;L\u00e4derfodral:&nbsp;M\u00e5tt: 6 x 6 x 3 cmMaterial: l\u00e4der&nbsp;<\/p>\n","protected":false},"excerpt":{"rendered":"<p>M\u00e4ssingskompass med kedja i l\u00e4deretui &#8211; Com-0470A&nbsp;&nbsp;&nbsp;Kompass p\u00e5 kedja \u00e4r en utm\u00e4rkt pryl f\u00f6r resen\u00e4rer eller \u00f6verlevnadssugna. &nbsp;Kompassen \u00e4r tillverkad av m\u00e4ssing. Kompassskivan har en estetisk f\u00e4rgskala i guld och svart. Magnetisk n\u00e5l med r\u00f6d spets som visar norr.&nbsp;Kompassen f\u00f6rvaras i ett dekorativt l\u00e4derfodral.&nbsp;&nbsp;&nbsp;Produktinformation:&nbsp;M\u00e5tt: kompassdiameter 5 cmKedjel\u00e4ngd: 40 cmMaterial: m\u00e4ssingF\u00e4rg: m\u00e4ssingSkydd: m\u00e4ssing med svart text&nbsp;L\u00e4derfodral:&nbsp;M\u00e5tt: [&hellip;]<\/p>\n","protected":false},"featured_media":44987,"comment_status":"open","ping_status":"closed","template":"","meta":[],"product_brand":[],"product_cat":[33],"product_tag":[],"class_list":{"0":"post-17669","1":"product","2":"type-product","3":"status-publish","4":"has-post-thumbnail","6":"product_cat-okategoriserad","8":"first","9":"instock","10":"shipping-taxable","11":"purchasable","12":"product-type-simple"},"_links":{"self":[{"href":"https:\/\/nordicmart.andreevmaster.com\/sv\/wp-json\/wp\/v2\/product\/17669","targetHints":{"allow":["GET"]}}],"collection":[{"href":"https:\/\/nordicmart.andreevmaster.com\/sv\/wp-json\/wp\/v2\/product"}],"about":[{"href":"https:\/\/nordicmart.andreevmaster.com\/sv\/wp-json\/wp\/v2\/types\/product"}],"replies":[{"embeddable":true,"href":"https:\/\/nordicmart.andreevmaster.com\/sv\/wp-json\/wp\/v2\/comments?post=17669"}],"wp:featuredmedia":[{"embeddable":true,"href":"https:\/\/nordicmart.andreevmaster.com\/sv\/wp-json\/wp\/v2\/media\/44987"}],"wp:attachment":[{"href":"https:\/\/nordicmart.andreevmaster.com\/sv\/wp-json\/wp\/v2\/media?parent=17669"}],"wp:term":[{"taxonomy":"product_brand","embeddable":true,"href":"https:\/\/nordicmart.andreevmaster.com\/sv\/wp-json\/wp\/v2\/product_brand?post=17669"},{"taxonomy":"product_cat","embeddable":true,"href":"https:\/\/nordicmart.andreevmaster.com\/sv\/wp-json\/wp\/v2\/product_cat?post=17669"},{"taxonomy":"product_tag","embeddable":true,"href":"https:\/\/nordicmart.andreevmaster.com\/sv\/wp-json\/wp\/v2\/product_tag?post=17669"}],"curies":[{"name":"wp","href":"https:\/\/api.w.org\/{rel}","templated":true}]}}