{"id":17668,"date":"2026-02-27T00:36:04","date_gmt":"2026-02-27T00:36:04","guid":{"rendered":"https:\/\/nordicmart.andreevmaster.com\/product\/massingskompass-dollond-i-tralada-sd14-2-5\/"},"modified":"2026-02-27T08:25:29","modified_gmt":"2026-02-27T08:25:29","slug":"massingskompass-dollond-i-tralada-sd14-2-5","status":"publish","type":"product","link":"https:\/\/nordicmart.andreevmaster.com\/sv\/produkt\/massingskompass-dollond-i-tralada-sd14-2-5\/","title":{"rendered":"M\u00e4ssingskompass Dollond i tr\u00e4l\u00e5da &#8211; SD14\/2.5"},"content":{"rendered":"<p>M\u00e4ssingskompass Dollond i tr\u00e4l\u00e5da &#8211; SD14\/2.5&nbsp;&nbsp;&nbsp;M\u00e4ssingskompass i tr\u00e4l\u00e5da \u00e4r inte bara en praktisk present, utan fungerar ocks\u00e5 utm\u00e4rkt som inredningsdetalj. Kompassen \u00e4r stiliserad som en gammal kompass, vilket ger den en unik karakt\u00e4r.&nbsp;Den \u00e4r en utm\u00e4rkt present till j\u00e4gare, sj\u00f6m\u00e4n eller resen\u00e4rer, men kan ocks\u00e5 vara en fantastisk present till en kollega eller chef \u2013 som en kompass som symboliserar att g\u00e5 i r\u00e4tt riktning.&nbsp;&nbsp;&nbsp;Produktinformation:&nbsp;Material: m\u00e4ssing, tr\u00e4 Kompassens m\u00e5tt: 7,5 x 7,5 x 3 cm L\u00e5dans m\u00e5tt: 11 x 9,5 x 4,5 cm&nbsp;<\/p>\n","protected":false},"excerpt":{"rendered":"<p>M\u00e4ssingskompass Dollond i tr\u00e4l\u00e5da &#8211; SD14\/2.5&nbsp;&nbsp;&nbsp;M\u00e4ssingskompass i tr\u00e4l\u00e5da \u00e4r inte bara en praktisk present, utan fungerar ocks\u00e5 utm\u00e4rkt som inredningsdetalj. Kompassen \u00e4r stiliserad som en gammal kompass, vilket ger den en unik karakt\u00e4r.&nbsp;Den \u00e4r en utm\u00e4rkt present till j\u00e4gare, sj\u00f6m\u00e4n eller resen\u00e4rer, men kan ocks\u00e5 vara en fantastisk present till en kollega eller chef \u2013 [&hellip;]<\/p>\n","protected":false},"featured_media":44986,"comment_status":"open","ping_status":"closed","template":"","meta":[],"product_brand":[],"product_cat":[33],"product_tag":[],"class_list":{"0":"post-17668","1":"product","2":"type-product","3":"status-publish","4":"has-post-thumbnail","6":"product_cat-okategoriserad","8":"first","9":"instock","10":"shipping-taxable","11":"purchasable","12":"product-type-simple"},"_links":{"self":[{"href":"https:\/\/nordicmart.andreevmaster.com\/sv\/wp-json\/wp\/v2\/product\/17668","targetHints":{"allow":["GET"]}}],"collection":[{"href":"https:\/\/nordicmart.andreevmaster.com\/sv\/wp-json\/wp\/v2\/product"}],"about":[{"href":"https:\/\/nordicmart.andreevmaster.com\/sv\/wp-json\/wp\/v2\/types\/product"}],"replies":[{"embeddable":true,"href":"https:\/\/nordicmart.andreevmaster.com\/sv\/wp-json\/wp\/v2\/comments?post=17668"}],"wp:featuredmedia":[{"embeddable":true,"href":"https:\/\/nordicmart.andreevmaster.com\/sv\/wp-json\/wp\/v2\/media\/44986"}],"wp:attachment":[{"href":"https:\/\/nordicmart.andreevmaster.com\/sv\/wp-json\/wp\/v2\/media?parent=17668"}],"wp:term":[{"taxonomy":"product_brand","embeddable":true,"href":"https:\/\/nordicmart.andreevmaster.com\/sv\/wp-json\/wp\/v2\/product_brand?post=17668"},{"taxonomy":"product_cat","embeddable":true,"href":"https:\/\/nordicmart.andreevmaster.com\/sv\/wp-json\/wp\/v2\/product_cat?post=17668"},{"taxonomy":"product_tag","embeddable":true,"href":"https:\/\/nordicmart.andreevmaster.com\/sv\/wp-json\/wp\/v2\/product_tag?post=17668"}],"curies":[{"name":"wp","href":"https:\/\/api.w.org\/{rel}","templated":true}]}}