{"id":17667,"date":"2026-02-27T00:36:04","date_gmt":"2026-02-27T00:36:04","guid":{"rendered":"https:\/\/nordicmart.andreevmaster.com\/product\/stor-exklusiv-sextant-i-tralada-nsh73-6\/"},"modified":"2026-02-27T08:25:29","modified_gmt":"2026-02-27T08:25:29","slug":"stor-exklusiv-sextant-i-tralada-nsh73-6","status":"publish","type":"product","link":"https:\/\/nordicmart.andreevmaster.com\/sv\/produkt\/stor-exklusiv-sextant-i-tralada-nsh73-6\/","title":{"rendered":"Stor exklusiv sextant i tr\u00e4l\u00e5da \u2013 NSH73\/6"},"content":{"rendered":"<p>Stor exklusiv sextant i tr\u00e4l\u00e5da \u2013 NSH73\/6&nbsp;&nbsp;Elegant sextant i m\u00e4ssing i tr\u00e4l\u00e5da. En perfekt present till en sj\u00f6man eller en originell dekoration i nautisk stil.&nbsp;&nbsp;Produktinformation:&nbsp;Sextantens m\u00e5tt: 21 x 16 x 8 cmMaterial: m\u00e4ssing, tr\u00e4Elegant tr\u00e4l\u00e5daL\u00e5dans m\u00e5tt: 20 x 20 x 11 cm&nbsp;&nbsp;Sextant \u2013 ett verktyg f\u00f6r navigat\u00f6rer och astronomer&nbsp;Sextanten \u00e4r ett optiskt m\u00e4tinstrument som anv\u00e4ndes f\u00f6r att m\u00e4ta vertikala och horisontella vinklar. Den uppfanns 1731 av John Hadley och blev ett oumb\u00e4rligt verktyg f\u00f6r navigat\u00f6rer och astronomer.&nbsp;<\/p>\n","protected":false},"excerpt":{"rendered":"<p>Stor exklusiv sextant i tr\u00e4l\u00e5da \u2013 NSH73\/6&nbsp;&nbsp;Elegant sextant i m\u00e4ssing i tr\u00e4l\u00e5da. En perfekt present till en sj\u00f6man eller en originell dekoration i nautisk stil.&nbsp;&nbsp;Produktinformation:&nbsp;Sextantens m\u00e5tt: 21 x 16 x 8 cmMaterial: m\u00e4ssing, tr\u00e4Elegant tr\u00e4l\u00e5daL\u00e5dans m\u00e5tt: 20 x 20 x 11 cm&nbsp;&nbsp;Sextant \u2013 ett verktyg f\u00f6r navigat\u00f6rer och astronomer&nbsp;Sextanten \u00e4r ett optiskt m\u00e4tinstrument som anv\u00e4ndes [&hellip;]<\/p>\n","protected":false},"featured_media":44985,"comment_status":"open","ping_status":"closed","template":"","meta":[],"product_brand":[],"product_cat":[33],"product_tag":[],"class_list":{"0":"post-17667","1":"product","2":"type-product","3":"status-publish","4":"has-post-thumbnail","6":"product_cat-okategoriserad","8":"first","9":"instock","10":"shipping-taxable","11":"purchasable","12":"product-type-simple"},"_links":{"self":[{"href":"https:\/\/nordicmart.andreevmaster.com\/sv\/wp-json\/wp\/v2\/product\/17667","targetHints":{"allow":["GET"]}}],"collection":[{"href":"https:\/\/nordicmart.andreevmaster.com\/sv\/wp-json\/wp\/v2\/product"}],"about":[{"href":"https:\/\/nordicmart.andreevmaster.com\/sv\/wp-json\/wp\/v2\/types\/product"}],"replies":[{"embeddable":true,"href":"https:\/\/nordicmart.andreevmaster.com\/sv\/wp-json\/wp\/v2\/comments?post=17667"}],"wp:featuredmedia":[{"embeddable":true,"href":"https:\/\/nordicmart.andreevmaster.com\/sv\/wp-json\/wp\/v2\/media\/44985"}],"wp:attachment":[{"href":"https:\/\/nordicmart.andreevmaster.com\/sv\/wp-json\/wp\/v2\/media?parent=17667"}],"wp:term":[{"taxonomy":"product_brand","embeddable":true,"href":"https:\/\/nordicmart.andreevmaster.com\/sv\/wp-json\/wp\/v2\/product_brand?post=17667"},{"taxonomy":"product_cat","embeddable":true,"href":"https:\/\/nordicmart.andreevmaster.com\/sv\/wp-json\/wp\/v2\/product_cat?post=17667"},{"taxonomy":"product_tag","embeddable":true,"href":"https:\/\/nordicmart.andreevmaster.com\/sv\/wp-json\/wp\/v2\/product_tag?post=17667"}],"curies":[{"name":"wp","href":"https:\/\/api.w.org\/{rel}","templated":true}]}}