{"id":17666,"date":"2026-02-27T00:36:04","date_gmt":"2026-02-27T00:36:04","guid":{"rendered":"https:\/\/nordicmart.andreevmaster.com\/product\/sextant-i-laderfodral-nslb72-4\/"},"modified":"2026-02-27T08:25:29","modified_gmt":"2026-02-27T08:25:29","slug":"sextant-i-laderfodral-nslb72-4","status":"publish","type":"product","link":"https:\/\/nordicmart.andreevmaster.com\/sv\/produkt\/sextant-i-laderfodral-nslb72-4\/","title":{"rendered":"Sextant i l\u00e4derfodral \u2013 NSLB72\/4"},"content":{"rendered":"<p>Sextant i l\u00e4derfodral \u2013 NSLB72\/4&nbsp;&nbsp;Sextanten \u00e4r ett navigationsinstrument som anv\u00e4nds f\u00f6r att m\u00e4ta horisontella och vertikala vinklar. Sextanten \u00e4r en anordning som fr\u00e4mst anv\u00e4nds inom segling \u2013 sj\u00f6m\u00e4n l\u00e4r sig fortfarande hur man anv\u00e4nder den, s\u00e5 att de i h\u00e4ndelse av GPS-fel kan best\u00e4mma fartygets position utifr\u00e5n observationer och m\u00e4tningar av himlakroppar. &nbsp;Sextant i l\u00e4derfodral \u00e4r en utm\u00e4rkt presentid\u00e9 f\u00f6r sj\u00f6m\u00e4n och astronomer. Det blir en vacker dekoration f\u00f6r arbetsrummet, kontoret eller stugan.&nbsp;&nbsp;Produktinformation:&nbsp;Sextantens m\u00e5tt: 18 x 13 x 6 cmMaterial: m\u00e4ssing, glas, l\u00e4derYtbehandling: antikPresentf\u00f6rpackning: l\u00e4derfodralL\u00e4derfodralets m\u00e5tt: 15 x 14 x 7 cm&nbsp;<\/p>\n","protected":false},"excerpt":{"rendered":"<p>Sextant i l\u00e4derfodral \u2013 NSLB72\/4&nbsp;&nbsp;Sextanten \u00e4r ett navigationsinstrument som anv\u00e4nds f\u00f6r att m\u00e4ta horisontella och vertikala vinklar. Sextanten \u00e4r en anordning som fr\u00e4mst anv\u00e4nds inom segling \u2013 sj\u00f6m\u00e4n l\u00e4r sig fortfarande hur man anv\u00e4nder den, s\u00e5 att de i h\u00e4ndelse av GPS-fel kan best\u00e4mma fartygets position utifr\u00e5n observationer och m\u00e4tningar av himlakroppar. &nbsp;Sextant i l\u00e4derfodral [&hellip;]<\/p>\n","protected":false},"featured_media":44984,"comment_status":"open","ping_status":"closed","template":"","meta":[],"product_brand":[],"product_cat":[33],"product_tag":[],"class_list":{"0":"post-17666","1":"product","2":"type-product","3":"status-publish","4":"has-post-thumbnail","6":"product_cat-okategoriserad","8":"first","9":"instock","10":"shipping-taxable","11":"purchasable","12":"product-type-simple"},"_links":{"self":[{"href":"https:\/\/nordicmart.andreevmaster.com\/sv\/wp-json\/wp\/v2\/product\/17666","targetHints":{"allow":["GET"]}}],"collection":[{"href":"https:\/\/nordicmart.andreevmaster.com\/sv\/wp-json\/wp\/v2\/product"}],"about":[{"href":"https:\/\/nordicmart.andreevmaster.com\/sv\/wp-json\/wp\/v2\/types\/product"}],"replies":[{"embeddable":true,"href":"https:\/\/nordicmart.andreevmaster.com\/sv\/wp-json\/wp\/v2\/comments?post=17666"}],"wp:featuredmedia":[{"embeddable":true,"href":"https:\/\/nordicmart.andreevmaster.com\/sv\/wp-json\/wp\/v2\/media\/44984"}],"wp:attachment":[{"href":"https:\/\/nordicmart.andreevmaster.com\/sv\/wp-json\/wp\/v2\/media?parent=17666"}],"wp:term":[{"taxonomy":"product_brand","embeddable":true,"href":"https:\/\/nordicmart.andreevmaster.com\/sv\/wp-json\/wp\/v2\/product_brand?post=17666"},{"taxonomy":"product_cat","embeddable":true,"href":"https:\/\/nordicmart.andreevmaster.com\/sv\/wp-json\/wp\/v2\/product_cat?post=17666"},{"taxonomy":"product_tag","embeddable":true,"href":"https:\/\/nordicmart.andreevmaster.com\/sv\/wp-json\/wp\/v2\/product_tag?post=17666"}],"curies":[{"name":"wp","href":"https:\/\/api.w.org\/{rel}","templated":true}]}}