{"id":17665,"date":"2026-02-27T00:36:03","date_gmt":"2026-02-27T00:36:03","guid":{"rendered":"https:\/\/nordicmart.andreevmaster.com\/product\/oljelampa-retro-nautisk-massing-sl10\/"},"modified":"2026-02-27T08:25:29","modified_gmt":"2026-02-27T08:25:29","slug":"oljelampa-retro-nautisk-massing-sl10","status":"publish","type":"product","link":"https:\/\/nordicmart.andreevmaster.com\/sv\/produkt\/oljelampa-retro-nautisk-massing-sl10\/","title":{"rendered":"Oljelampa Retro &#8211; Nautisk &#8211; M\u00e4ssing &#8211; SL10"},"content":{"rendered":"<p>Oljelampa Retro &#8211; Nautisk &#8211; M\u00e4ssing &#8211; SL10&nbsp;&nbsp;Oljelampa i m\u00e4ssing i retrostil \u00e4r det perfekta tillskottet till inredningar i maritim stil. Fotogenlampan \u00e4r en tidl\u00f6s present som kommer att gl\u00e4dja alla som \u00e4lskar marin atmosf\u00e4r. Tillverkad av m\u00e4ssing.&nbsp;&nbsp;Produktinformation:&nbsp;Material: m\u00e4ssing, glasM\u00e5tt: H\u00f6jd 26 cm x Diameter 15 cmF\u00e4rg: guldStil: marin, vintageOljelampa, \u00f6ppnas uppifr\u00e5n.Perfekt komplement till marininspirerade interi\u00f6rer&nbsp;<\/p>\n","protected":false},"excerpt":{"rendered":"<p>Oljelampa Retro &#8211; Nautisk &#8211; M\u00e4ssing &#8211; SL10&nbsp;&nbsp;Oljelampa i m\u00e4ssing i retrostil \u00e4r det perfekta tillskottet till inredningar i maritim stil. Fotogenlampan \u00e4r en tidl\u00f6s present som kommer att gl\u00e4dja alla som \u00e4lskar marin atmosf\u00e4r. Tillverkad av m\u00e4ssing.&nbsp;&nbsp;Produktinformation:&nbsp;Material: m\u00e4ssing, glasM\u00e5tt: H\u00f6jd 26 cm x Diameter 15 cmF\u00e4rg: guldStil: marin, vintageOljelampa, \u00f6ppnas uppifr\u00e5n.Perfekt komplement till marininspirerade [&hellip;]<\/p>\n","protected":false},"featured_media":44983,"comment_status":"open","ping_status":"closed","template":"","meta":[],"product_brand":[],"product_cat":[33],"product_tag":[],"class_list":{"0":"post-17665","1":"product","2":"type-product","3":"status-publish","4":"has-post-thumbnail","6":"product_cat-okategoriserad","8":"first","9":"instock","10":"shipping-taxable","11":"purchasable","12":"product-type-simple"},"_links":{"self":[{"href":"https:\/\/nordicmart.andreevmaster.com\/sv\/wp-json\/wp\/v2\/product\/17665","targetHints":{"allow":["GET"]}}],"collection":[{"href":"https:\/\/nordicmart.andreevmaster.com\/sv\/wp-json\/wp\/v2\/product"}],"about":[{"href":"https:\/\/nordicmart.andreevmaster.com\/sv\/wp-json\/wp\/v2\/types\/product"}],"replies":[{"embeddable":true,"href":"https:\/\/nordicmart.andreevmaster.com\/sv\/wp-json\/wp\/v2\/comments?post=17665"}],"wp:featuredmedia":[{"embeddable":true,"href":"https:\/\/nordicmart.andreevmaster.com\/sv\/wp-json\/wp\/v2\/media\/44983"}],"wp:attachment":[{"href":"https:\/\/nordicmart.andreevmaster.com\/sv\/wp-json\/wp\/v2\/media?parent=17665"}],"wp:term":[{"taxonomy":"product_brand","embeddable":true,"href":"https:\/\/nordicmart.andreevmaster.com\/sv\/wp-json\/wp\/v2\/product_brand?post=17665"},{"taxonomy":"product_cat","embeddable":true,"href":"https:\/\/nordicmart.andreevmaster.com\/sv\/wp-json\/wp\/v2\/product_cat?post=17665"},{"taxonomy":"product_tag","embeddable":true,"href":"https:\/\/nordicmart.andreevmaster.com\/sv\/wp-json\/wp\/v2\/product_tag?post=17665"}],"curies":[{"name":"wp","href":"https:\/\/api.w.org\/{rel}","templated":true}]}}