{"id":17664,"date":"2026-02-27T00:36:03","date_gmt":"2026-02-27T00:36:03","guid":{"rendered":"https:\/\/nordicmart.andreevmaster.com\/product\/nautisk-retro-lampa-sl9\/"},"modified":"2026-02-27T08:25:28","modified_gmt":"2026-02-27T08:25:28","slug":"nautisk-retro-lampa-sl9","status":"publish","type":"product","link":"https:\/\/nordicmart.andreevmaster.com\/sv\/produkt\/nautisk-retro-lampa-sl9\/","title":{"rendered":"Nautisk retro-lampa \u2013 SL9"},"content":{"rendered":"<p>Retrolampa i maritim stil \u2013 SL9&nbsp;&nbsp;Retrolampa SL9 i maritim stil \u00e4r en elegant dekoration i maritim stil. Den \u00e4r tillverkad av metall och imiterar utseendet p\u00e5 en gammal oljelampa. Perfekt present till maritim\u00e4lskare.&nbsp;&nbsp;Produktinformation:&nbsp;Material: pl\u00e5t, gjutj\u00e4rn M\u00e5tt: H\u00f6jd 34 cm x Diameter 16 cm F\u00e4rg: stiliserad gammal m\u00e4ssing.Oljelampa, \u00f6ppnas uppifr\u00e5n. Perfekt komplement till inredningar i nautisk stil.&nbsp;<\/p>\n","protected":false},"excerpt":{"rendered":"<p>Retrolampa i maritim stil \u2013 SL9&nbsp;&nbsp;Retrolampa SL9 i maritim stil \u00e4r en elegant dekoration i maritim stil. Den \u00e4r tillverkad av metall och imiterar utseendet p\u00e5 en gammal oljelampa. Perfekt present till maritim\u00e4lskare.&nbsp;&nbsp;Produktinformation:&nbsp;Material: pl\u00e5t, gjutj\u00e4rn M\u00e5tt: H\u00f6jd 34 cm x Diameter 16 cm F\u00e4rg: stiliserad gammal m\u00e4ssing.Oljelampa, \u00f6ppnas uppifr\u00e5n. Perfekt komplement till inredningar i nautisk [&hellip;]<\/p>\n","protected":false},"featured_media":44982,"comment_status":"open","ping_status":"closed","template":"","meta":[],"product_brand":[],"product_cat":[33],"product_tag":[],"class_list":{"0":"post-17664","1":"product","2":"type-product","3":"status-publish","4":"has-post-thumbnail","6":"product_cat-okategoriserad","8":"first","9":"instock","10":"shipping-taxable","11":"purchasable","12":"product-type-simple"},"_links":{"self":[{"href":"https:\/\/nordicmart.andreevmaster.com\/sv\/wp-json\/wp\/v2\/product\/17664","targetHints":{"allow":["GET"]}}],"collection":[{"href":"https:\/\/nordicmart.andreevmaster.com\/sv\/wp-json\/wp\/v2\/product"}],"about":[{"href":"https:\/\/nordicmart.andreevmaster.com\/sv\/wp-json\/wp\/v2\/types\/product"}],"replies":[{"embeddable":true,"href":"https:\/\/nordicmart.andreevmaster.com\/sv\/wp-json\/wp\/v2\/comments?post=17664"}],"wp:featuredmedia":[{"embeddable":true,"href":"https:\/\/nordicmart.andreevmaster.com\/sv\/wp-json\/wp\/v2\/media\/44982"}],"wp:attachment":[{"href":"https:\/\/nordicmart.andreevmaster.com\/sv\/wp-json\/wp\/v2\/media?parent=17664"}],"wp:term":[{"taxonomy":"product_brand","embeddable":true,"href":"https:\/\/nordicmart.andreevmaster.com\/sv\/wp-json\/wp\/v2\/product_brand?post=17664"},{"taxonomy":"product_cat","embeddable":true,"href":"https:\/\/nordicmart.andreevmaster.com\/sv\/wp-json\/wp\/v2\/product_cat?post=17664"},{"taxonomy":"product_tag","embeddable":true,"href":"https:\/\/nordicmart.andreevmaster.com\/sv\/wp-json\/wp\/v2\/product_tag?post=17664"}],"curies":[{"name":"wp","href":"https:\/\/api.w.org\/{rel}","templated":true}]}}