{"id":17663,"date":"2026-02-27T00:36:03","date_gmt":"2026-02-27T00:36:03","guid":{"rendered":"https:\/\/nordicmart.andreevmaster.com\/product\/cyklist-figur-vb26-9\/"},"modified":"2026-02-27T08:25:28","modified_gmt":"2026-02-27T08:25:28","slug":"cyklist-figur-vb26-9","status":"publish","type":"product","link":"https:\/\/nordicmart.andreevmaster.com\/sv\/produkt\/cyklist-figur-vb26-9\/","title":{"rendered":"Cyklist &#8211; figur &#8211; VB26\/9"},"content":{"rendered":"<p>Cyklist &#8211; figur &#8211; VB26\/9&nbsp;&nbsp;Cyklistfiguren \u00e4r en presentid\u00e9 f\u00f6r cykelentusiaster. Figuren har en modern, minimalistisk form och passar som dekoration i b\u00e5de klassiska och industriella rum.&nbsp;Den \u00e4r en elegant present till cyklister och fans av cykelt\u00e4vlingar och cykelturer.&nbsp;&nbsp;&nbsp;Produktinformation:&nbsp;Material: metallBas: tr\u00e4 F\u00e4rg: m\u00e4ssing, svart M\u00e5tt: H\u00f6jd 18 cm x Bredd 19 cm x Djup 8 cm&nbsp;<\/p>\n","protected":false},"excerpt":{"rendered":"<p>Cyklist &#8211; figur &#8211; VB26\/9&nbsp;&nbsp;Cyklistfiguren \u00e4r en presentid\u00e9 f\u00f6r cykelentusiaster. Figuren har en modern, minimalistisk form och passar som dekoration i b\u00e5de klassiska och industriella rum.&nbsp;Den \u00e4r en elegant present till cyklister och fans av cykelt\u00e4vlingar och cykelturer.&nbsp;&nbsp;&nbsp;Produktinformation:&nbsp;Material: metallBas: tr\u00e4 F\u00e4rg: m\u00e4ssing, svart M\u00e5tt: H\u00f6jd 18 cm x Bredd 19 cm x Djup 8 cm&nbsp;<\/p>\n","protected":false},"featured_media":44981,"comment_status":"open","ping_status":"closed","template":"","meta":[],"product_brand":[],"product_cat":[33],"product_tag":[],"class_list":{"0":"post-17663","1":"product","2":"type-product","3":"status-publish","4":"has-post-thumbnail","6":"product_cat-okategoriserad","8":"first","9":"instock","10":"shipping-taxable","11":"purchasable","12":"product-type-simple"},"_links":{"self":[{"href":"https:\/\/nordicmart.andreevmaster.com\/sv\/wp-json\/wp\/v2\/product\/17663","targetHints":{"allow":["GET"]}}],"collection":[{"href":"https:\/\/nordicmart.andreevmaster.com\/sv\/wp-json\/wp\/v2\/product"}],"about":[{"href":"https:\/\/nordicmart.andreevmaster.com\/sv\/wp-json\/wp\/v2\/types\/product"}],"replies":[{"embeddable":true,"href":"https:\/\/nordicmart.andreevmaster.com\/sv\/wp-json\/wp\/v2\/comments?post=17663"}],"wp:featuredmedia":[{"embeddable":true,"href":"https:\/\/nordicmart.andreevmaster.com\/sv\/wp-json\/wp\/v2\/media\/44981"}],"wp:attachment":[{"href":"https:\/\/nordicmart.andreevmaster.com\/sv\/wp-json\/wp\/v2\/media?parent=17663"}],"wp:term":[{"taxonomy":"product_brand","embeddable":true,"href":"https:\/\/nordicmart.andreevmaster.com\/sv\/wp-json\/wp\/v2\/product_brand?post=17663"},{"taxonomy":"product_cat","embeddable":true,"href":"https:\/\/nordicmart.andreevmaster.com\/sv\/wp-json\/wp\/v2\/product_cat?post=17663"},{"taxonomy":"product_tag","embeddable":true,"href":"https:\/\/nordicmart.andreevmaster.com\/sv\/wp-json\/wp\/v2\/product_tag?post=17663"}],"curies":[{"name":"wp","href":"https:\/\/api.w.org\/{rel}","templated":true}]}}