{"id":17662,"date":"2026-02-27T00:36:03","date_gmt":"2026-02-27T00:36:03","guid":{"rendered":"https:\/\/nordicmart.andreevmaster.com\/product\/astrolabium-i-massing-hojd-21-cm-amg140\/"},"modified":"2026-02-27T08:25:28","modified_gmt":"2026-02-27T08:25:28","slug":"astrolabium-i-massing-hojd-21-cm-amg140","status":"publish","type":"product","link":"https:\/\/nordicmart.andreevmaster.com\/sv\/produkt\/astrolabium-i-massing-hojd-21-cm-amg140\/","title":{"rendered":"Astrolabium i m\u00e4ssing \u2013 H\u00f6jd 21 cm \u2013 AMG140"},"content":{"rendered":"<p>Astrolabium i m\u00e4ssing \u2013 H\u00f6jd 21 cm \u2013 AMG140&nbsp;&nbsp;&nbsp;Elegant astrolabium i m\u00e4ssing p\u00e5 tr\u00e4bas. Astrolabiet \u00e4r ett astronomiskt instrument som symboliserar m\u00e4nniskans nyfikenhet, vetenskapliga ambitioner och str\u00e4van att f\u00f6rst\u00e5 universum. Perfekt som present till astronomiintresserade eller som en originell dekoration i arbetsrummet eller vardagsrummet.&nbsp;&nbsp;&nbsp;Produktinformation:&nbsp;Material: m\u00e4ssing, tr\u00e4F\u00e4rg: guldM\u00e5tt: h\u00f6jd 21 cm, diameter 14 cm&nbsp;&nbsp;Perfekt som:&nbsp;Present till en astrofysikerPresent till en vetenskapsentusiastSnygg dekoration f\u00f6r ett arbetsrumDekoration f\u00f6r vardagsrummet hos en rymdentusiastPresent till en l\u00e4rare&nbsp;<\/p>\n","protected":false},"excerpt":{"rendered":"<p>Astrolabium i m\u00e4ssing \u2013 H\u00f6jd 21 cm \u2013 AMG140&nbsp;&nbsp;&nbsp;Elegant astrolabium i m\u00e4ssing p\u00e5 tr\u00e4bas. Astrolabiet \u00e4r ett astronomiskt instrument som symboliserar m\u00e4nniskans nyfikenhet, vetenskapliga ambitioner och str\u00e4van att f\u00f6rst\u00e5 universum. Perfekt som present till astronomiintresserade eller som en originell dekoration i arbetsrummet eller vardagsrummet.&nbsp;&nbsp;&nbsp;Produktinformation:&nbsp;Material: m\u00e4ssing, tr\u00e4F\u00e4rg: guldM\u00e5tt: h\u00f6jd 21 cm, diameter 14 cm&nbsp;&nbsp;Perfekt som:&nbsp;Present till [&hellip;]<\/p>\n","protected":false},"featured_media":44980,"comment_status":"open","ping_status":"closed","template":"","meta":[],"product_brand":[],"product_cat":[33],"product_tag":[],"class_list":{"0":"post-17662","1":"product","2":"type-product","3":"status-publish","4":"has-post-thumbnail","6":"product_cat-okategoriserad","8":"first","9":"instock","10":"shipping-taxable","11":"purchasable","12":"product-type-simple"},"_links":{"self":[{"href":"https:\/\/nordicmart.andreevmaster.com\/sv\/wp-json\/wp\/v2\/product\/17662","targetHints":{"allow":["GET"]}}],"collection":[{"href":"https:\/\/nordicmart.andreevmaster.com\/sv\/wp-json\/wp\/v2\/product"}],"about":[{"href":"https:\/\/nordicmart.andreevmaster.com\/sv\/wp-json\/wp\/v2\/types\/product"}],"replies":[{"embeddable":true,"href":"https:\/\/nordicmart.andreevmaster.com\/sv\/wp-json\/wp\/v2\/comments?post=17662"}],"wp:featuredmedia":[{"embeddable":true,"href":"https:\/\/nordicmart.andreevmaster.com\/sv\/wp-json\/wp\/v2\/media\/44980"}],"wp:attachment":[{"href":"https:\/\/nordicmart.andreevmaster.com\/sv\/wp-json\/wp\/v2\/media?parent=17662"}],"wp:term":[{"taxonomy":"product_brand","embeddable":true,"href":"https:\/\/nordicmart.andreevmaster.com\/sv\/wp-json\/wp\/v2\/product_brand?post=17662"},{"taxonomy":"product_cat","embeddable":true,"href":"https:\/\/nordicmart.andreevmaster.com\/sv\/wp-json\/wp\/v2\/product_cat?post=17662"},{"taxonomy":"product_tag","embeddable":true,"href":"https:\/\/nordicmart.andreevmaster.com\/sv\/wp-json\/wp\/v2\/product_tag?post=17662"}],"curies":[{"name":"wp","href":"https:\/\/api.w.org\/{rel}","templated":true}]}}