{"id":17661,"date":"2026-02-27T00:36:02","date_gmt":"2026-02-27T00:36:02","guid":{"rendered":"https:\/\/nordicmart.andreevmaster.com\/product\/minigitarr-taylor-swift-mgt-9064\/"},"modified":"2026-02-27T08:25:28","modified_gmt":"2026-02-27T08:25:28","slug":"minigitarr-taylor-swift-mgt-9064","status":"publish","type":"product","link":"https:\/\/nordicmart.andreevmaster.com\/sv\/produkt\/minigitarr-taylor-swift-mgt-9064\/","title":{"rendered":"Minigitarr &#8211; Taylor Swift &#8211; MGT-9064"},"content":{"rendered":"<p>Minigitarr \u2013 Taylor Swift \u2013 MGT-9064 &nbsp;&nbsp;Produktinformation:&nbsp;HandgjordMaterial: Mahognytr\u00e4M\u00e5tt: h\u00f6jd 24,5 cm Skala 1:4SamlarobjektF\u00f6rpackning: blisterf\u00f6rpackningGitarrstativ ing\u00e5rGitarren kan inte spelas \u2013 den \u00e4r en dekorationsartikelPresent till en Taylor Swift-fan&nbsp;S\u00e4ljaren har ingen anknytning till tillverkare av riktiga instrument eller enskilda artister. Namnen p\u00e5 modeller eller artister \u00e4r exempel. &nbsp;Inget av instrumenten \u00e4r en trogen kopia vad g\u00e4ller proportioner, storlek och design.&nbsp;<\/p>\n","protected":false},"excerpt":{"rendered":"<p>Minigitarr \u2013 Taylor Swift \u2013 MGT-9064 &nbsp;&nbsp;Produktinformation:&nbsp;HandgjordMaterial: Mahognytr\u00e4M\u00e5tt: h\u00f6jd 24,5 cm Skala 1:4SamlarobjektF\u00f6rpackning: blisterf\u00f6rpackningGitarrstativ ing\u00e5rGitarren kan inte spelas \u2013 den \u00e4r en dekorationsartikelPresent till en Taylor Swift-fan&nbsp;S\u00e4ljaren har ingen anknytning till tillverkare av riktiga instrument eller enskilda artister. Namnen p\u00e5 modeller eller artister \u00e4r exempel. &nbsp;Inget av instrumenten \u00e4r en trogen kopia vad g\u00e4ller proportioner, [&hellip;]<\/p>\n","protected":false},"featured_media":44979,"comment_status":"open","ping_status":"closed","template":"","meta":[],"product_brand":[],"product_cat":[33],"product_tag":[],"class_list":{"0":"post-17661","1":"product","2":"type-product","3":"status-publish","4":"has-post-thumbnail","6":"product_cat-okategoriserad","8":"first","9":"instock","10":"shipping-taxable","11":"purchasable","12":"product-type-simple"},"_links":{"self":[{"href":"https:\/\/nordicmart.andreevmaster.com\/sv\/wp-json\/wp\/v2\/product\/17661","targetHints":{"allow":["GET"]}}],"collection":[{"href":"https:\/\/nordicmart.andreevmaster.com\/sv\/wp-json\/wp\/v2\/product"}],"about":[{"href":"https:\/\/nordicmart.andreevmaster.com\/sv\/wp-json\/wp\/v2\/types\/product"}],"replies":[{"embeddable":true,"href":"https:\/\/nordicmart.andreevmaster.com\/sv\/wp-json\/wp\/v2\/comments?post=17661"}],"wp:featuredmedia":[{"embeddable":true,"href":"https:\/\/nordicmart.andreevmaster.com\/sv\/wp-json\/wp\/v2\/media\/44979"}],"wp:attachment":[{"href":"https:\/\/nordicmart.andreevmaster.com\/sv\/wp-json\/wp\/v2\/media?parent=17661"}],"wp:term":[{"taxonomy":"product_brand","embeddable":true,"href":"https:\/\/nordicmart.andreevmaster.com\/sv\/wp-json\/wp\/v2\/product_brand?post=17661"},{"taxonomy":"product_cat","embeddable":true,"href":"https:\/\/nordicmart.andreevmaster.com\/sv\/wp-json\/wp\/v2\/product_cat?post=17661"},{"taxonomy":"product_tag","embeddable":true,"href":"https:\/\/nordicmart.andreevmaster.com\/sv\/wp-json\/wp\/v2\/product_tag?post=17661"}],"curies":[{"name":"wp","href":"https:\/\/api.w.org\/{rel}","templated":true}]}}