{"id":17660,"date":"2026-02-27T00:36:02","date_gmt":"2026-02-27T00:36:02","guid":{"rendered":"https:\/\/nordicmart.andreevmaster.com\/product\/guldfargad-dekorativ-figur-dansare-vir2\/"},"modified":"2026-02-27T08:25:28","modified_gmt":"2026-02-27T08:25:28","slug":"guldfargad-dekorativ-figur-dansare-vir2","status":"publish","type":"product","link":"https:\/\/nordicmart.andreevmaster.com\/sv\/produkt\/guldfargad-dekorativ-figur-dansare-vir2\/","title":{"rendered":"Guldf\u00e4rgad dekorativ figur Dansare VIR2"},"content":{"rendered":"<p>Guldf\u00e4rgad dekorativ figur Dansare VIR2&nbsp;&nbsp;&nbsp;Dans \u00e4r en uttrycksform, det \u00e4r frihet och sublimitet. Ibland \u00e4r det en metafor f\u00f6r himlakropparnas r\u00f6relser, ibland en r\u00f6rande ber\u00e4ttelse som griper tag om hj\u00e4rtat. Dans \u00e4r naturligtvis ett m\u00e5ng\u00e5rigt arbete f\u00f6r att n\u00e5 perfektion, vilket \u00e4r v\u00e4rt att uppskatta. Den dekorativa figuren VIR \u00e4r f\u00f6r dem som l\u00e4mnar sitt hj\u00e4rta p\u00e5 scener och dansgolv. Statyn f\u00f6rest\u00e4ller en dansande kvinna, en ballerina, vars kjol inte p\u00e5 n\u00e5got s\u00e4tt st\u00f6rs. &nbsp;Det \u00e4r en unik present till en dansare, ballerina eller till stj\u00e4rntecknet Jungfrun. Den passar bra som pris till vinnaren av en danst\u00e4vling och kommer att ta en hedersplats i hemmet. &nbsp;&nbsp;Produktinformation: &nbsp;Figur tillverkad av aluminium M\u00e5tt: 28x20x7 cm&nbsp;<\/p>\n","protected":false},"excerpt":{"rendered":"<p>Guldf\u00e4rgad dekorativ figur Dansare VIR2&nbsp;&nbsp;&nbsp;Dans \u00e4r en uttrycksform, det \u00e4r frihet och sublimitet. Ibland \u00e4r det en metafor f\u00f6r himlakropparnas r\u00f6relser, ibland en r\u00f6rande ber\u00e4ttelse som griper tag om hj\u00e4rtat. Dans \u00e4r naturligtvis ett m\u00e5ng\u00e5rigt arbete f\u00f6r att n\u00e5 perfektion, vilket \u00e4r v\u00e4rt att uppskatta. Den dekorativa figuren VIR \u00e4r f\u00f6r dem som l\u00e4mnar sitt [&hellip;]<\/p>\n","protected":false},"featured_media":44978,"comment_status":"open","ping_status":"closed","template":"","meta":[],"product_brand":[],"product_cat":[33],"product_tag":[],"class_list":{"0":"post-17660","1":"product","2":"type-product","3":"status-publish","4":"has-post-thumbnail","6":"product_cat-okategoriserad","8":"first","9":"instock","10":"shipping-taxable","11":"purchasable","12":"product-type-simple"},"_links":{"self":[{"href":"https:\/\/nordicmart.andreevmaster.com\/sv\/wp-json\/wp\/v2\/product\/17660","targetHints":{"allow":["GET"]}}],"collection":[{"href":"https:\/\/nordicmart.andreevmaster.com\/sv\/wp-json\/wp\/v2\/product"}],"about":[{"href":"https:\/\/nordicmart.andreevmaster.com\/sv\/wp-json\/wp\/v2\/types\/product"}],"replies":[{"embeddable":true,"href":"https:\/\/nordicmart.andreevmaster.com\/sv\/wp-json\/wp\/v2\/comments?post=17660"}],"wp:featuredmedia":[{"embeddable":true,"href":"https:\/\/nordicmart.andreevmaster.com\/sv\/wp-json\/wp\/v2\/media\/44978"}],"wp:attachment":[{"href":"https:\/\/nordicmart.andreevmaster.com\/sv\/wp-json\/wp\/v2\/media?parent=17660"}],"wp:term":[{"taxonomy":"product_brand","embeddable":true,"href":"https:\/\/nordicmart.andreevmaster.com\/sv\/wp-json\/wp\/v2\/product_brand?post=17660"},{"taxonomy":"product_cat","embeddable":true,"href":"https:\/\/nordicmart.andreevmaster.com\/sv\/wp-json\/wp\/v2\/product_cat?post=17660"},{"taxonomy":"product_tag","embeddable":true,"href":"https:\/\/nordicmart.andreevmaster.com\/sv\/wp-json\/wp\/v2\/product_tag?post=17660"}],"curies":[{"name":"wp","href":"https:\/\/api.w.org\/{rel}","templated":true}]}}