{"id":17659,"date":"2026-02-27T00:36:02","date_gmt":"2026-02-27T00:36:02","guid":{"rendered":"https:\/\/nordicmart.andreevmaster.com\/product\/jimmy-page-minigitarr-i-ram-fmg-012\/"},"modified":"2026-02-27T08:25:27","modified_gmt":"2026-02-27T08:25:27","slug":"jimmy-page-minigitarr-i-ram-fmg-012","status":"publish","type":"product","link":"https:\/\/nordicmart.andreevmaster.com\/sv\/produkt\/jimmy-page-minigitarr-i-ram-fmg-012\/","title":{"rendered":"Jimmy Page minigitarr i ram FMG-012"},"content":{"rendered":"<p>Jimmy Page minigitarr i ram FMG-012&nbsp;En minigitarr inspirerad av Jimmy Page fr\u00e5n Led Zeppelin \u00e4r en musikalisk pryl som kommer att tilltala fans av det legendariska brittiska bandet. Det \u00e4r en perfekt present till en h\u00e5rdrocks\u00e4lskare, en present till en Zeppelin-fan eller en pryl f\u00f6r en gitarrvirtuos. Ramen med gitarren kan b\u00e5de h\u00e4ngas p\u00e5 v\u00e4ggen och placeras p\u00e5 skrivbordet.&nbsp;Minigitarren \u00e4r tillverkad av st\u00e5l. Tr\u00e4ram. Samlarobjekt. Gitarren \u00e4r inte en leksak. Kan inte spelas.&nbsp;Mini Jimmy Page inramad gitarr FMG-012 specifikation:&nbsp;&bull; Ramens m\u00e5tt: 1,3 cm x 16 cm x 21,4 cm&bull; Material: tr\u00e4, st\u00e5l (gitarr)&bull; F\u00e4rg: flerf\u00e4rgad&bull; Ramen kan h\u00e4ngas upp eller st\u00e4llas upp.&nbsp;Jimmy Page minigitarr i ram \u00e4r perfekt som:&nbsp;&bull; Present till en Led Zeppelin-fan&bull; Gadget f\u00f6r gitarristen&bull; Present till en gitarrvirtuos&bull; Musikalisk v\u00e4ggdekoration&bull; Musikalisk dekoration f\u00f6r skrivbordet&nbsp;Observera! S\u00e4ljaren har ingen anknytning till tillverkare av riktiga instrument eller enskilda artister. Modellernas namn eller artistnamnen \u00e4r exempel. K\u00e4nda namn anv\u00e4nds endast f\u00f6r att visa en viss musikstil. Inget av instrumenten \u00e4r en exakt kopia vad g\u00e4ller proportioner, storlek och design.&nbsp;&nbsp;<\/p>\n","protected":false},"excerpt":{"rendered":"<p>Jimmy Page minigitarr i ram FMG-012&nbsp;En minigitarr inspirerad av Jimmy Page fr\u00e5n Led Zeppelin \u00e4r en musikalisk pryl som kommer att tilltala fans av det legendariska brittiska bandet. Det \u00e4r en perfekt present till en h\u00e5rdrocks\u00e4lskare, en present till en Zeppelin-fan eller en pryl f\u00f6r en gitarrvirtuos. Ramen med gitarren kan b\u00e5de h\u00e4ngas p\u00e5 v\u00e4ggen [&hellip;]<\/p>\n","protected":false},"featured_media":44977,"comment_status":"open","ping_status":"closed","template":"","meta":[],"product_brand":[],"product_cat":[33],"product_tag":[],"class_list":{"0":"post-17659","1":"product","2":"type-product","3":"status-publish","4":"has-post-thumbnail","6":"product_cat-okategoriserad","8":"first","9":"instock","10":"shipping-taxable","11":"purchasable","12":"product-type-simple"},"_links":{"self":[{"href":"https:\/\/nordicmart.andreevmaster.com\/sv\/wp-json\/wp\/v2\/product\/17659","targetHints":{"allow":["GET"]}}],"collection":[{"href":"https:\/\/nordicmart.andreevmaster.com\/sv\/wp-json\/wp\/v2\/product"}],"about":[{"href":"https:\/\/nordicmart.andreevmaster.com\/sv\/wp-json\/wp\/v2\/types\/product"}],"replies":[{"embeddable":true,"href":"https:\/\/nordicmart.andreevmaster.com\/sv\/wp-json\/wp\/v2\/comments?post=17659"}],"wp:featuredmedia":[{"embeddable":true,"href":"https:\/\/nordicmart.andreevmaster.com\/sv\/wp-json\/wp\/v2\/media\/44977"}],"wp:attachment":[{"href":"https:\/\/nordicmart.andreevmaster.com\/sv\/wp-json\/wp\/v2\/media?parent=17659"}],"wp:term":[{"taxonomy":"product_brand","embeddable":true,"href":"https:\/\/nordicmart.andreevmaster.com\/sv\/wp-json\/wp\/v2\/product_brand?post=17659"},{"taxonomy":"product_cat","embeddable":true,"href":"https:\/\/nordicmart.andreevmaster.com\/sv\/wp-json\/wp\/v2\/product_cat?post=17659"},{"taxonomy":"product_tag","embeddable":true,"href":"https:\/\/nordicmart.andreevmaster.com\/sv\/wp-json\/wp\/v2\/product_tag?post=17659"}],"curies":[{"name":"wp","href":"https:\/\/api.w.org\/{rel}","templated":true}]}}