{"id":17656,"date":"2026-02-27T00:36:01","date_gmt":"2026-02-27T00:36:01","guid":{"rendered":"https:\/\/nordicmart.andreevmaster.com\/product\/gulddekoration-fjader-307-cm-43933fjh\/"},"modified":"2026-02-27T08:25:27","modified_gmt":"2026-02-27T08:25:27","slug":"gulddekoration-fjader-307-cm-43933fjh","status":"publish","type":"product","link":"https:\/\/nordicmart.andreevmaster.com\/sv\/produkt\/gulddekoration-fjader-307-cm-43933fjh\/","title":{"rendered":"Gulddekoration \u2013 Fj\u00e4der \u2013 30,7 cm \u2013 43933FJH"},"content":{"rendered":"<p>Gulddekoration \u2013 Fj\u00e4der \u2013 30,7 cm \u2013 43933FJH&nbsp;&nbsp;Elegant guldfj\u00e4der som ger en chic touch till alla interi\u00f6rer. Perfekt f\u00f6r dig som uppskattar originella dekorationer. Den passar perfekt i alla moderna interi\u00f6rer.&nbsp;&nbsp;Produktinformation:&nbsp;M\u00e5tt: 8 x 7,6 30,7 cmMaterial: polyresinF\u00e4rg: guld, svart (bas)Stil: modern, glamour&nbsp;<\/p>\n","protected":false},"excerpt":{"rendered":"<p>Gulddekoration \u2013 Fj\u00e4der \u2013 30,7 cm \u2013 43933FJH&nbsp;&nbsp;Elegant guldfj\u00e4der som ger en chic touch till alla interi\u00f6rer. Perfekt f\u00f6r dig som uppskattar originella dekorationer. Den passar perfekt i alla moderna interi\u00f6rer.&nbsp;&nbsp;Produktinformation:&nbsp;M\u00e5tt: 8 x 7,6 30,7 cmMaterial: polyresinF\u00e4rg: guld, svart (bas)Stil: modern, glamour&nbsp;<\/p>\n","protected":false},"featured_media":44974,"comment_status":"open","ping_status":"closed","template":"","meta":[],"product_brand":[],"product_cat":[33],"product_tag":[],"class_list":{"0":"post-17656","1":"product","2":"type-product","3":"status-publish","4":"has-post-thumbnail","6":"product_cat-okategoriserad","8":"first","9":"instock","10":"shipping-taxable","11":"purchasable","12":"product-type-simple"},"_links":{"self":[{"href":"https:\/\/nordicmart.andreevmaster.com\/sv\/wp-json\/wp\/v2\/product\/17656","targetHints":{"allow":["GET"]}}],"collection":[{"href":"https:\/\/nordicmart.andreevmaster.com\/sv\/wp-json\/wp\/v2\/product"}],"about":[{"href":"https:\/\/nordicmart.andreevmaster.com\/sv\/wp-json\/wp\/v2\/types\/product"}],"replies":[{"embeddable":true,"href":"https:\/\/nordicmart.andreevmaster.com\/sv\/wp-json\/wp\/v2\/comments?post=17656"}],"wp:featuredmedia":[{"embeddable":true,"href":"https:\/\/nordicmart.andreevmaster.com\/sv\/wp-json\/wp\/v2\/media\/44974"}],"wp:attachment":[{"href":"https:\/\/nordicmart.andreevmaster.com\/sv\/wp-json\/wp\/v2\/media?parent=17656"}],"wp:term":[{"taxonomy":"product_brand","embeddable":true,"href":"https:\/\/nordicmart.andreevmaster.com\/sv\/wp-json\/wp\/v2\/product_brand?post=17656"},{"taxonomy":"product_cat","embeddable":true,"href":"https:\/\/nordicmart.andreevmaster.com\/sv\/wp-json\/wp\/v2\/product_cat?post=17656"},{"taxonomy":"product_tag","embeddable":true,"href":"https:\/\/nordicmart.andreevmaster.com\/sv\/wp-json\/wp\/v2\/product_tag?post=17656"}],"curies":[{"name":"wp","href":"https:\/\/api.w.org\/{rel}","templated":true}]}}