{"id":17655,"date":"2026-02-27T00:36:01","date_gmt":"2026-02-27T00:36:01","guid":{"rendered":"https:\/\/nordicmart.andreevmaster.com\/product\/mudra-om-dekorativ-figur-43724\/"},"modified":"2026-02-27T08:25:26","modified_gmt":"2026-02-27T08:25:26","slug":"mudra-om-dekorativ-figur-43724","status":"publish","type":"product","link":"https:\/\/nordicmart.andreevmaster.com\/sv\/produkt\/mudra-om-dekorativ-figur-43724\/","title":{"rendered":"Mudra OM &#8211; Dekorativ figur &#8211; 43724"},"content":{"rendered":"<p>Mudra OM &#8211; Dekorativ figur &#8211; 43724&nbsp;&nbsp;Elegant figur som visar OM mudra, en av de mest popul\u00e4ra gesterna inom yoga och meditation. Den gyllene f\u00e4rgen och den moderna designen g\u00f6r den till en unik dekoration som skapar en atmosf\u00e4r av lugn och balans i ditt hem.&nbsp;Letar du efter en originell present? OM mudra-figuren \u00e4r ett utm\u00e4rkt val. Den \u00e4r inte bara ett vackert f\u00f6rem\u00e5l, utan ocks\u00e5 en symbol f\u00f6r djup andlig praktik.&nbsp;OM mudra \u00e4r en av de mest popul\u00e4ra och universella gesterna inom yoga och meditation. Den \u00e4r en symbolisk representation av OM-ljudet, som i m\u00e5nga kulturer anses vara universums ursprungliga vibration. Att utf\u00f6ra OM mudra syftar till att ansluta till denna kosmiska energi, vilket leder till djup avslappning, inre frid och andlig harmoni.&nbsp;&nbsp;Produktinformation:&nbsp;M\u00e5tt: 11,7 x 10 x 21,3 cmMaterial: polyresinF\u00e4rg: guldStil: modern, glamour&nbsp;<\/p>\n","protected":false},"excerpt":{"rendered":"<p>Mudra OM &#8211; Dekorativ figur &#8211; 43724&nbsp;&nbsp;Elegant figur som visar OM mudra, en av de mest popul\u00e4ra gesterna inom yoga och meditation. Den gyllene f\u00e4rgen och den moderna designen g\u00f6r den till en unik dekoration som skapar en atmosf\u00e4r av lugn och balans i ditt hem.&nbsp;Letar du efter en originell present? OM mudra-figuren \u00e4r ett [&hellip;]<\/p>\n","protected":false},"featured_media":44973,"comment_status":"open","ping_status":"closed","template":"","meta":[],"product_brand":[],"product_cat":[33],"product_tag":[],"class_list":{"0":"post-17655","1":"product","2":"type-product","3":"status-publish","4":"has-post-thumbnail","6":"product_cat-okategoriserad","8":"first","9":"instock","10":"shipping-taxable","11":"purchasable","12":"product-type-simple"},"_links":{"self":[{"href":"https:\/\/nordicmart.andreevmaster.com\/sv\/wp-json\/wp\/v2\/product\/17655","targetHints":{"allow":["GET"]}}],"collection":[{"href":"https:\/\/nordicmart.andreevmaster.com\/sv\/wp-json\/wp\/v2\/product"}],"about":[{"href":"https:\/\/nordicmart.andreevmaster.com\/sv\/wp-json\/wp\/v2\/types\/product"}],"replies":[{"embeddable":true,"href":"https:\/\/nordicmart.andreevmaster.com\/sv\/wp-json\/wp\/v2\/comments?post=17655"}],"wp:featuredmedia":[{"embeddable":true,"href":"https:\/\/nordicmart.andreevmaster.com\/sv\/wp-json\/wp\/v2\/media\/44973"}],"wp:attachment":[{"href":"https:\/\/nordicmart.andreevmaster.com\/sv\/wp-json\/wp\/v2\/media?parent=17655"}],"wp:term":[{"taxonomy":"product_brand","embeddable":true,"href":"https:\/\/nordicmart.andreevmaster.com\/sv\/wp-json\/wp\/v2\/product_brand?post=17655"},{"taxonomy":"product_cat","embeddable":true,"href":"https:\/\/nordicmart.andreevmaster.com\/sv\/wp-json\/wp\/v2\/product_cat?post=17655"},{"taxonomy":"product_tag","embeddable":true,"href":"https:\/\/nordicmart.andreevmaster.com\/sv\/wp-json\/wp\/v2\/product_tag?post=17655"}],"curies":[{"name":"wp","href":"https:\/\/api.w.org\/{rel}","templated":true}]}}