{"id":17654,"date":"2026-02-27T00:36:00","date_gmt":"2026-02-27T00:36:00","guid":{"rendered":"https:\/\/nordicmart.andreevmaster.com\/product\/yoga-guldfargad-dekorativ-figur-42721y2\/"},"modified":"2026-02-27T08:25:26","modified_gmt":"2026-02-27T08:25:26","slug":"yoga-guldfargad-dekorativ-figur-42721y2","status":"publish","type":"product","link":"https:\/\/nordicmart.andreevmaster.com\/sv\/produkt\/yoga-guldfargad-dekorativ-figur-42721y2\/","title":{"rendered":"Yoga \u2013 guldf\u00e4rgad dekorativ figur \u2013 42721Y2"},"content":{"rendered":"<p>Yoga &#8211; dekorativ figur i guld &#8211; 42721Y2&nbsp;&nbsp;Guldfigur i yoga &#8211; en elegant present till en yogafantast. En delikat figur som f\u00f6rest\u00e4ller en kvinna i yogast\u00e4llning \u00e4r en perfekt dekoration f\u00f6r alla interi\u00f6rer.&nbsp;Figuren som f\u00f6rest\u00e4ller en kvinna i yogast\u00e4llning \u00e4r inte bara en vacker inredningsdetalj, utan ocks\u00e5 en symbol f\u00f6r balans mellan kropp och sj\u00e4l. Letar du efter en present till n\u00e5gon som \u00e4lskar yoga? Denna eleganta figur kommer garanterat att gl\u00e4dja henne.&nbsp;&nbsp;Produktinformation:&nbsp;M\u00e5tt: 12,8 x 6,5 x 15,8 cmMaterial: polyresinF\u00e4rg: guldStil: modern, glamour&nbsp;<\/p>\n","protected":false},"excerpt":{"rendered":"<p>Yoga &#8211; dekorativ figur i guld &#8211; 42721Y2&nbsp;&nbsp;Guldfigur i yoga &#8211; en elegant present till en yogafantast. En delikat figur som f\u00f6rest\u00e4ller en kvinna i yogast\u00e4llning \u00e4r en perfekt dekoration f\u00f6r alla interi\u00f6rer.&nbsp;Figuren som f\u00f6rest\u00e4ller en kvinna i yogast\u00e4llning \u00e4r inte bara en vacker inredningsdetalj, utan ocks\u00e5 en symbol f\u00f6r balans mellan kropp och sj\u00e4l. [&hellip;]<\/p>\n","protected":false},"featured_media":44972,"comment_status":"open","ping_status":"closed","template":"","meta":[],"product_brand":[],"product_cat":[33],"product_tag":[],"class_list":{"0":"post-17654","1":"product","2":"type-product","3":"status-publish","4":"has-post-thumbnail","6":"product_cat-okategoriserad","8":"first","9":"instock","10":"shipping-taxable","11":"purchasable","12":"product-type-simple"},"_links":{"self":[{"href":"https:\/\/nordicmart.andreevmaster.com\/sv\/wp-json\/wp\/v2\/product\/17654","targetHints":{"allow":["GET"]}}],"collection":[{"href":"https:\/\/nordicmart.andreevmaster.com\/sv\/wp-json\/wp\/v2\/product"}],"about":[{"href":"https:\/\/nordicmart.andreevmaster.com\/sv\/wp-json\/wp\/v2\/types\/product"}],"replies":[{"embeddable":true,"href":"https:\/\/nordicmart.andreevmaster.com\/sv\/wp-json\/wp\/v2\/comments?post=17654"}],"wp:featuredmedia":[{"embeddable":true,"href":"https:\/\/nordicmart.andreevmaster.com\/sv\/wp-json\/wp\/v2\/media\/44972"}],"wp:attachment":[{"href":"https:\/\/nordicmart.andreevmaster.com\/sv\/wp-json\/wp\/v2\/media?parent=17654"}],"wp:term":[{"taxonomy":"product_brand","embeddable":true,"href":"https:\/\/nordicmart.andreevmaster.com\/sv\/wp-json\/wp\/v2\/product_brand?post=17654"},{"taxonomy":"product_cat","embeddable":true,"href":"https:\/\/nordicmart.andreevmaster.com\/sv\/wp-json\/wp\/v2\/product_cat?post=17654"},{"taxonomy":"product_tag","embeddable":true,"href":"https:\/\/nordicmart.andreevmaster.com\/sv\/wp-json\/wp\/v2\/product_tag?post=17654"}],"curies":[{"name":"wp","href":"https:\/\/api.w.org\/{rel}","templated":true}]}}