{"id":17653,"date":"2026-02-27T00:36:00","date_gmt":"2026-02-27T00:36:00","guid":{"rendered":"https:\/\/nordicmart.andreevmaster.com\/product\/elefant-for-tur-dekorativ-figur-43679\/"},"modified":"2026-02-27T08:25:26","modified_gmt":"2026-02-27T08:25:26","slug":"elefant-for-tur-dekorativ-figur-43679","status":"publish","type":"product","link":"https:\/\/nordicmart.andreevmaster.com\/sv\/produkt\/elefant-for-tur-dekorativ-figur-43679\/","title":{"rendered":"Elefant f\u00f6r tur \u2013 dekorativ figur \u2013 43679"},"content":{"rendered":"<p>Elefant f\u00f6r tur \u2013 dekorativ figur \u2013 43679&nbsp;&nbsp;Dekorativ elefantfigur \u2013 ett tillskott till din inredning. Denna gl\u00e4nsande elefantfigur i guldf\u00e4rg \u00e4r en perfekt dekoration f\u00f6r en hylla, byr\u00e5 eller skrivbord.&nbsp;Den eleganta elefantfiguren \u00e4r en symbol f\u00f6r tur och v\u00e4lst\u00e5nd. Perfekt som en liten present eller som en modern dekoration. &nbsp;I m\u00e5nga l\u00e4nders kultur anses elefanten vara en symbol f\u00f6r visdom, styrka och lycka. Den upplyfta snabeln f\u00f6rst\u00e4rker figurens betydelse ytterligare och symboliserar gl\u00e4dje och framg\u00e5ng. Enligt folktron sprider en elefant med upplyft snabel negativ energi och lockar lycka och v\u00e4lst\u00e5nd till hemmet.&nbsp;&nbsp;Produktinformation:&nbsp;M\u00e5tt: 22,1 x 9,5 x 12,9 cmMaterial: polyresinF\u00e4rg: guldStil: modern, glamour&nbsp;<\/p>\n","protected":false},"excerpt":{"rendered":"<p>Elefant f\u00f6r tur \u2013 dekorativ figur \u2013 43679&nbsp;&nbsp;Dekorativ elefantfigur \u2013 ett tillskott till din inredning. Denna gl\u00e4nsande elefantfigur i guldf\u00e4rg \u00e4r en perfekt dekoration f\u00f6r en hylla, byr\u00e5 eller skrivbord.&nbsp;Den eleganta elefantfiguren \u00e4r en symbol f\u00f6r tur och v\u00e4lst\u00e5nd. Perfekt som en liten present eller som en modern dekoration. &nbsp;I m\u00e5nga l\u00e4nders kultur anses elefanten [&hellip;]<\/p>\n","protected":false},"featured_media":44971,"comment_status":"open","ping_status":"closed","template":"","meta":[],"product_brand":[],"product_cat":[33],"product_tag":[],"class_list":{"0":"post-17653","1":"product","2":"type-product","3":"status-publish","4":"has-post-thumbnail","6":"product_cat-okategoriserad","8":"first","9":"instock","10":"shipping-taxable","11":"purchasable","12":"product-type-simple"},"_links":{"self":[{"href":"https:\/\/nordicmart.andreevmaster.com\/sv\/wp-json\/wp\/v2\/product\/17653","targetHints":{"allow":["GET"]}}],"collection":[{"href":"https:\/\/nordicmart.andreevmaster.com\/sv\/wp-json\/wp\/v2\/product"}],"about":[{"href":"https:\/\/nordicmart.andreevmaster.com\/sv\/wp-json\/wp\/v2\/types\/product"}],"replies":[{"embeddable":true,"href":"https:\/\/nordicmart.andreevmaster.com\/sv\/wp-json\/wp\/v2\/comments?post=17653"}],"wp:featuredmedia":[{"embeddable":true,"href":"https:\/\/nordicmart.andreevmaster.com\/sv\/wp-json\/wp\/v2\/media\/44971"}],"wp:attachment":[{"href":"https:\/\/nordicmart.andreevmaster.com\/sv\/wp-json\/wp\/v2\/media?parent=17653"}],"wp:term":[{"taxonomy":"product_brand","embeddable":true,"href":"https:\/\/nordicmart.andreevmaster.com\/sv\/wp-json\/wp\/v2\/product_brand?post=17653"},{"taxonomy":"product_cat","embeddable":true,"href":"https:\/\/nordicmart.andreevmaster.com\/sv\/wp-json\/wp\/v2\/product_cat?post=17653"},{"taxonomy":"product_tag","embeddable":true,"href":"https:\/\/nordicmart.andreevmaster.com\/sv\/wp-json\/wp\/v2\/product_tag?post=17653"}],"curies":[{"name":"wp","href":"https:\/\/api.w.org\/{rel}","templated":true}]}}