{"id":17652,"date":"2026-02-27T00:36:00","date_gmt":"2026-02-27T00:36:00","guid":{"rendered":"https:\/\/nordicmart.andreevmaster.com\/product\/dekorativ-figur-hjartasymbol-44190fj\/"},"modified":"2026-02-27T08:25:26","modified_gmt":"2026-02-27T08:25:26","slug":"dekorativ-figur-hjartasymbol-44190fj","status":"publish","type":"product","link":"https:\/\/nordicmart.andreevmaster.com\/sv\/produkt\/dekorativ-figur-hjartasymbol-44190fj\/","title":{"rendered":"Dekorativ figur &#8211; Hj\u00e4rtasymbol &#8211; 44190FJ."},"content":{"rendered":"<p>Dekorativ figur &#8211; Hj\u00e4rtasymbol &#8211; 44190FJ&nbsp;&nbsp;Figur Hj\u00e4rtat av h\u00e4nder &#8211; en elegant detalj i din inredning. Guldfigur med h\u00e4nder arrangerade i form av ett hj\u00e4rta \u00e4r en tidl\u00f6s symbol f\u00f6r k\u00e4rlek och v\u00e4nskap. Perfekt f\u00f6r moderna interi\u00f6rer. Guldf\u00e4rgen och den eleganta hj\u00e4rtformen g\u00f6r den till en perfekt dekoration f\u00f6r vardagsrummet, sovrummet eller kontoret.&nbsp;&nbsp;Produktinformation:&nbsp;M\u00e5tt: 12,8 x 7,6 x 16,4 cmMaterial: polyresinF\u00e4rg: guldStil: modern, glamour&nbsp;<\/p>\n","protected":false},"excerpt":{"rendered":"<p>Dekorativ figur &#8211; Hj\u00e4rtasymbol &#8211; 44190FJ&nbsp;&nbsp;Figur Hj\u00e4rtat av h\u00e4nder &#8211; en elegant detalj i din inredning. Guldfigur med h\u00e4nder arrangerade i form av ett hj\u00e4rta \u00e4r en tidl\u00f6s symbol f\u00f6r k\u00e4rlek och v\u00e4nskap. Perfekt f\u00f6r moderna interi\u00f6rer. Guldf\u00e4rgen och den eleganta hj\u00e4rtformen g\u00f6r den till en perfekt dekoration f\u00f6r vardagsrummet, sovrummet eller kontoret.&nbsp;&nbsp;Produktinformation:&nbsp;M\u00e5tt: 12,8 x [&hellip;]<\/p>\n","protected":false},"featured_media":44970,"comment_status":"open","ping_status":"closed","template":"","meta":[],"product_brand":[],"product_cat":[33],"product_tag":[],"class_list":{"0":"post-17652","1":"product","2":"type-product","3":"status-publish","4":"has-post-thumbnail","6":"product_cat-okategoriserad","8":"first","9":"instock","10":"shipping-taxable","11":"purchasable","12":"product-type-simple"},"_links":{"self":[{"href":"https:\/\/nordicmart.andreevmaster.com\/sv\/wp-json\/wp\/v2\/product\/17652","targetHints":{"allow":["GET"]}}],"collection":[{"href":"https:\/\/nordicmart.andreevmaster.com\/sv\/wp-json\/wp\/v2\/product"}],"about":[{"href":"https:\/\/nordicmart.andreevmaster.com\/sv\/wp-json\/wp\/v2\/types\/product"}],"replies":[{"embeddable":true,"href":"https:\/\/nordicmart.andreevmaster.com\/sv\/wp-json\/wp\/v2\/comments?post=17652"}],"wp:featuredmedia":[{"embeddable":true,"href":"https:\/\/nordicmart.andreevmaster.com\/sv\/wp-json\/wp\/v2\/media\/44970"}],"wp:attachment":[{"href":"https:\/\/nordicmart.andreevmaster.com\/sv\/wp-json\/wp\/v2\/media?parent=17652"}],"wp:term":[{"taxonomy":"product_brand","embeddable":true,"href":"https:\/\/nordicmart.andreevmaster.com\/sv\/wp-json\/wp\/v2\/product_brand?post=17652"},{"taxonomy":"product_cat","embeddable":true,"href":"https:\/\/nordicmart.andreevmaster.com\/sv\/wp-json\/wp\/v2\/product_cat?post=17652"},{"taxonomy":"product_tag","embeddable":true,"href":"https:\/\/nordicmart.andreevmaster.com\/sv\/wp-json\/wp\/v2\/product_tag?post=17652"}],"curies":[{"name":"wp","href":"https:\/\/api.w.org\/{rel}","templated":true}]}}