{"id":17651,"date":"2026-02-27T00:36:00","date_gmt":"2026-02-27T00:36:00","guid":{"rendered":"https:\/\/nordicmart.andreevmaster.com\/product\/glamour-dekoration-faglar-44186fjz\/"},"modified":"2026-02-27T08:25:25","modified_gmt":"2026-02-27T08:25:25","slug":"glamour-dekoration-faglar-44186fjz","status":"publish","type":"product","link":"https:\/\/nordicmart.andreevmaster.com\/sv\/produkt\/glamour-dekoration-faglar-44186fjz\/","title":{"rendered":"Glamour Dekoration \u2013 F\u00e5glar \u2013 44186FJZ"},"content":{"rendered":"<p>Dekoration &#8211; F\u00e5glar &#8211; 44186FJZ&nbsp;&nbsp;5 gyllene f\u00e5glar \u2013 en subtil dekoration f\u00f6r en modern inredning. Fem gyllene f\u00e5glar p\u00e5 en svart bas livar upp vilket rum som helst. Tillverkade av h\u00e5llbart polyresin. Denna lilla men effektfulla dekoration ger karakt\u00e4r \u00e5t vilken inredning som helst.&nbsp;&nbsp;Produktinformation:&nbsp;M\u00e5tt: 17 x 8 x 25,5 cmMaterial: polyresinF\u00e4rg: guld, svartStil: modern, minimalistisk<\/p>\n","protected":false},"excerpt":{"rendered":"<p>Dekoration &#8211; F\u00e5glar &#8211; 44186FJZ&nbsp;&nbsp;5 gyllene f\u00e5glar \u2013 en subtil dekoration f\u00f6r en modern inredning. Fem gyllene f\u00e5glar p\u00e5 en svart bas livar upp vilket rum som helst. Tillverkade av h\u00e5llbart polyresin. Denna lilla men effektfulla dekoration ger karakt\u00e4r \u00e5t vilken inredning som helst.&nbsp;&nbsp;Produktinformation:&nbsp;M\u00e5tt: 17 x 8 x 25,5 cmMaterial: polyresinF\u00e4rg: guld, svartStil: modern, minimalistisk<\/p>\n","protected":false},"featured_media":44969,"comment_status":"open","ping_status":"closed","template":"","meta":[],"product_brand":[],"product_cat":[33],"product_tag":[],"class_list":{"0":"post-17651","1":"product","2":"type-product","3":"status-publish","4":"has-post-thumbnail","6":"product_cat-okategoriserad","8":"first","9":"instock","10":"shipping-taxable","11":"purchasable","12":"product-type-simple"},"_links":{"self":[{"href":"https:\/\/nordicmart.andreevmaster.com\/sv\/wp-json\/wp\/v2\/product\/17651","targetHints":{"allow":["GET"]}}],"collection":[{"href":"https:\/\/nordicmart.andreevmaster.com\/sv\/wp-json\/wp\/v2\/product"}],"about":[{"href":"https:\/\/nordicmart.andreevmaster.com\/sv\/wp-json\/wp\/v2\/types\/product"}],"replies":[{"embeddable":true,"href":"https:\/\/nordicmart.andreevmaster.com\/sv\/wp-json\/wp\/v2\/comments?post=17651"}],"wp:featuredmedia":[{"embeddable":true,"href":"https:\/\/nordicmart.andreevmaster.com\/sv\/wp-json\/wp\/v2\/media\/44969"}],"wp:attachment":[{"href":"https:\/\/nordicmart.andreevmaster.com\/sv\/wp-json\/wp\/v2\/media?parent=17651"}],"wp:term":[{"taxonomy":"product_brand","embeddable":true,"href":"https:\/\/nordicmart.andreevmaster.com\/sv\/wp-json\/wp\/v2\/product_brand?post=17651"},{"taxonomy":"product_cat","embeddable":true,"href":"https:\/\/nordicmart.andreevmaster.com\/sv\/wp-json\/wp\/v2\/product_cat?post=17651"},{"taxonomy":"product_tag","embeddable":true,"href":"https:\/\/nordicmart.andreevmaster.com\/sv\/wp-json\/wp\/v2\/product_tag?post=17651"}],"curies":[{"name":"wp","href":"https:\/\/api.w.org\/{rel}","templated":true}]}}