{"id":17650,"date":"2026-02-27T00:35:59","date_gmt":"2026-02-27T00:35:59","guid":{"rendered":"https:\/\/nordicmart.andreevmaster.com\/product\/metallankare-marin-dekoration-20-cm-n-2988\/"},"modified":"2026-02-27T08:25:25","modified_gmt":"2026-02-27T08:25:25","slug":"metallankare-marin-dekoration-20-cm-n-2988","status":"publish","type":"product","link":"https:\/\/nordicmart.andreevmaster.com\/sv\/produkt\/metallankare-marin-dekoration-20-cm-n-2988\/","title":{"rendered":"Metallankare \u2013 Marin dekoration \u2013 20 cm \u2013 N-2988"},"content":{"rendered":"<p>Metallankare \u2013 Marin dekoration \u2013 20 cm \u2013 N-2988&nbsp;&nbsp;Marin karakt\u00e4r&nbsp;&nbsp;Ett ankare \u00e4r ett perfekt dekorativt element f\u00f6r interi\u00f6rer inredda i maritim stil. Perfekt f\u00f6r kontor, vardagsrum, sovrum, barnrum, samt restauranger eller barer med maritimt tema.&nbsp;&nbsp;Perfekt present till havs\u00e4lskare&nbsp;&nbsp;Metallankare \u00e4r ocks\u00e5 en perfekt present till alla som \u00e4lskar havet och segling. Det kan vara b\u00e5de en praktisk present och en symbolisk gest som uttrycker \u00f6nskan om s\u00e4kerhet och lycka under resan.&nbsp;&nbsp;Produktinformation:&nbsp;H\u00f6jd: 20 cmMaterial: MetallSilverf\u00e4rgadMaritim dekoration, present till en sj\u00f6manStil: Maritim&nbsp;&nbsp;Ankaret \u2013 en symbol f\u00f6r trygghet och hopp&nbsp;Ankaret har i \u00e5rhundraden symboliserat trygghet, hopp och stabilitet. Inom sj\u00f6fartsvetenskapen \u00e4r det en av de viktigaste symbolerna, som st\u00e5r f\u00f6r en s\u00e4ker grund och en \u00e5terkomst hem. &nbsp;<\/p>\n","protected":false},"excerpt":{"rendered":"<p>Metallankare \u2013 Marin dekoration \u2013 20 cm \u2013 N-2988&nbsp;&nbsp;Marin karakt\u00e4r&nbsp;&nbsp;Ett ankare \u00e4r ett perfekt dekorativt element f\u00f6r interi\u00f6rer inredda i maritim stil. Perfekt f\u00f6r kontor, vardagsrum, sovrum, barnrum, samt restauranger eller barer med maritimt tema.&nbsp;&nbsp;Perfekt present till havs\u00e4lskare&nbsp;&nbsp;Metallankare \u00e4r ocks\u00e5 en perfekt present till alla som \u00e4lskar havet och segling. Det kan vara b\u00e5de en [&hellip;]<\/p>\n","protected":false},"featured_media":44968,"comment_status":"open","ping_status":"closed","template":"","meta":[],"product_brand":[],"product_cat":[33],"product_tag":[],"class_list":{"0":"post-17650","1":"product","2":"type-product","3":"status-publish","4":"has-post-thumbnail","6":"product_cat-okategoriserad","8":"first","9":"instock","10":"shipping-taxable","11":"purchasable","12":"product-type-simple"},"_links":{"self":[{"href":"https:\/\/nordicmart.andreevmaster.com\/sv\/wp-json\/wp\/v2\/product\/17650","targetHints":{"allow":["GET"]}}],"collection":[{"href":"https:\/\/nordicmart.andreevmaster.com\/sv\/wp-json\/wp\/v2\/product"}],"about":[{"href":"https:\/\/nordicmart.andreevmaster.com\/sv\/wp-json\/wp\/v2\/types\/product"}],"replies":[{"embeddable":true,"href":"https:\/\/nordicmart.andreevmaster.com\/sv\/wp-json\/wp\/v2\/comments?post=17650"}],"wp:featuredmedia":[{"embeddable":true,"href":"https:\/\/nordicmart.andreevmaster.com\/sv\/wp-json\/wp\/v2\/media\/44968"}],"wp:attachment":[{"href":"https:\/\/nordicmart.andreevmaster.com\/sv\/wp-json\/wp\/v2\/media?parent=17650"}],"wp:term":[{"taxonomy":"product_brand","embeddable":true,"href":"https:\/\/nordicmart.andreevmaster.com\/sv\/wp-json\/wp\/v2\/product_brand?post=17650"},{"taxonomy":"product_cat","embeddable":true,"href":"https:\/\/nordicmart.andreevmaster.com\/sv\/wp-json\/wp\/v2\/product_cat?post=17650"},{"taxonomy":"product_tag","embeddable":true,"href":"https:\/\/nordicmart.andreevmaster.com\/sv\/wp-json\/wp\/v2\/product_tag?post=17650"}],"curies":[{"name":"wp","href":"https:\/\/api.w.org\/{rel}","templated":true}]}}