{"id":17649,"date":"2026-02-27T00:35:59","date_gmt":"2026-02-27T00:35:59","guid":{"rendered":"https:\/\/nordicmart.andreevmaster.com\/product\/metallankare-dekoration-20-cm-n-1595\/"},"modified":"2026-02-27T08:25:25","modified_gmt":"2026-02-27T08:25:25","slug":"metallankare-dekoration-20-cm-n-1595","status":"publish","type":"product","link":"https:\/\/nordicmart.andreevmaster.com\/sv\/produkt\/metallankare-dekoration-20-cm-n-1595\/","title":{"rendered":"Metallankare \u2013 Dekoration \u2013 20 cm \u2013 N-1595"},"content":{"rendered":"<p>Metallankare \u2013 Dekoration \u2013 20 cm \u2013 N-1595&nbsp;&nbsp;Letar du efter en stilren och unik dekoration till din inredning? V\u00e4lj ett metallankare som ger ditt hem en maritim pr\u00e4gel.&nbsp;Ankaret \u00e4r ett tidl\u00f6st dekorativt element som passar perfekt i inredningar i olika stilar. Det \u00e4r ett perfekt komplement till en maritim inredning, men livar ocks\u00e5 upp en kolonial eller modern inredning. Det \u00e4r ocks\u00e5 en perfekt presentid\u00e9 f\u00f6r sj\u00f6m\u00e4n.&nbsp;&nbsp;Produktinformation:&nbsp;H\u00f6jd: 20 cmMaterial: MetallSilverf\u00e4rgadPerfekt present till: havs\u00e4lskare, sj\u00f6m\u00e4n, personer som uppskattar stilfulla dekorationerStil: maritim, kolonial, modern&nbsp;Ankaret \u2013 en symbol f\u00f6r trygghet och stabilitet&nbsp;Ankaret har i \u00e5rhundraden varit en symbol f\u00f6r trygghet och stabilitet. Det f\u00f6rknippas med havet, segling och resor. Metallankaret \u00e4r det perfekta s\u00e4ttet att inf\u00f6ra en nautisk atmosf\u00e4r i din inredning.&nbsp;<\/p>\n","protected":false},"excerpt":{"rendered":"<p>Metallankare \u2013 Dekoration \u2013 20 cm \u2013 N-1595&nbsp;&nbsp;Letar du efter en stilren och unik dekoration till din inredning? V\u00e4lj ett metallankare som ger ditt hem en maritim pr\u00e4gel.&nbsp;Ankaret \u00e4r ett tidl\u00f6st dekorativt element som passar perfekt i inredningar i olika stilar. Det \u00e4r ett perfekt komplement till en maritim inredning, men livar ocks\u00e5 upp en [&hellip;]<\/p>\n","protected":false},"featured_media":44967,"comment_status":"open","ping_status":"closed","template":"","meta":[],"product_brand":[],"product_cat":[33],"product_tag":[],"class_list":{"0":"post-17649","1":"product","2":"type-product","3":"status-publish","4":"has-post-thumbnail","6":"product_cat-okategoriserad","8":"first","9":"instock","10":"shipping-taxable","11":"purchasable","12":"product-type-simple"},"_links":{"self":[{"href":"https:\/\/nordicmart.andreevmaster.com\/sv\/wp-json\/wp\/v2\/product\/17649","targetHints":{"allow":["GET"]}}],"collection":[{"href":"https:\/\/nordicmart.andreevmaster.com\/sv\/wp-json\/wp\/v2\/product"}],"about":[{"href":"https:\/\/nordicmart.andreevmaster.com\/sv\/wp-json\/wp\/v2\/types\/product"}],"replies":[{"embeddable":true,"href":"https:\/\/nordicmart.andreevmaster.com\/sv\/wp-json\/wp\/v2\/comments?post=17649"}],"wp:featuredmedia":[{"embeddable":true,"href":"https:\/\/nordicmart.andreevmaster.com\/sv\/wp-json\/wp\/v2\/media\/44967"}],"wp:attachment":[{"href":"https:\/\/nordicmart.andreevmaster.com\/sv\/wp-json\/wp\/v2\/media?parent=17649"}],"wp:term":[{"taxonomy":"product_brand","embeddable":true,"href":"https:\/\/nordicmart.andreevmaster.com\/sv\/wp-json\/wp\/v2\/product_brand?post=17649"},{"taxonomy":"product_cat","embeddable":true,"href":"https:\/\/nordicmart.andreevmaster.com\/sv\/wp-json\/wp\/v2\/product_cat?post=17649"},{"taxonomy":"product_tag","embeddable":true,"href":"https:\/\/nordicmart.andreevmaster.com\/sv\/wp-json\/wp\/v2\/product_tag?post=17649"}],"curies":[{"name":"wp","href":"https:\/\/api.w.org\/{rel}","templated":true}]}}