{"id":17648,"date":"2026-02-27T00:35:59","date_gmt":"2026-02-27T00:35:59","guid":{"rendered":"https:\/\/nordicmart.andreevmaster.com\/product\/pariserhjul-dekoration-fw\/"},"modified":"2026-02-27T08:25:25","modified_gmt":"2026-02-27T08:25:25","slug":"pariserhjul-dekoration-fw","status":"publish","type":"product","link":"https:\/\/nordicmart.andreevmaster.com\/sv\/produkt\/pariserhjul-dekoration-fw\/","title":{"rendered":"Pariserhjul \u2013 dekoration \u2013 FW"},"content":{"rendered":"<p>Pariserhjul \u2013 dekoration&nbsp;&nbsp;&nbsp;Originaldekoration i form av ett pariserhjul. Passar utm\u00e4rkt som dekoration p\u00e5 skrivbordet eller byr\u00e5n i ett elegant kontor eller vardagsrum. Den passar perfekt i rum i loftstil eller modern stil.&nbsp;&nbsp;Produktinformation:&nbsp;M\u00e5tt: 20 x 8,5 x 23 cmMaterial: metallF\u00e4rg: brun\/koppar&nbsp;<\/p>\n","protected":false},"excerpt":{"rendered":"<p>Pariserhjul \u2013 dekoration&nbsp;&nbsp;&nbsp;Originaldekoration i form av ett pariserhjul. Passar utm\u00e4rkt som dekoration p\u00e5 skrivbordet eller byr\u00e5n i ett elegant kontor eller vardagsrum. Den passar perfekt i rum i loftstil eller modern stil.&nbsp;&nbsp;Produktinformation:&nbsp;M\u00e5tt: 20 x 8,5 x 23 cmMaterial: metallF\u00e4rg: brun\/koppar&nbsp;<\/p>\n","protected":false},"featured_media":44966,"comment_status":"open","ping_status":"closed","template":"","meta":[],"product_brand":[],"product_cat":[33],"product_tag":[],"class_list":{"0":"post-17648","1":"product","2":"type-product","3":"status-publish","4":"has-post-thumbnail","6":"product_cat-okategoriserad","8":"first","9":"instock","10":"shipping-taxable","11":"purchasable","12":"product-type-simple"},"_links":{"self":[{"href":"https:\/\/nordicmart.andreevmaster.com\/sv\/wp-json\/wp\/v2\/product\/17648","targetHints":{"allow":["GET"]}}],"collection":[{"href":"https:\/\/nordicmart.andreevmaster.com\/sv\/wp-json\/wp\/v2\/product"}],"about":[{"href":"https:\/\/nordicmart.andreevmaster.com\/sv\/wp-json\/wp\/v2\/types\/product"}],"replies":[{"embeddable":true,"href":"https:\/\/nordicmart.andreevmaster.com\/sv\/wp-json\/wp\/v2\/comments?post=17648"}],"wp:featuredmedia":[{"embeddable":true,"href":"https:\/\/nordicmart.andreevmaster.com\/sv\/wp-json\/wp\/v2\/media\/44966"}],"wp:attachment":[{"href":"https:\/\/nordicmart.andreevmaster.com\/sv\/wp-json\/wp\/v2\/media?parent=17648"}],"wp:term":[{"taxonomy":"product_brand","embeddable":true,"href":"https:\/\/nordicmart.andreevmaster.com\/sv\/wp-json\/wp\/v2\/product_brand?post=17648"},{"taxonomy":"product_cat","embeddable":true,"href":"https:\/\/nordicmart.andreevmaster.com\/sv\/wp-json\/wp\/v2\/product_cat?post=17648"},{"taxonomy":"product_tag","embeddable":true,"href":"https:\/\/nordicmart.andreevmaster.com\/sv\/wp-json\/wp\/v2\/product_tag?post=17648"}],"curies":[{"name":"wp","href":"https:\/\/api.w.org\/{rel}","templated":true}]}}