{"id":17647,"date":"2026-02-27T00:35:58","date_gmt":"2026-02-27T00:35:58","guid":{"rendered":"https:\/\/nordicmart.andreevmaster.com\/product\/livboj-vaggdekoration-rs35k-l\/"},"modified":"2026-02-27T08:25:25","modified_gmt":"2026-02-27T08:25:25","slug":"livboj-vaggdekoration-rs35k-l","status":"publish","type":"product","link":"https:\/\/nordicmart.andreevmaster.com\/sv\/produkt\/livboj-vaggdekoration-rs35k-l\/","title":{"rendered":"Livboj \u2013 v\u00e4ggdekoration \u2013 RS35K-L"},"content":{"rendered":"<p>Livboj &#8211; v\u00e4ggdekoration &#8211; RS35K-L&nbsp;&nbsp;Livbojshjul &#8211; nautisk v\u00e4ggdekoration som ger rummet en maritim atmosf\u00e4r. &nbsp;Livbojen \u00e4r tillverkad av styrofoam och kl\u00e4dd med kr\u00e4mf\u00e4rgat och marinbl\u00e5tt tyg, dekorerad med bomullsrep runt om. Den ser ut som en riktig livboj, men i mindre storlek. Den \u00e4r ocks\u00e5 en idealisk dekoration f\u00f6r alla interi\u00f6rer. Den kan ge en maritim touch till vardagsrummet, sovrummet eller till och med kontoret. Hjulet passar utm\u00e4rkt i b\u00e5de moderna och klassiska inredningar.&nbsp;Livbojen \u00e4r den perfekta presenten f\u00f6r alla som \u00e4lskar havet och segling.&nbsp;&nbsp;Produktinformation:&nbsp;M\u00e5tt: 35 x 5,2 x 37 cmMaterial: tyg (utsida), canvas, styrofoam. &nbsp;<\/p>\n","protected":false},"excerpt":{"rendered":"<p>Livboj &#8211; v\u00e4ggdekoration &#8211; RS35K-L&nbsp;&nbsp;Livbojshjul &#8211; nautisk v\u00e4ggdekoration som ger rummet en maritim atmosf\u00e4r. &nbsp;Livbojen \u00e4r tillverkad av styrofoam och kl\u00e4dd med kr\u00e4mf\u00e4rgat och marinbl\u00e5tt tyg, dekorerad med bomullsrep runt om. Den ser ut som en riktig livboj, men i mindre storlek. Den \u00e4r ocks\u00e5 en idealisk dekoration f\u00f6r alla interi\u00f6rer. Den kan ge en [&hellip;]<\/p>\n","protected":false},"featured_media":44965,"comment_status":"open","ping_status":"closed","template":"","meta":[],"product_brand":[],"product_cat":[33],"product_tag":[],"class_list":{"0":"post-17647","1":"product","2":"type-product","3":"status-publish","4":"has-post-thumbnail","6":"product_cat-okategoriserad","8":"first","9":"instock","10":"shipping-taxable","11":"purchasable","12":"product-type-simple"},"_links":{"self":[{"href":"https:\/\/nordicmart.andreevmaster.com\/sv\/wp-json\/wp\/v2\/product\/17647","targetHints":{"allow":["GET"]}}],"collection":[{"href":"https:\/\/nordicmart.andreevmaster.com\/sv\/wp-json\/wp\/v2\/product"}],"about":[{"href":"https:\/\/nordicmart.andreevmaster.com\/sv\/wp-json\/wp\/v2\/types\/product"}],"replies":[{"embeddable":true,"href":"https:\/\/nordicmart.andreevmaster.com\/sv\/wp-json\/wp\/v2\/comments?post=17647"}],"wp:featuredmedia":[{"embeddable":true,"href":"https:\/\/nordicmart.andreevmaster.com\/sv\/wp-json\/wp\/v2\/media\/44965"}],"wp:attachment":[{"href":"https:\/\/nordicmart.andreevmaster.com\/sv\/wp-json\/wp\/v2\/media?parent=17647"}],"wp:term":[{"taxonomy":"product_brand","embeddable":true,"href":"https:\/\/nordicmart.andreevmaster.com\/sv\/wp-json\/wp\/v2\/product_brand?post=17647"},{"taxonomy":"product_cat","embeddable":true,"href":"https:\/\/nordicmart.andreevmaster.com\/sv\/wp-json\/wp\/v2\/product_cat?post=17647"},{"taxonomy":"product_tag","embeddable":true,"href":"https:\/\/nordicmart.andreevmaster.com\/sv\/wp-json\/wp\/v2\/product_tag?post=17647"}],"curies":[{"name":"wp","href":"https:\/\/api.w.org\/{rel}","templated":true}]}}