{"id":17646,"date":"2026-02-27T00:35:58","date_gmt":"2026-02-27T00:35:58","guid":{"rendered":"https:\/\/nordicmart.andreevmaster.com\/product\/dekorativ-oljelampa-dt245f\/"},"modified":"2026-02-27T08:25:25","modified_gmt":"2026-02-27T08:25:25","slug":"dekorativ-oljelampa-dt245f","status":"publish","type":"product","link":"https:\/\/nordicmart.andreevmaster.com\/sv\/produkt\/dekorativ-oljelampa-dt245f\/","title":{"rendered":"Dekorativ oljelampa &#8211; DT245F"},"content":{"rendered":"<p>Dekorativ oljelampa \u2013 DT245F&nbsp;&nbsp;Dekorativ, elegant oljelampa. Denna nautiska lampa i maritim stil lyser upp kv\u00e4llarna i tr\u00e4dg\u00e5rden och skapar en atmosf\u00e4r som inbjuder till sj\u00f6fartshistorier. Lampan ger ocks\u00e5 en maritim touch till rum inredda i nautisk stil. &nbsp;F\u00f6rr i tiden belysde oljelampor fartygens d\u00e4ck, vilket underl\u00e4ttade seglingen p\u00e5 natten och gjorde det l\u00e4ttare att identifiera fartyget och dess kurs. Den nautiska lampan, som symboliserar en lycklig ankomst till hamnen, kommer att tilltala b\u00e5t\u00e4gare och seglare.&nbsp;&nbsp;Produktinformation:&nbsp;M\u00e5tt: 11,5 x 9,5 x 19 cmMaterial: glas, pl\u00e5t&nbsp;<\/p>\n","protected":false},"excerpt":{"rendered":"<p>Dekorativ oljelampa \u2013 DT245F&nbsp;&nbsp;Dekorativ, elegant oljelampa. Denna nautiska lampa i maritim stil lyser upp kv\u00e4llarna i tr\u00e4dg\u00e5rden och skapar en atmosf\u00e4r som inbjuder till sj\u00f6fartshistorier. Lampan ger ocks\u00e5 en maritim touch till rum inredda i nautisk stil. &nbsp;F\u00f6rr i tiden belysde oljelampor fartygens d\u00e4ck, vilket underl\u00e4ttade seglingen p\u00e5 natten och gjorde det l\u00e4ttare att identifiera [&hellip;]<\/p>\n","protected":false},"featured_media":46684,"comment_status":"open","ping_status":"closed","template":"","meta":[],"product_brand":[],"product_cat":[33],"product_tag":[],"class_list":{"0":"post-17646","1":"product","2":"type-product","3":"status-publish","4":"has-post-thumbnail","6":"product_cat-okategoriserad","8":"first","9":"instock","10":"shipping-taxable","11":"purchasable","12":"product-type-simple"},"_links":{"self":[{"href":"https:\/\/nordicmart.andreevmaster.com\/sv\/wp-json\/wp\/v2\/product\/17646","targetHints":{"allow":["GET"]}}],"collection":[{"href":"https:\/\/nordicmart.andreevmaster.com\/sv\/wp-json\/wp\/v2\/product"}],"about":[{"href":"https:\/\/nordicmart.andreevmaster.com\/sv\/wp-json\/wp\/v2\/types\/product"}],"replies":[{"embeddable":true,"href":"https:\/\/nordicmart.andreevmaster.com\/sv\/wp-json\/wp\/v2\/comments?post=17646"}],"wp:featuredmedia":[{"embeddable":true,"href":"https:\/\/nordicmart.andreevmaster.com\/sv\/wp-json\/wp\/v2\/media\/46684"}],"wp:attachment":[{"href":"https:\/\/nordicmart.andreevmaster.com\/sv\/wp-json\/wp\/v2\/media?parent=17646"}],"wp:term":[{"taxonomy":"product_brand","embeddable":true,"href":"https:\/\/nordicmart.andreevmaster.com\/sv\/wp-json\/wp\/v2\/product_brand?post=17646"},{"taxonomy":"product_cat","embeddable":true,"href":"https:\/\/nordicmart.andreevmaster.com\/sv\/wp-json\/wp\/v2\/product_cat?post=17646"},{"taxonomy":"product_tag","embeddable":true,"href":"https:\/\/nordicmart.andreevmaster.com\/sv\/wp-json\/wp\/v2\/product_tag?post=17646"}],"curies":[{"name":"wp","href":"https:\/\/api.w.org\/{rel}","templated":true}]}}