{"id":17645,"date":"2026-02-27T00:35:58","date_gmt":"2026-02-27T00:35:58","guid":{"rendered":"https:\/\/nordicmart.andreevmaster.com\/product\/atlantic-schooner-model-atl3-2\/"},"modified":"2026-02-27T08:25:24","modified_gmt":"2026-02-27T08:25:24","slug":"atlantic-schooner-model-atl3-2","status":"publish","type":"product","link":"https:\/\/nordicmart.andreevmaster.com\/sv\/produkt\/atlantic-schooner-model-atl3-2\/","title":{"rendered":"Atlantic schooner model &#8211; ATL3"},"content":{"rendered":"<p>Atlantic schooner model &#8211; ATL3&nbsp;&nbsp;Denna unika modell av en tremastad skonare \u00e4r en replika av det ber\u00f6mda segelfartyget Atlantic fr\u00e5n 1903, som 1905 satte ett kursrekord under den transatlantiska t\u00e4vlingen fr\u00e5n New York till London.&nbsp;Modellen \u00e4r tillverkad av tr\u00e4 och segelduk, vilket ger den ett autentiskt utseende och garanterar dess h\u00e5llbarhet. Tr\u00e4skroppen \u00e4r noggrant bearbetad och lackerad, och seglen av canvas \u00e4r sydda med omsorg om detaljerna.&nbsp;&nbsp;Modellen av skonaren Atlantic \u00e4r:&nbsp;En fantastisk present till seglingsentusiaster: Den kommer att gl\u00e4dja alla som \u00e4lskar havet och segling.En unik inredningsdetalj: Den kommer att dra blickarna till sig och ge rummet en maritim pr\u00e4gel.H\u00f6gkvalitativt hantverk: Modellen \u00e4r tillverkad av h\u00e5llbara material&nbsp;Produktinformation:&nbsp;M\u00e5tt: 52 x 46 x 10 cmMaterial: tr\u00e4, duk&nbsp;<\/p>\n","protected":false},"excerpt":{"rendered":"<p>Atlantic schooner model &#8211; ATL3&nbsp;&nbsp;Denna unika modell av en tremastad skonare \u00e4r en replika av det ber\u00f6mda segelfartyget Atlantic fr\u00e5n 1903, som 1905 satte ett kursrekord under den transatlantiska t\u00e4vlingen fr\u00e5n New York till London.&nbsp;Modellen \u00e4r tillverkad av tr\u00e4 och segelduk, vilket ger den ett autentiskt utseende och garanterar dess h\u00e5llbarhet. Tr\u00e4skroppen \u00e4r noggrant bearbetad [&hellip;]<\/p>\n","protected":false},"featured_media":44964,"comment_status":"open","ping_status":"closed","template":"","meta":[],"product_brand":[],"product_cat":[33],"product_tag":[],"class_list":{"0":"post-17645","1":"product","2":"type-product","3":"status-publish","4":"has-post-thumbnail","6":"product_cat-okategoriserad","8":"first","9":"instock","10":"shipping-taxable","11":"purchasable","12":"product-type-simple"},"_links":{"self":[{"href":"https:\/\/nordicmart.andreevmaster.com\/sv\/wp-json\/wp\/v2\/product\/17645","targetHints":{"allow":["GET"]}}],"collection":[{"href":"https:\/\/nordicmart.andreevmaster.com\/sv\/wp-json\/wp\/v2\/product"}],"about":[{"href":"https:\/\/nordicmart.andreevmaster.com\/sv\/wp-json\/wp\/v2\/types\/product"}],"replies":[{"embeddable":true,"href":"https:\/\/nordicmart.andreevmaster.com\/sv\/wp-json\/wp\/v2\/comments?post=17645"}],"wp:featuredmedia":[{"embeddable":true,"href":"https:\/\/nordicmart.andreevmaster.com\/sv\/wp-json\/wp\/v2\/media\/44964"}],"wp:attachment":[{"href":"https:\/\/nordicmart.andreevmaster.com\/sv\/wp-json\/wp\/v2\/media?parent=17645"}],"wp:term":[{"taxonomy":"product_brand","embeddable":true,"href":"https:\/\/nordicmart.andreevmaster.com\/sv\/wp-json\/wp\/v2\/product_brand?post=17645"},{"taxonomy":"product_cat","embeddable":true,"href":"https:\/\/nordicmart.andreevmaster.com\/sv\/wp-json\/wp\/v2\/product_cat?post=17645"},{"taxonomy":"product_tag","embeddable":true,"href":"https:\/\/nordicmart.andreevmaster.com\/sv\/wp-json\/wp\/v2\/product_tag?post=17645"}],"curies":[{"name":"wp","href":"https:\/\/api.w.org\/{rel}","templated":true}]}}