{"id":17644,"date":"2026-02-27T00:35:57","date_gmt":"2026-02-27T00:35:57","guid":{"rendered":"https:\/\/nordicmart.andreevmaster.com\/product\/unikt-smyckeskrin-i-metall-fjaril-b0782-00\/"},"modified":"2026-02-27T08:25:24","modified_gmt":"2026-02-27T08:25:24","slug":"unikt-smyckeskrin-i-metall-fjaril-b0782-00","status":"publish","type":"product","link":"https:\/\/nordicmart.andreevmaster.com\/sv\/produkt\/unikt-smyckeskrin-i-metall-fjaril-b0782-00\/","title":{"rendered":"Unikt smyckeskrin i metall \u2013 Fj\u00e4ril \u2013 B0782-00"},"content":{"rendered":"<p>Unikt smyckeskrin i metall \u2013 Fj\u00e4ril \u2013 B0782-00&nbsp;&nbsp;&nbsp;Elegant skrin \u2013 ett smyckeskrin i form av en fj\u00e4ril&nbsp;Smyckeskrinet i form av en fj\u00e4ril \u00e4r en kombination av elegans och funktionalitet. Vackra pastellf\u00e4rger och rika dekorationer ger den en flickaktig karakt\u00e4r och g\u00f6r den samtidigt till en idealisk presentid\u00e9 till en n\u00e4ra och k\u00e4r. Den \u00e4r ocks\u00e5 perfekt som en elegant f\u00f6rvaringsplats f\u00f6r smycken.&nbsp;&nbsp;Perfekt present till alla kvinnor&nbsp;Den fj\u00e4rilsformade ask \u00e4r den perfekta presenten till alla kvinnor som uppskattar sk\u00f6nhet och praktiska l\u00f6sningar. Det \u00e4r ett perfekt st\u00e4lle att f\u00f6rvara dina favoritsmycken p\u00e5, och samtidigt blir det en dekoration f\u00f6r ditt sminkbord eller skrivbord.&nbsp;&nbsp;Unikt dekorativt element&nbsp;Det fj\u00e4rilsformade smyckeskrinet \u00e4r inte bara en praktisk l\u00f6sning, utan ocks\u00e5 ett unikt dekorativt element. De fina motiven och pastellf\u00e4rgerna g\u00f6r att det passar perfekt i alla interi\u00f6rer. H\u00f6gkvalitativa material och precision i tillverkningen garanterar att l\u00e5dan kommer att gl\u00e4dja \u00f6gat under l\u00e5ng tid.&nbsp;&nbsp;Produktinformation:&nbsp;M\u00e5tt: 5,5 x 6,5 cmMaterial: metall (zink), emaljF\u00e4rg: rosa, guldVackra pastellf\u00e4rger&nbsp;<\/p>\n","protected":false},"excerpt":{"rendered":"<p>Unikt smyckeskrin i metall \u2013 Fj\u00e4ril \u2013 B0782-00&nbsp;&nbsp;&nbsp;Elegant skrin \u2013 ett smyckeskrin i form av en fj\u00e4ril&nbsp;Smyckeskrinet i form av en fj\u00e4ril \u00e4r en kombination av elegans och funktionalitet. Vackra pastellf\u00e4rger och rika dekorationer ger den en flickaktig karakt\u00e4r och g\u00f6r den samtidigt till en idealisk presentid\u00e9 till en n\u00e4ra och k\u00e4r. Den \u00e4r ocks\u00e5 [&hellip;]<\/p>\n","protected":false},"featured_media":44963,"comment_status":"open","ping_status":"closed","template":"","meta":[],"product_brand":[],"product_cat":[33],"product_tag":[],"class_list":{"0":"post-17644","1":"product","2":"type-product","3":"status-publish","4":"has-post-thumbnail","6":"product_cat-okategoriserad","8":"first","9":"instock","10":"shipping-taxable","11":"purchasable","12":"product-type-simple"},"_links":{"self":[{"href":"https:\/\/nordicmart.andreevmaster.com\/sv\/wp-json\/wp\/v2\/product\/17644","targetHints":{"allow":["GET"]}}],"collection":[{"href":"https:\/\/nordicmart.andreevmaster.com\/sv\/wp-json\/wp\/v2\/product"}],"about":[{"href":"https:\/\/nordicmart.andreevmaster.com\/sv\/wp-json\/wp\/v2\/types\/product"}],"replies":[{"embeddable":true,"href":"https:\/\/nordicmart.andreevmaster.com\/sv\/wp-json\/wp\/v2\/comments?post=17644"}],"wp:featuredmedia":[{"embeddable":true,"href":"https:\/\/nordicmart.andreevmaster.com\/sv\/wp-json\/wp\/v2\/media\/44963"}],"wp:attachment":[{"href":"https:\/\/nordicmart.andreevmaster.com\/sv\/wp-json\/wp\/v2\/media?parent=17644"}],"wp:term":[{"taxonomy":"product_brand","embeddable":true,"href":"https:\/\/nordicmart.andreevmaster.com\/sv\/wp-json\/wp\/v2\/product_brand?post=17644"},{"taxonomy":"product_cat","embeddable":true,"href":"https:\/\/nordicmart.andreevmaster.com\/sv\/wp-json\/wp\/v2\/product_cat?post=17644"},{"taxonomy":"product_tag","embeddable":true,"href":"https:\/\/nordicmart.andreevmaster.com\/sv\/wp-json\/wp\/v2\/product_tag?post=17644"}],"curies":[{"name":"wp","href":"https:\/\/api.w.org\/{rel}","templated":true}]}}