{"id":17643,"date":"2026-02-27T00:35:57","date_gmt":"2026-02-27T00:35:57","guid":{"rendered":"https:\/\/nordicmart.andreevmaster.com\/product\/unik-presentask-i-metall-med-kristaller-dragonfly-b0780-06\/"},"modified":"2026-02-27T08:25:24","modified_gmt":"2026-02-27T08:25:24","slug":"unik-presentask-i-metall-med-kristaller-dragonfly-b0780-06","status":"publish","type":"product","link":"https:\/\/nordicmart.andreevmaster.com\/sv\/produkt\/unik-presentask-i-metall-med-kristaller-dragonfly-b0780-06\/","title":{"rendered":"Unik presentask i metall med kristaller \u2013 Dragonfly \u2013 B0780-06"},"content":{"rendered":"<p>Unik presentask i metall med kristaller \u2013 Dragonfly \u2013 B0780-06&nbsp;&nbsp;&nbsp;Elegant ask med kristaller \u2013 Dragonfly \u2013 en perfekt present med flickaktig karakt\u00e4r&nbsp;Den rikt dekorerade l\u00e5dan med kristaller i form av en trollsl\u00e4nda \u00e4r det perfekta valet f\u00f6r en tidl\u00f6s present. Kombinationen av vacker design och en praktisk f\u00f6rvaringsplats f\u00f6r smycken kommer s\u00e4kert att gl\u00e4dja alla kvinnor.&nbsp;&nbsp;Unik dekoration f\u00f6r skrivbordet eller toalettbordet&nbsp;L\u00e5dan kan inte bara vara en praktisk f\u00f6rvaringsplats f\u00f6r smycken, utan ocks\u00e5 en vacker dekoration f\u00f6r skrivbordet eller toalettbordet. Tillverkad av h\u00f6gkvalitativa material och rikt dekorerad med kristaller kommer l\u00e5dan s\u00e4kert att dra uppm\u00e4rksamhet till sig och ge interi\u00f6ren en elegant karakt\u00e4r.&nbsp;&nbsp;Produktinformation:&nbsp;M\u00e5tt: 5,5 x 6,5 cmMaterial: kristall, metall (zink), emaljF\u00e4rg: bl\u00e5, guld, marinbl\u00e5Vacker, rikt dekorerad med kristallerFlickaktig karakt\u00e4r, vackra f\u00e4rger (pastellnyanser)&nbsp;<\/p>\n","protected":false},"excerpt":{"rendered":"<p>Unik presentask i metall med kristaller \u2013 Dragonfly \u2013 B0780-06&nbsp;&nbsp;&nbsp;Elegant ask med kristaller \u2013 Dragonfly \u2013 en perfekt present med flickaktig karakt\u00e4r&nbsp;Den rikt dekorerade l\u00e5dan med kristaller i form av en trollsl\u00e4nda \u00e4r det perfekta valet f\u00f6r en tidl\u00f6s present. Kombinationen av vacker design och en praktisk f\u00f6rvaringsplats f\u00f6r smycken kommer s\u00e4kert att gl\u00e4dja alla [&hellip;]<\/p>\n","protected":false},"featured_media":44962,"comment_status":"open","ping_status":"closed","template":"","meta":[],"product_brand":[],"product_cat":[33],"product_tag":[],"class_list":{"0":"post-17643","1":"product","2":"type-product","3":"status-publish","4":"has-post-thumbnail","6":"product_cat-okategoriserad","8":"first","9":"instock","10":"shipping-taxable","11":"purchasable","12":"product-type-simple"},"_links":{"self":[{"href":"https:\/\/nordicmart.andreevmaster.com\/sv\/wp-json\/wp\/v2\/product\/17643","targetHints":{"allow":["GET"]}}],"collection":[{"href":"https:\/\/nordicmart.andreevmaster.com\/sv\/wp-json\/wp\/v2\/product"}],"about":[{"href":"https:\/\/nordicmart.andreevmaster.com\/sv\/wp-json\/wp\/v2\/types\/product"}],"replies":[{"embeddable":true,"href":"https:\/\/nordicmart.andreevmaster.com\/sv\/wp-json\/wp\/v2\/comments?post=17643"}],"wp:featuredmedia":[{"embeddable":true,"href":"https:\/\/nordicmart.andreevmaster.com\/sv\/wp-json\/wp\/v2\/media\/44962"}],"wp:attachment":[{"href":"https:\/\/nordicmart.andreevmaster.com\/sv\/wp-json\/wp\/v2\/media?parent=17643"}],"wp:term":[{"taxonomy":"product_brand","embeddable":true,"href":"https:\/\/nordicmart.andreevmaster.com\/sv\/wp-json\/wp\/v2\/product_brand?post=17643"},{"taxonomy":"product_cat","embeddable":true,"href":"https:\/\/nordicmart.andreevmaster.com\/sv\/wp-json\/wp\/v2\/product_cat?post=17643"},{"taxonomy":"product_tag","embeddable":true,"href":"https:\/\/nordicmart.andreevmaster.com\/sv\/wp-json\/wp\/v2\/product_tag?post=17643"}],"curies":[{"name":"wp","href":"https:\/\/api.w.org\/{rel}","templated":true}]}}