{"id":17642,"date":"2026-02-27T00:35:57","date_gmt":"2026-02-27T00:35:57","guid":{"rendered":"https:\/\/nordicmart.andreevmaster.com\/product\/exklusiv-presentask-i-metall-med-kristaller-faberge-agg-b0748-17-bl\/"},"modified":"2026-02-27T08:25:24","modified_gmt":"2026-02-27T08:25:24","slug":"exklusiv-presentask-i-metall-med-kristaller-faberge-agg-b0748-17-bl","status":"publish","type":"product","link":"https:\/\/nordicmart.andreevmaster.com\/sv\/produkt\/exklusiv-presentask-i-metall-med-kristaller-faberge-agg-b0748-17-bl\/","title":{"rendered":"Exklusiv presentask i metall med kristaller \u2013 Faberg\u00e9-\u00e4gg \u2013 B0748-17 BL"},"content":{"rendered":"<p>Exklusiv presentask i metall med kristaller \u2013 Faberg\u00e9-\u00e4gg \u2013 B0748-17 BL&nbsp;&nbsp;&nbsp;Elegant ask med kristaller \u2013 Faberg\u00e9-\u00e4gg&nbsp;Letar du efter ett unikt st\u00e4lle att f\u00f6rvara smycken eller ett unikt dekorativt element? Den exklusiva metallf\u00f6rpackningen i form av ett Faberg\u00e9-\u00e4gg \u00e4r det perfekta valet f\u00f6r elegans. Faberg\u00e9-\u00e4gg \u00e4r sm\u00e5, intrikat tillverkade m\u00e4sterverk av smycken som blev ber\u00f6mda i slutet av 1800-talet. De best\u00e4lldes av tsar Alexander III som g\u00e5vor till hans hustru Maria Feodorovna och blev en symbol f\u00f6r rikedom, lyx och hantverksskicklighet. De gl\u00e4der fortfarande samlare \u00f6ver hela v\u00e4rlden.&nbsp;Faberg&eacute;-\u00e4ggask \u00e4r en perfekt presentid\u00e9 till en n\u00e4ra och k\u00e4r som uppskattar sk\u00f6nhet och unikhet. Kombinationen av rik kristalldekoration, livfulla f\u00e4rger och Faberg\u00e9\u00e4ggets eleganta form g\u00f6r l\u00e5dan inte bara till en praktisk f\u00f6rvaringsplats f\u00f6r smycken, utan ocks\u00e5 till en inredningsdetalj. Elegant dekorativ detalj: Faberg\u00e9\u00e4ggets formade l\u00e5da \u00e4r en mycket imponerande dekorativ detalj som tillf\u00f6r elegans till alla inredningar.H\u00f6gkvalitativa kristaller och intrikata dekorationer skimrar vackert i ljuset, drar uppm\u00e4rksamheten till sig och ger glans \u00e5t inredningen. Den kompakta storleken (5,5 x 6,5 cm) g\u00f6r l\u00e5dan perfekt som dekoration p\u00e5 ett skrivbord, toalettbord, hylla eller byr\u00e5.Den blir ett smakfullt tillskott till alla interi\u00f6rer, oavsett inredningsstil.&nbsp;Produktinformation:&nbsp;M\u00e5tt: 5,5 x 6,5 cmMaterial: kristall, metall (zink), emaljF\u00e4rg: marinbl\u00e5 och guldVackra, levande f\u00e4rgerRika dekorationer med kristaller&nbsp;<\/p>\n","protected":false},"excerpt":{"rendered":"<p>Exklusiv presentask i metall med kristaller \u2013 Faberg\u00e9-\u00e4gg \u2013 B0748-17 BL&nbsp;&nbsp;&nbsp;Elegant ask med kristaller \u2013 Faberg\u00e9-\u00e4gg&nbsp;Letar du efter ett unikt st\u00e4lle att f\u00f6rvara smycken eller ett unikt dekorativt element? Den exklusiva metallf\u00f6rpackningen i form av ett Faberg\u00e9-\u00e4gg \u00e4r det perfekta valet f\u00f6r elegans. Faberg\u00e9-\u00e4gg \u00e4r sm\u00e5, intrikat tillverkade m\u00e4sterverk av smycken som blev ber\u00f6mda i [&hellip;]<\/p>\n","protected":false},"featured_media":44961,"comment_status":"open","ping_status":"closed","template":"","meta":[],"product_brand":[],"product_cat":[33],"product_tag":[],"class_list":{"0":"post-17642","1":"product","2":"type-product","3":"status-publish","4":"has-post-thumbnail","6":"product_cat-okategoriserad","8":"first","9":"instock","10":"shipping-taxable","11":"purchasable","12":"product-type-simple"},"_links":{"self":[{"href":"https:\/\/nordicmart.andreevmaster.com\/sv\/wp-json\/wp\/v2\/product\/17642","targetHints":{"allow":["GET"]}}],"collection":[{"href":"https:\/\/nordicmart.andreevmaster.com\/sv\/wp-json\/wp\/v2\/product"}],"about":[{"href":"https:\/\/nordicmart.andreevmaster.com\/sv\/wp-json\/wp\/v2\/types\/product"}],"replies":[{"embeddable":true,"href":"https:\/\/nordicmart.andreevmaster.com\/sv\/wp-json\/wp\/v2\/comments?post=17642"}],"wp:featuredmedia":[{"embeddable":true,"href":"https:\/\/nordicmart.andreevmaster.com\/sv\/wp-json\/wp\/v2\/media\/44961"}],"wp:attachment":[{"href":"https:\/\/nordicmart.andreevmaster.com\/sv\/wp-json\/wp\/v2\/media?parent=17642"}],"wp:term":[{"taxonomy":"product_brand","embeddable":true,"href":"https:\/\/nordicmart.andreevmaster.com\/sv\/wp-json\/wp\/v2\/product_brand?post=17642"},{"taxonomy":"product_cat","embeddable":true,"href":"https:\/\/nordicmart.andreevmaster.com\/sv\/wp-json\/wp\/v2\/product_cat?post=17642"},{"taxonomy":"product_tag","embeddable":true,"href":"https:\/\/nordicmart.andreevmaster.com\/sv\/wp-json\/wp\/v2\/product_tag?post=17642"}],"curies":[{"name":"wp","href":"https:\/\/api.w.org\/{rel}","templated":true}]}}