{"id":17641,"date":"2026-02-27T00:35:56","date_gmt":"2026-02-27T00:35:56","guid":{"rendered":"https:\/\/nordicmart.andreevmaster.com\/product\/unikt-smyckeskrin-i-metall-med-kristaller-hjarta-b0747-00\/"},"modified":"2026-02-27T08:25:23","modified_gmt":"2026-02-27T08:25:23","slug":"unikt-smyckeskrin-i-metall-med-kristaller-hjarta-b0747-00","status":"publish","type":"product","link":"https:\/\/nordicmart.andreevmaster.com\/sv\/produkt\/unikt-smyckeskrin-i-metall-med-kristaller-hjarta-b0747-00\/","title":{"rendered":"Unikt smyckeskrin i metall med kristaller \u2013 Hj\u00e4rta \u2013 B0747-00"},"content":{"rendered":"<p>Unikt smyckeskrin i metall med kristaller \u2013 Hj\u00e4rta \u2013 B0747-00&nbsp;&nbsp;Elegant smyckeskrin med kristaller \u2013 Hj\u00e4rta&nbsp;&nbsp;Elegant hj\u00e4rtformat smyckeskrin \u00e4r en unik och praktisk present till en n\u00e4ra och k\u00e4r! Perfekt som ett elegant smyckeskrin. Metallskrinet \u00e4r rikt dekorerat med kristaller som ger det en lyxig karakt\u00e4r.&nbsp;Skrinet f\u00f6rtjusar med sitt utseende. Den romantiska hj\u00e4rtformen och de rika dekorationerna g\u00f6r det inte bara till en praktisk f\u00f6rem\u00e5l, utan ocks\u00e5 till ett vackert dekorativt element. Smyckeskrinet passar perfekt som dekoration p\u00e5 skrivbordet eller toalettbordet och ger en romantisk och elegant karakt\u00e4r.&nbsp;&nbsp;Produktinformation:&nbsp;M\u00e5tt: 4,8 x 4 x 2,5 cmMaterial: kristall, metall (zink), emaljF\u00e4rg: r\u00f6d-guld-silverVackra, levande f\u00e4rgerRomantisk designUnika kristalldekorationer&nbsp;<\/p>\n","protected":false},"excerpt":{"rendered":"<p>Unikt smyckeskrin i metall med kristaller \u2013 Hj\u00e4rta \u2013 B0747-00&nbsp;&nbsp;Elegant smyckeskrin med kristaller \u2013 Hj\u00e4rta&nbsp;&nbsp;Elegant hj\u00e4rtformat smyckeskrin \u00e4r en unik och praktisk present till en n\u00e4ra och k\u00e4r! Perfekt som ett elegant smyckeskrin. Metallskrinet \u00e4r rikt dekorerat med kristaller som ger det en lyxig karakt\u00e4r.&nbsp;Skrinet f\u00f6rtjusar med sitt utseende. Den romantiska hj\u00e4rtformen och de rika [&hellip;]<\/p>\n","protected":false},"featured_media":44960,"comment_status":"open","ping_status":"closed","template":"","meta":[],"product_brand":[],"product_cat":[33],"product_tag":[],"class_list":{"0":"post-17641","1":"product","2":"type-product","3":"status-publish","4":"has-post-thumbnail","6":"product_cat-okategoriserad","8":"first","9":"instock","10":"shipping-taxable","11":"purchasable","12":"product-type-simple"},"_links":{"self":[{"href":"https:\/\/nordicmart.andreevmaster.com\/sv\/wp-json\/wp\/v2\/product\/17641","targetHints":{"allow":["GET"]}}],"collection":[{"href":"https:\/\/nordicmart.andreevmaster.com\/sv\/wp-json\/wp\/v2\/product"}],"about":[{"href":"https:\/\/nordicmart.andreevmaster.com\/sv\/wp-json\/wp\/v2\/types\/product"}],"replies":[{"embeddable":true,"href":"https:\/\/nordicmart.andreevmaster.com\/sv\/wp-json\/wp\/v2\/comments?post=17641"}],"wp:featuredmedia":[{"embeddable":true,"href":"https:\/\/nordicmart.andreevmaster.com\/sv\/wp-json\/wp\/v2\/media\/44960"}],"wp:attachment":[{"href":"https:\/\/nordicmart.andreevmaster.com\/sv\/wp-json\/wp\/v2\/media?parent=17641"}],"wp:term":[{"taxonomy":"product_brand","embeddable":true,"href":"https:\/\/nordicmart.andreevmaster.com\/sv\/wp-json\/wp\/v2\/product_brand?post=17641"},{"taxonomy":"product_cat","embeddable":true,"href":"https:\/\/nordicmart.andreevmaster.com\/sv\/wp-json\/wp\/v2\/product_cat?post=17641"},{"taxonomy":"product_tag","embeddable":true,"href":"https:\/\/nordicmart.andreevmaster.com\/sv\/wp-json\/wp\/v2\/product_tag?post=17641"}],"curies":[{"name":"wp","href":"https:\/\/api.w.org\/{rel}","templated":true}]}}