{"id":17640,"date":"2026-02-27T00:35:56","date_gmt":"2026-02-27T00:35:56","guid":{"rendered":"https:\/\/nordicmart.andreevmaster.com\/product\/original-presentask-i-metall-med-kristaller-svan-b0736-02\/"},"modified":"2026-02-27T08:25:23","modified_gmt":"2026-02-27T08:25:23","slug":"original-presentask-i-metall-med-kristaller-svan-b0736-02","status":"publish","type":"product","link":"https:\/\/nordicmart.andreevmaster.com\/sv\/produkt\/original-presentask-i-metall-med-kristaller-svan-b0736-02\/","title":{"rendered":"Original presentask i metall med kristaller \u2013 Svan &#8211; B0736-02"},"content":{"rendered":"<p>Original presentask i metall med kristaller \u2013 Swan &#8211; B0736-02&nbsp;&nbsp;Detta \u00e4r en intressant presentid\u00e9 f\u00f6r dig som \u00e4lskar originella f\u00f6rem\u00e5l. Den svanformade l\u00e5dan kommer garanterat att imponera p\u00e5 mottagaren, oavsett tillf\u00e4lle. Den kan anv\u00e4ndas f\u00f6r f\u00f6rvaring av smycken eller andra sm\u00e5 f\u00f6rem\u00e5l. Trots sin lilla storlek (5&#215;3,7&#215;2,7 cm) kan l\u00e5dan vara ett intressant dekorativt inslag. Den originella svanformen, de h\u00f6gkvalitativa materialen (metall \u2013 zink, glasyr och kristall) och de eleganta dekorationerna i vitt och guld g\u00f6r l\u00e5dan perfekt som dekoration p\u00e5 ett skrivbord, toalettbord, byr\u00e5 eller en hylla.&nbsp;&nbsp;Produktinformation:&nbsp;M\u00e5tt: 5&#215;3,7&#215;2,7 cmMaterial: metall (zink), emalj, kristallF\u00e4rg: vit, guldEgenskaper:OriginaldesignH\u00f6g kvalitet p\u00e5 tillverkningenPerfekt f\u00f6r f\u00f6rvaring av smyckenBra presentid\u00e9&nbsp;<\/p>\n","protected":false},"excerpt":{"rendered":"<p>Original presentask i metall med kristaller \u2013 Swan &#8211; B0736-02&nbsp;&nbsp;Detta \u00e4r en intressant presentid\u00e9 f\u00f6r dig som \u00e4lskar originella f\u00f6rem\u00e5l. Den svanformade l\u00e5dan kommer garanterat att imponera p\u00e5 mottagaren, oavsett tillf\u00e4lle. Den kan anv\u00e4ndas f\u00f6r f\u00f6rvaring av smycken eller andra sm\u00e5 f\u00f6rem\u00e5l. Trots sin lilla storlek (5&#215;3,7&#215;2,7 cm) kan l\u00e5dan vara ett intressant dekorativt inslag. [&hellip;]<\/p>\n","protected":false},"featured_media":44959,"comment_status":"open","ping_status":"closed","template":"","meta":[],"product_brand":[],"product_cat":[33],"product_tag":[],"class_list":{"0":"post-17640","1":"product","2":"type-product","3":"status-publish","4":"has-post-thumbnail","6":"product_cat-okategoriserad","8":"first","9":"instock","10":"shipping-taxable","11":"purchasable","12":"product-type-simple"},"_links":{"self":[{"href":"https:\/\/nordicmart.andreevmaster.com\/sv\/wp-json\/wp\/v2\/product\/17640","targetHints":{"allow":["GET"]}}],"collection":[{"href":"https:\/\/nordicmart.andreevmaster.com\/sv\/wp-json\/wp\/v2\/product"}],"about":[{"href":"https:\/\/nordicmart.andreevmaster.com\/sv\/wp-json\/wp\/v2\/types\/product"}],"replies":[{"embeddable":true,"href":"https:\/\/nordicmart.andreevmaster.com\/sv\/wp-json\/wp\/v2\/comments?post=17640"}],"wp:featuredmedia":[{"embeddable":true,"href":"https:\/\/nordicmart.andreevmaster.com\/sv\/wp-json\/wp\/v2\/media\/44959"}],"wp:attachment":[{"href":"https:\/\/nordicmart.andreevmaster.com\/sv\/wp-json\/wp\/v2\/media?parent=17640"}],"wp:term":[{"taxonomy":"product_brand","embeddable":true,"href":"https:\/\/nordicmart.andreevmaster.com\/sv\/wp-json\/wp\/v2\/product_brand?post=17640"},{"taxonomy":"product_cat","embeddable":true,"href":"https:\/\/nordicmart.andreevmaster.com\/sv\/wp-json\/wp\/v2\/product_cat?post=17640"},{"taxonomy":"product_tag","embeddable":true,"href":"https:\/\/nordicmart.andreevmaster.com\/sv\/wp-json\/wp\/v2\/product_tag?post=17640"}],"curies":[{"name":"wp","href":"https:\/\/api.w.org\/{rel}","templated":true}]}}