{"id":17639,"date":"2026-02-27T00:35:56","date_gmt":"2026-02-27T00:35:56","guid":{"rendered":"https:\/\/nordicmart.andreevmaster.com\/product\/unik-metallada-dekorerad-med-kristaller-fagel-b0192-02\/"},"modified":"2026-02-27T08:25:23","modified_gmt":"2026-02-27T08:25:23","slug":"unik-metallada-dekorerad-med-kristaller-fagel-b0192-02","status":"publish","type":"product","link":"https:\/\/nordicmart.andreevmaster.com\/sv\/produkt\/unik-metallada-dekorerad-med-kristaller-fagel-b0192-02\/","title":{"rendered":"Unik metall\u00e5da dekorerad med kristaller \u2013 F\u00e5gel \u2013 B0192-02"},"content":{"rendered":"<p>Unik metallask dekorerad med kristaller \u2013 F\u00e5gel \u2013 B0192-02&nbsp;&nbsp;&nbsp;Elegant ask i form av en f\u00e5gel \u2013 en unik dekoration&nbsp;&nbsp;Den f\u00e5gelformade asken \u00e4r ett stilfullt och praktiskt dekorativt element. Den \u00e4r tillverkad av h\u00f6gkvalitativ metall och dekorerad med kristaller, och fungerar inte bara som en praktisk f\u00f6rvaringsplats utan ocks\u00e5 som en unik dekoration.&nbsp;Letar du efter en originell present till en n\u00e4ra och k\u00e4r? Den f\u00e5gelformade l\u00e5dan kommer s\u00e4kert att gl\u00e4dja henne! Det h\u00e4r \u00e4r en perfekt id\u00e9 f\u00f6r en f\u00f6delsedags-, namnsdags-, jul- eller jubileumspresent.&nbsp;Trots sin lilla storlek kan en f\u00e5gelformad l\u00e5da vara ett vackert dekorativt element. Dess unika form och rika dekorationer drar uppm\u00e4rksamhet till sig och ger karakt\u00e4r till alla interi\u00f6rer. L\u00e5dan passar perfekt som dekoration p\u00e5 ett skrivbord, toalettbord, hylla eller byr\u00e5.&nbsp;&nbsp;Produktinformation:&nbsp;M\u00e5tt: 5x6x5cmMaterial: metall (zink), emalj, kristallF\u00e4rg: svart, silver, brun, orangeEgenskaper:Original f\u00e5gelformRika kristalldekorationerH\u00f6g kvalitet p\u00e5 utf\u00f6randetPerfekt f\u00f6r f\u00f6rvaring av smycken, prydnadssaker eller andra f\u00f6rem\u00e5l&nbsp;<\/p>\n","protected":false},"excerpt":{"rendered":"<p>Unik metallask dekorerad med kristaller \u2013 F\u00e5gel \u2013 B0192-02&nbsp;&nbsp;&nbsp;Elegant ask i form av en f\u00e5gel \u2013 en unik dekoration&nbsp;&nbsp;Den f\u00e5gelformade asken \u00e4r ett stilfullt och praktiskt dekorativt element. Den \u00e4r tillverkad av h\u00f6gkvalitativ metall och dekorerad med kristaller, och fungerar inte bara som en praktisk f\u00f6rvaringsplats utan ocks\u00e5 som en unik dekoration.&nbsp;Letar du efter en [&hellip;]<\/p>\n","protected":false},"featured_media":44958,"comment_status":"open","ping_status":"closed","template":"","meta":[],"product_brand":[],"product_cat":[33],"product_tag":[],"class_list":{"0":"post-17639","1":"product","2":"type-product","3":"status-publish","4":"has-post-thumbnail","6":"product_cat-okategoriserad","8":"first","9":"instock","10":"shipping-taxable","11":"purchasable","12":"product-type-simple"},"_links":{"self":[{"href":"https:\/\/nordicmart.andreevmaster.com\/sv\/wp-json\/wp\/v2\/product\/17639","targetHints":{"allow":["GET"]}}],"collection":[{"href":"https:\/\/nordicmart.andreevmaster.com\/sv\/wp-json\/wp\/v2\/product"}],"about":[{"href":"https:\/\/nordicmart.andreevmaster.com\/sv\/wp-json\/wp\/v2\/types\/product"}],"replies":[{"embeddable":true,"href":"https:\/\/nordicmart.andreevmaster.com\/sv\/wp-json\/wp\/v2\/comments?post=17639"}],"wp:featuredmedia":[{"embeddable":true,"href":"https:\/\/nordicmart.andreevmaster.com\/sv\/wp-json\/wp\/v2\/media\/44958"}],"wp:attachment":[{"href":"https:\/\/nordicmart.andreevmaster.com\/sv\/wp-json\/wp\/v2\/media?parent=17639"}],"wp:term":[{"taxonomy":"product_brand","embeddable":true,"href":"https:\/\/nordicmart.andreevmaster.com\/sv\/wp-json\/wp\/v2\/product_brand?post=17639"},{"taxonomy":"product_cat","embeddable":true,"href":"https:\/\/nordicmart.andreevmaster.com\/sv\/wp-json\/wp\/v2\/product_cat?post=17639"},{"taxonomy":"product_tag","embeddable":true,"href":"https:\/\/nordicmart.andreevmaster.com\/sv\/wp-json\/wp\/v2\/product_tag?post=17639"}],"curies":[{"name":"wp","href":"https:\/\/api.w.org\/{rel}","templated":true}]}}