{"id":17638,"date":"2026-02-27T00:35:56","date_gmt":"2026-02-27T00:35:56","guid":{"rendered":"https:\/\/nordicmart.andreevmaster.com\/product\/set-med-4-vodkaglas-massing-matt-sek\/"},"modified":"2026-02-27T08:25:23","modified_gmt":"2026-02-27T08:25:23","slug":"set-med-4-vodkaglas-massing-matt-sek","status":"publish","type":"product","link":"https:\/\/nordicmart.andreevmaster.com\/sv\/produkt\/set-med-4-vodkaglas-massing-matt-sek\/","title":{"rendered":"Set med 4 vodkaglas \u2013 m\u00e4ssing, matt \u2013 SEK"},"content":{"rendered":"<p>Set med 4 vodkaglas &#8211; m\u00e4ssing, matt &#8211; SEK&nbsp;&nbsp;&nbsp;Set med 4 m\u00e4ssingsglas f\u00f6r vodka, lik\u00f6r och allt annat du kan t\u00e4nka dig. Glasset \u00e4r en presentid\u00e9 f\u00f6r en man. Glasen kommer v\u00e4l till pass under en hemmafest. Du kan ta med metallglasen p\u00e5 resan utan att vara r\u00e4dd f\u00f6r att de ska g\u00e5 s\u00f6nder och njuta av dina favoritdrycker i vackra naturmilj\u00f6er.&nbsp;&nbsp;Produktinformation:&nbsp;M\u00e5tt:H\u00f6jd: 5,3 cmDiameter: 4 cmVolym: 50 mlAntal: 4 styckenF\u00e4rg: guld (matt)Material: m\u00e4ssing&nbsp;<\/p>\n","protected":false},"excerpt":{"rendered":"<p>Set med 4 vodkaglas &#8211; m\u00e4ssing, matt &#8211; SEK&nbsp;&nbsp;&nbsp;Set med 4 m\u00e4ssingsglas f\u00f6r vodka, lik\u00f6r och allt annat du kan t\u00e4nka dig. Glasset \u00e4r en presentid\u00e9 f\u00f6r en man. Glasen kommer v\u00e4l till pass under en hemmafest. Du kan ta med metallglasen p\u00e5 resan utan att vara r\u00e4dd f\u00f6r att de ska g\u00e5 s\u00f6nder och [&hellip;]<\/p>\n","protected":false},"featured_media":44957,"comment_status":"open","ping_status":"closed","template":"","meta":[],"product_brand":[],"product_cat":[33],"product_tag":[],"class_list":{"0":"post-17638","1":"product","2":"type-product","3":"status-publish","4":"has-post-thumbnail","6":"product_cat-okategoriserad","8":"first","9":"instock","10":"shipping-taxable","11":"purchasable","12":"product-type-simple"},"_links":{"self":[{"href":"https:\/\/nordicmart.andreevmaster.com\/sv\/wp-json\/wp\/v2\/product\/17638","targetHints":{"allow":["GET"]}}],"collection":[{"href":"https:\/\/nordicmart.andreevmaster.com\/sv\/wp-json\/wp\/v2\/product"}],"about":[{"href":"https:\/\/nordicmart.andreevmaster.com\/sv\/wp-json\/wp\/v2\/types\/product"}],"replies":[{"embeddable":true,"href":"https:\/\/nordicmart.andreevmaster.com\/sv\/wp-json\/wp\/v2\/comments?post=17638"}],"wp:featuredmedia":[{"embeddable":true,"href":"https:\/\/nordicmart.andreevmaster.com\/sv\/wp-json\/wp\/v2\/media\/44957"}],"wp:attachment":[{"href":"https:\/\/nordicmart.andreevmaster.com\/sv\/wp-json\/wp\/v2\/media?parent=17638"}],"wp:term":[{"taxonomy":"product_brand","embeddable":true,"href":"https:\/\/nordicmart.andreevmaster.com\/sv\/wp-json\/wp\/v2\/product_brand?post=17638"},{"taxonomy":"product_cat","embeddable":true,"href":"https:\/\/nordicmart.andreevmaster.com\/sv\/wp-json\/wp\/v2\/product_cat?post=17638"},{"taxonomy":"product_tag","embeddable":true,"href":"https:\/\/nordicmart.andreevmaster.com\/sv\/wp-json\/wp\/v2\/product_tag?post=17638"}],"curies":[{"name":"wp","href":"https:\/\/api.w.org\/{rel}","templated":true}]}}