{"id":17637,"date":"2026-02-27T00:35:55","date_gmt":"2026-02-27T00:35:55","guid":{"rendered":"https:\/\/nordicmart.andreevmaster.com\/product\/metallsmyckeskrin-2178a\/"},"modified":"2026-02-27T08:25:23","modified_gmt":"2026-02-27T08:25:23","slug":"metallsmyckeskrin-2178a","status":"publish","type":"product","link":"https:\/\/nordicmart.andreevmaster.com\/sv\/produkt\/metallsmyckeskrin-2178a\/","title":{"rendered":"Metallsmyckeskrin 2178A"},"content":{"rendered":"<p>Metallsmyckeskrin 2178A&nbsp;&nbsp;Metallskrinet 2178A \u00e4r ett elegant s\u00e4tt att f\u00f6rvara smycken och andra sm\u00e5saker. Skatten \u00e4r tillverkad av metall. Rika dekorationer bidrar till dess karakt\u00e4r. Dess kompakta storlek (6x5x3cm) g\u00f6r att den passar perfekt \u00f6verallt.&nbsp;Denna skatt \u00e4r en idealisk presentid\u00e9 f\u00f6r alla kvinnor som uppskattar elegans och ordning.&nbsp;Den \u00e4r inte bara en funktionell artikel, utan ocks\u00e5 en intressant dekorativ accessoar. Den passar perfekt i interi\u00f6rer av olika karakt\u00e4r \u2013 fr\u00e5n klassisk till modern. Den passar perfekt p\u00e5 en hylla, byr\u00e5 eller skrivbord och ger rummet en subtil charm.&nbsp;&nbsp;Produktinformation:&nbsp;M\u00e5tt: 6x5x3 cmMaterial: metall \u2013 zinklegeringRika dekorationerF\u00e4rg: silverPerfekt f\u00f6r f\u00f6rvaring av smycken, ringar &nbsp;<\/p>\n","protected":false},"excerpt":{"rendered":"<p>Metallsmyckeskrin 2178A&nbsp;&nbsp;Metallskrinet 2178A \u00e4r ett elegant s\u00e4tt att f\u00f6rvara smycken och andra sm\u00e5saker. Skatten \u00e4r tillverkad av metall. Rika dekorationer bidrar till dess karakt\u00e4r. Dess kompakta storlek (6x5x3cm) g\u00f6r att den passar perfekt \u00f6verallt.&nbsp;Denna skatt \u00e4r en idealisk presentid\u00e9 f\u00f6r alla kvinnor som uppskattar elegans och ordning.&nbsp;Den \u00e4r inte bara en funktionell artikel, utan ocks\u00e5 [&hellip;]<\/p>\n","protected":false},"featured_media":44956,"comment_status":"open","ping_status":"closed","template":"","meta":[],"product_brand":[],"product_cat":[33],"product_tag":[],"class_list":{"0":"post-17637","1":"product","2":"type-product","3":"status-publish","4":"has-post-thumbnail","6":"product_cat-okategoriserad","8":"first","9":"instock","10":"shipping-taxable","11":"purchasable","12":"product-type-simple"},"_links":{"self":[{"href":"https:\/\/nordicmart.andreevmaster.com\/sv\/wp-json\/wp\/v2\/product\/17637","targetHints":{"allow":["GET"]}}],"collection":[{"href":"https:\/\/nordicmart.andreevmaster.com\/sv\/wp-json\/wp\/v2\/product"}],"about":[{"href":"https:\/\/nordicmart.andreevmaster.com\/sv\/wp-json\/wp\/v2\/types\/product"}],"replies":[{"embeddable":true,"href":"https:\/\/nordicmart.andreevmaster.com\/sv\/wp-json\/wp\/v2\/comments?post=17637"}],"wp:featuredmedia":[{"embeddable":true,"href":"https:\/\/nordicmart.andreevmaster.com\/sv\/wp-json\/wp\/v2\/media\/44956"}],"wp:attachment":[{"href":"https:\/\/nordicmart.andreevmaster.com\/sv\/wp-json\/wp\/v2\/media?parent=17637"}],"wp:term":[{"taxonomy":"product_brand","embeddable":true,"href":"https:\/\/nordicmart.andreevmaster.com\/sv\/wp-json\/wp\/v2\/product_brand?post=17637"},{"taxonomy":"product_cat","embeddable":true,"href":"https:\/\/nordicmart.andreevmaster.com\/sv\/wp-json\/wp\/v2\/product_cat?post=17637"},{"taxonomy":"product_tag","embeddable":true,"href":"https:\/\/nordicmart.andreevmaster.com\/sv\/wp-json\/wp\/v2\/product_tag?post=17637"}],"curies":[{"name":"wp","href":"https:\/\/api.w.org\/{rel}","templated":true}]}}