{"id":17636,"date":"2026-02-27T00:35:55","date_gmt":"2026-02-27T00:35:55","guid":{"rendered":"https:\/\/nordicmart.andreevmaster.com\/product\/stort-massingsskepp-pa-trabas-38-cm-n-3615b\/"},"modified":"2026-02-27T08:25:23","modified_gmt":"2026-02-27T08:25:23","slug":"stort-massingsskepp-pa-trabas-38-cm-n-3615b","status":"publish","type":"product","link":"https:\/\/nordicmart.andreevmaster.com\/sv\/produkt\/stort-massingsskepp-pa-trabas-38-cm-n-3615b\/","title":{"rendered":"Stort m\u00e4ssingsskepp p\u00e5 tr\u00e4bas \u2013 38 cm \u2013 N-3615B"},"content":{"rendered":"<p>Stort m\u00e4ssingsskepp p\u00e5 tr\u00e4bas \u2013 38 cm \u2013 N-3615B&nbsp;&nbsp;Stort, elegant m\u00e4ssingsskepp p\u00e5 tr\u00e4bas \u00e4r en perfekt present till en sj\u00f6man. Det \u00e4r omsorgsfullt tillverkat med uppm\u00e4rksamhet p\u00e5 detaljer och kommer att pryda alla interi\u00f6rer. Kombinationen av m\u00e4ssing och tr\u00e4 \u00e4r en klassiker som aldrig g\u00e5r ur mode.&nbsp;Letar du efter en unik present till en person som brinner f\u00f6r segling? Detta m\u00e4ssingsskepp \u00e4r det perfekta valet! Elegant och stilfullt, det kommer inte bara att vara en heminredning, utan ocks\u00e5 ett minne f\u00f6r m\u00e5nga \u00e5r fram\u00f6ver.&nbsp;M\u00e4ssingsskepp p\u00e5 tr\u00e4bas \u00e4r det perfekta s\u00e4ttet att inf\u00f6ra en maritim atmosf\u00e4r i alla interi\u00f6rer. Perfekt f\u00f6r vardagsrummet, sovrummet, kontoret och till och med barnrummet. Skeppsmotivet \u00e4r perfekt som en del av en inredning i maritim stil, som f\u00f6r tankarna till havs\u00e4ventyr, sol och sandstr\u00e4nder. Kombinationen av gl\u00e4nsande m\u00e4ssing och varmt tr\u00e4 skapar en elegant och stilfull dekoration som f\u00e5ngar \u00f6gat och gl\u00e4der g\u00e4sterna.&nbsp;&nbsp;Produktinformation:&nbsp;H\u00f6jd: 38 cmMaterial: m\u00e4ssing, tr\u00e4Perfekt present till en seglingsentusiastStil: maritim&nbsp;<\/p>\n","protected":false},"excerpt":{"rendered":"<p>Stort m\u00e4ssingsskepp p\u00e5 tr\u00e4bas \u2013 38 cm \u2013 N-3615B&nbsp;&nbsp;Stort, elegant m\u00e4ssingsskepp p\u00e5 tr\u00e4bas \u00e4r en perfekt present till en sj\u00f6man. Det \u00e4r omsorgsfullt tillverkat med uppm\u00e4rksamhet p\u00e5 detaljer och kommer att pryda alla interi\u00f6rer. Kombinationen av m\u00e4ssing och tr\u00e4 \u00e4r en klassiker som aldrig g\u00e5r ur mode.&nbsp;Letar du efter en unik present till en person [&hellip;]<\/p>\n","protected":false},"featured_media":44955,"comment_status":"open","ping_status":"closed","template":"","meta":[],"product_brand":[],"product_cat":[33],"product_tag":[],"class_list":{"0":"post-17636","1":"product","2":"type-product","3":"status-publish","4":"has-post-thumbnail","6":"product_cat-okategoriserad","8":"first","9":"instock","10":"shipping-taxable","11":"purchasable","12":"product-type-simple"},"_links":{"self":[{"href":"https:\/\/nordicmart.andreevmaster.com\/sv\/wp-json\/wp\/v2\/product\/17636","targetHints":{"allow":["GET"]}}],"collection":[{"href":"https:\/\/nordicmart.andreevmaster.com\/sv\/wp-json\/wp\/v2\/product"}],"about":[{"href":"https:\/\/nordicmart.andreevmaster.com\/sv\/wp-json\/wp\/v2\/types\/product"}],"replies":[{"embeddable":true,"href":"https:\/\/nordicmart.andreevmaster.com\/sv\/wp-json\/wp\/v2\/comments?post=17636"}],"wp:featuredmedia":[{"embeddable":true,"href":"https:\/\/nordicmart.andreevmaster.com\/sv\/wp-json\/wp\/v2\/media\/44955"}],"wp:attachment":[{"href":"https:\/\/nordicmart.andreevmaster.com\/sv\/wp-json\/wp\/v2\/media?parent=17636"}],"wp:term":[{"taxonomy":"product_brand","embeddable":true,"href":"https:\/\/nordicmart.andreevmaster.com\/sv\/wp-json\/wp\/v2\/product_brand?post=17636"},{"taxonomy":"product_cat","embeddable":true,"href":"https:\/\/nordicmart.andreevmaster.com\/sv\/wp-json\/wp\/v2\/product_cat?post=17636"},{"taxonomy":"product_tag","embeddable":true,"href":"https:\/\/nordicmart.andreevmaster.com\/sv\/wp-json\/wp\/v2\/product_tag?post=17636"}],"curies":[{"name":"wp","href":"https:\/\/api.w.org\/{rel}","templated":true}]}}