{"id":17635,"date":"2026-02-27T00:35:55","date_gmt":"2026-02-27T00:35:55","guid":{"rendered":"https:\/\/nordicmart.andreevmaster.com\/product\/nattlampa-ros-led-g116\/"},"modified":"2026-02-27T08:25:22","modified_gmt":"2026-02-27T08:25:22","slug":"nattlampa-ros-led-g116","status":"publish","type":"product","link":"https:\/\/nordicmart.andreevmaster.com\/sv\/produkt\/nattlampa-ros-led-g116\/","title":{"rendered":"Nattlampa \u2013 Ros \u2013 LED \u2013 G116"},"content":{"rendered":"<p>Nattlampa \u2013 Ros \u2013 LED \u2013 G116&nbsp;&nbsp;Den eleganta s\u00e4nglampan i form av en blommande ros \u00e4r perfekt f\u00f6r att skapa en romantisk atmosf\u00e4r i alla interi\u00f6rer. Det mjuka LED-ljuset lyser upp rummet p\u00e5 ett subtilt s\u00e4tt och skapar en varm och mysig atmosf\u00e4r.&nbsp;En unik present som kommer att minnas l\u00e4nge&nbsp;Nattlampan Rose \u00e4r en perfekt id\u00e9 f\u00f6r en unik present. Den vackra designen och den romantiska karakt\u00e4ren kommer s\u00e4kert att tilltala alla som f\u00e5r den i present. Det h\u00e4r \u00e4r en unik present som inte bara \u00e4r en praktisk ljusk\u00e4lla, utan ocks\u00e5 en vacker inredningsdetalj. Den vackra designen och den romantiska karakt\u00e4ren g\u00f6r den till en present som kommer att minnas l\u00e4nge.&nbsp;Subtil inredningsdetalj&nbsp;&nbsp;Rose s\u00e4nglampa passar perfekt som dekorativt inslag i sovrummet, vardagsrummet eller p\u00e5 skrivbordet. Det mjuka LED-ljuset skapar en mysig atmosf\u00e4r som inbjuder till avkoppling och vila. Lampan kan ocks\u00e5 fungera som en romantisk dekoration under kv\u00e4llssammankomster.&nbsp;&nbsp;Produktinformation:&nbsp;M\u00e5tt: 11,5 x 21,5 cm (h\u00f6jd)Ljusk\u00e4lla: LEDStr\u00f6mf\u00f6rs\u00f6rjning: 3 AAA-batterier (batterier ing\u00e5r ej).Den romantiska designen och det mjuka LED-ljuset g\u00f6r lampan till en perfekt present till en n\u00e4ra och k\u00e4r.CE-certifikat&nbsp;&nbsp;&nbsp;Produkt f\u00f6r inomhusbruk.Vid skador p\u00e5 kabeln eller enheten, kasta den.Produkten \u00e4r endast avsedd f\u00f6r dekorativa \u00e4ndam\u00e5l.Produkten \u00e4r inte en leksak.F\u00f6rvaras utom r\u00e4ckh\u00e5ll f\u00f6r barn.<\/p>\n","protected":false},"excerpt":{"rendered":"<p>Nattlampa \u2013 Ros \u2013 LED \u2013 G116&nbsp;&nbsp;Den eleganta s\u00e4nglampan i form av en blommande ros \u00e4r perfekt f\u00f6r att skapa en romantisk atmosf\u00e4r i alla interi\u00f6rer. Det mjuka LED-ljuset lyser upp rummet p\u00e5 ett subtilt s\u00e4tt och skapar en varm och mysig atmosf\u00e4r.&nbsp;En unik present som kommer att minnas l\u00e4nge&nbsp;Nattlampan Rose \u00e4r en perfekt id\u00e9 [&hellip;]<\/p>\n","protected":false},"featured_media":44954,"comment_status":"open","ping_status":"closed","template":"","meta":[],"product_brand":[],"product_cat":[33],"product_tag":[],"class_list":{"0":"post-17635","1":"product","2":"type-product","3":"status-publish","4":"has-post-thumbnail","6":"product_cat-okategoriserad","8":"first","9":"instock","10":"shipping-taxable","11":"purchasable","12":"product-type-simple"},"_links":{"self":[{"href":"https:\/\/nordicmart.andreevmaster.com\/sv\/wp-json\/wp\/v2\/product\/17635","targetHints":{"allow":["GET"]}}],"collection":[{"href":"https:\/\/nordicmart.andreevmaster.com\/sv\/wp-json\/wp\/v2\/product"}],"about":[{"href":"https:\/\/nordicmart.andreevmaster.com\/sv\/wp-json\/wp\/v2\/types\/product"}],"replies":[{"embeddable":true,"href":"https:\/\/nordicmart.andreevmaster.com\/sv\/wp-json\/wp\/v2\/comments?post=17635"}],"wp:featuredmedia":[{"embeddable":true,"href":"https:\/\/nordicmart.andreevmaster.com\/sv\/wp-json\/wp\/v2\/media\/44954"}],"wp:attachment":[{"href":"https:\/\/nordicmart.andreevmaster.com\/sv\/wp-json\/wp\/v2\/media?parent=17635"}],"wp:term":[{"taxonomy":"product_brand","embeddable":true,"href":"https:\/\/nordicmart.andreevmaster.com\/sv\/wp-json\/wp\/v2\/product_brand?post=17635"},{"taxonomy":"product_cat","embeddable":true,"href":"https:\/\/nordicmart.andreevmaster.com\/sv\/wp-json\/wp\/v2\/product_cat?post=17635"},{"taxonomy":"product_tag","embeddable":true,"href":"https:\/\/nordicmart.andreevmaster.com\/sv\/wp-json\/wp\/v2\/product_tag?post=17635"}],"curies":[{"name":"wp","href":"https:\/\/api.w.org\/{rel}","templated":true}]}}