{"id":17634,"date":"2026-02-27T00:35:55","date_gmt":"2026-02-27T00:35:55","guid":{"rendered":"https:\/\/nordicmart.andreevmaster.com\/product\/nattlampa-moon-p110\/"},"modified":"2026-02-27T08:25:22","modified_gmt":"2026-02-27T08:25:22","slug":"nattlampa-moon-p110","status":"publish","type":"product","link":"https:\/\/nordicmart.andreevmaster.com\/sv\/produkt\/nattlampa-moon-p110\/","title":{"rendered":"Nattlampa \u2013 Moon P110"},"content":{"rendered":"<p>Nattlampa \u2013 Moon P110&nbsp;&nbsp;Ett mjukt ljus i kombination med en realistisk \u00e5tergivning av m\u00e5nens yta skapar en unik atmosf\u00e4r.&nbsp;&nbsp;Presentid\u00e9:&nbsp;Letar du efter den perfekta presenten till en astronomi- eller geografientusiast? Nattlampa \u2013 M\u00e5nen \u00e4r en bra presentid\u00e9! Denna unika pryl kommer garanterat att gl\u00e4dja alla som \u00e4r intresserade av rymden.&nbsp;&nbsp;Charmig dekoration:&nbsp;Nattlampa \u2013 M\u00e5nen blir en fantastisk dekoration. Den passar perfekt i ett modernt vardagsrum, sovrum eller barnrum. Den blir ocks\u00e5 en intressant dekoration p\u00e5 ditt skrivbord.&nbsp;&nbsp;Produktinformation:&nbsp;Diameter: 15 cmVit f\u00e4rgLjusk\u00e4lla: LEDStr\u00f6mf\u00f6rs\u00f6rjning: USB-kabelUSB-kabel medf\u00f6ljerTr\u00e4stativ medf\u00f6ljerCE-certifikat&nbsp;&nbsp;Produkt f\u00f6r inomhusbruk.Vid skada p\u00e5 kabeln eller enheten, kasta den.Produkten \u00e4r endast avsedd f\u00f6r dekorativa \u00e4ndam\u00e5l.Produkten \u00e4r inte en leksak.F\u00f6rvaras utom r\u00e4ckh\u00e5ll f\u00f6r barn.&nbsp;<\/p>\n","protected":false},"excerpt":{"rendered":"<p>Nattlampa \u2013 Moon P110&nbsp;&nbsp;Ett mjukt ljus i kombination med en realistisk \u00e5tergivning av m\u00e5nens yta skapar en unik atmosf\u00e4r.&nbsp;&nbsp;Presentid\u00e9:&nbsp;Letar du efter den perfekta presenten till en astronomi- eller geografientusiast? Nattlampa \u2013 M\u00e5nen \u00e4r en bra presentid\u00e9! Denna unika pryl kommer garanterat att gl\u00e4dja alla som \u00e4r intresserade av rymden.&nbsp;&nbsp;Charmig dekoration:&nbsp;Nattlampa \u2013 M\u00e5nen blir en fantastisk [&hellip;]<\/p>\n","protected":false},"featured_media":44953,"comment_status":"open","ping_status":"closed","template":"","meta":[],"product_brand":[],"product_cat":[33],"product_tag":[],"class_list":{"0":"post-17634","1":"product","2":"type-product","3":"status-publish","4":"has-post-thumbnail","6":"product_cat-okategoriserad","8":"first","9":"instock","10":"shipping-taxable","11":"purchasable","12":"product-type-simple"},"_links":{"self":[{"href":"https:\/\/nordicmart.andreevmaster.com\/sv\/wp-json\/wp\/v2\/product\/17634","targetHints":{"allow":["GET"]}}],"collection":[{"href":"https:\/\/nordicmart.andreevmaster.com\/sv\/wp-json\/wp\/v2\/product"}],"about":[{"href":"https:\/\/nordicmart.andreevmaster.com\/sv\/wp-json\/wp\/v2\/types\/product"}],"replies":[{"embeddable":true,"href":"https:\/\/nordicmart.andreevmaster.com\/sv\/wp-json\/wp\/v2\/comments?post=17634"}],"wp:featuredmedia":[{"embeddable":true,"href":"https:\/\/nordicmart.andreevmaster.com\/sv\/wp-json\/wp\/v2\/media\/44953"}],"wp:attachment":[{"href":"https:\/\/nordicmart.andreevmaster.com\/sv\/wp-json\/wp\/v2\/media?parent=17634"}],"wp:term":[{"taxonomy":"product_brand","embeddable":true,"href":"https:\/\/nordicmart.andreevmaster.com\/sv\/wp-json\/wp\/v2\/product_brand?post=17634"},{"taxonomy":"product_cat","embeddable":true,"href":"https:\/\/nordicmart.andreevmaster.com\/sv\/wp-json\/wp\/v2\/product_cat?post=17634"},{"taxonomy":"product_tag","embeddable":true,"href":"https:\/\/nordicmart.andreevmaster.com\/sv\/wp-json\/wp\/v2\/product_tag?post=17634"}],"curies":[{"name":"wp","href":"https:\/\/api.w.org\/{rel}","templated":true}]}}