{"id":17633,"date":"2026-02-27T00:35:54","date_gmt":"2026-02-27T00:35:54","guid":{"rendered":"https:\/\/nordicmart.andreevmaster.com\/product\/globe-led-lampa-7-olika-farger-usb-p108\/"},"modified":"2026-02-27T08:25:22","modified_gmt":"2026-02-27T08:25:22","slug":"globe-led-lampa-7-olika-farger-usb-p108","status":"publish","type":"product","link":"https:\/\/nordicmart.andreevmaster.com\/sv\/produkt\/globe-led-lampa-7-olika-farger-usb-p108\/","title":{"rendered":"Globe \u2013 LED-lampa \u2013 7 olika f\u00e4rger \u2013 USB \u2013 P108"},"content":{"rendered":"<p>Globe &#8211; LED-lampa &#8211; 7 olika f\u00e4rger &#8211; USB &#8211; P108&nbsp;&nbsp;&nbsp;Den globformade LED-lampan \u00e4r inte bara en modern pryl, utan ocks\u00e5 ett funktionellt dekorativt element. Den erbjuder m\u00f6jlighet att v\u00e4lja mellan 7 olika ljusf\u00e4rger, s\u00e5 att du kan anpassa atmosf\u00e4ren efter dina \u00f6nskem\u00e5l. Denna moderna globformade lampa \u00e4r inte bara ett imponerande dekorativt element, utan ocks\u00e5 en praktisk pryl som g\u00f6r kv\u00e4llarna trevligare i alla interi\u00f6rer.&nbsp;&nbsp;Perfekt present till resen\u00e4ren:&nbsp;Detta \u00e4r den perfekta presenten till n\u00e5gon som \u00e4lskar att resa. En glob med LED-bakgrundsbelysning i 7 olika f\u00e4rger \u00e4r inte bara en vacker dekoration, utan ocks\u00e5 en praktisk pryl som kan anv\u00e4ndas som nattlampa eller st\u00e4mningsbelysning.&nbsp;&nbsp;Elegant dekoration till alla interi\u00f6rer:&nbsp;Globus LED-lampan passar perfekt som dekorativt inslag i alla interi\u00f6rer. Den moderna designen och m\u00f6jligheten att \u00e4ndra ljusets f\u00e4rg g\u00f6r att lampan passar in i alla inredningsstilar. Globusen \u00e4r en effektfull dekoration f\u00f6r ett skrivbord, barnrum eller vardagsrum. Den \u00e4r ocks\u00e5 ett perfekt tillskott f\u00f6r personer som \u00e4lskar att resa, eftersom den tillf\u00f6r lite av deras anda till alla rum.&nbsp;&nbsp;Produktinformation:&nbsp;M\u00e5tt: h\u00f6jd ca 17 cmStr\u00f6mf\u00f6rs\u00f6rjning: USB-kabel eller 3 x AAA-batterier (batterier ing\u00e5r ej)M\u00f6jlighet att \u00e4ndra globens f\u00e4rgCE-certifikat&nbsp;&nbsp;Produkt f\u00f6r inomhusbruk.Vid skador p\u00e5 kabeln eller enheten, kasta den. Produkten \u00e4r endast avsedd f\u00f6r dekorativa \u00e4ndam\u00e5l. Produkten \u00e4r inte en leksak. F\u00f6rvaras utom r\u00e4ckh\u00e5ll f\u00f6r barn.&nbsp;&nbsp;<\/p>\n","protected":false},"excerpt":{"rendered":"<p>Globe &#8211; LED-lampa &#8211; 7 olika f\u00e4rger &#8211; USB &#8211; P108&nbsp;&nbsp;&nbsp;Den globformade LED-lampan \u00e4r inte bara en modern pryl, utan ocks\u00e5 ett funktionellt dekorativt element. Den erbjuder m\u00f6jlighet att v\u00e4lja mellan 7 olika ljusf\u00e4rger, s\u00e5 att du kan anpassa atmosf\u00e4ren efter dina \u00f6nskem\u00e5l. Denna moderna globformade lampa \u00e4r inte bara ett imponerande dekorativt element, utan [&hellip;]<\/p>\n","protected":false},"featured_media":44952,"comment_status":"open","ping_status":"closed","template":"","meta":[],"product_brand":[],"product_cat":[33],"product_tag":[],"class_list":{"0":"post-17633","1":"product","2":"type-product","3":"status-publish","4":"has-post-thumbnail","6":"product_cat-okategoriserad","8":"first","9":"instock","10":"shipping-taxable","11":"purchasable","12":"product-type-simple"},"_links":{"self":[{"href":"https:\/\/nordicmart.andreevmaster.com\/sv\/wp-json\/wp\/v2\/product\/17633","targetHints":{"allow":["GET"]}}],"collection":[{"href":"https:\/\/nordicmart.andreevmaster.com\/sv\/wp-json\/wp\/v2\/product"}],"about":[{"href":"https:\/\/nordicmart.andreevmaster.com\/sv\/wp-json\/wp\/v2\/types\/product"}],"replies":[{"embeddable":true,"href":"https:\/\/nordicmart.andreevmaster.com\/sv\/wp-json\/wp\/v2\/comments?post=17633"}],"wp:featuredmedia":[{"embeddable":true,"href":"https:\/\/nordicmart.andreevmaster.com\/sv\/wp-json\/wp\/v2\/media\/44952"}],"wp:attachment":[{"href":"https:\/\/nordicmart.andreevmaster.com\/sv\/wp-json\/wp\/v2\/media?parent=17633"}],"wp:term":[{"taxonomy":"product_brand","embeddable":true,"href":"https:\/\/nordicmart.andreevmaster.com\/sv\/wp-json\/wp\/v2\/product_brand?post=17633"},{"taxonomy":"product_cat","embeddable":true,"href":"https:\/\/nordicmart.andreevmaster.com\/sv\/wp-json\/wp\/v2\/product_cat?post=17633"},{"taxonomy":"product_tag","embeddable":true,"href":"https:\/\/nordicmart.andreevmaster.com\/sv\/wp-json\/wp\/v2\/product_tag?post=17633"}],"curies":[{"name":"wp","href":"https:\/\/api.w.org\/{rel}","templated":true}]}}