{"id":17632,"date":"2026-02-27T00:35:54","date_gmt":"2026-02-27T00:35:54","guid":{"rendered":"https:\/\/nordicmart.andreevmaster.com\/product\/nattlampa-fotboll-3-farger-p107\/"},"modified":"2026-02-27T08:25:22","modified_gmt":"2026-02-27T08:25:22","slug":"nattlampa-fotboll-3-farger-p107","status":"publish","type":"product","link":"https:\/\/nordicmart.andreevmaster.com\/sv\/produkt\/nattlampa-fotboll-3-farger-p107\/","title":{"rendered":"Nattlampa \u2013 Fotboll \u2013 3 f\u00e4rger \u2013 P107"},"content":{"rendered":"<p>Nattlampa \u2013 Fotboll \u2013 3 f\u00e4rger \u2013 P107&nbsp;&nbsp;Den moderna designen g\u00f6r denna fotbollsformade nattlampa till den perfekta prylen f\u00f6r alla fotbollsfans. F\u00f6r en vuxen fotbollsfan kan denna lampa vara en utm\u00e4rkt presentid\u00e9. Den ger rummet en st\u00e4mningsfull belysning. Den p\u00e5minner dig om din passion f\u00f6r denna sport. Lampan fungerar som en praktisk del av rummets inredning. Den \u00e4r en i\u00f6gonfallande dekoration. Den \u00e4r perfekt f\u00f6r barnrum, sovrum och alla fans kontor. Det \u00e4r inte bara en vanlig nattlampa, utan ocks\u00e5 en intressant pryl som kommer att f\u00e5nga g\u00e4sternas uppm\u00e4rksamhet och ge rummet en sportig karakt\u00e4r.&nbsp;Produktinformation:&nbsp;H\u00f6jd: cirka 17 cm M\u00f6jlighet att \u00e4ndra ljusets intensitet. Str\u00f6mf\u00f6rs\u00f6rjning: USB-kabel (ing\u00e5r) eller 3 AAA-batterier (batterier ing\u00e5r ej). CE-certifikat Pryl f\u00f6r fotbollsfans&nbsp;Nattlampa \u2013 Fotboll \u00e4r det perfekta s\u00e4ttet att dekorera rummet f\u00f6r ett barn som \u00e4lskar fotboll!&nbsp;&nbsp;Produkt f\u00f6r inomhusbruk.Vid skador p\u00e5 kabeln eller enheten, kasta den.Produkten \u00e4r endast avsedd f\u00f6r dekorativa \u00e4ndam\u00e5l.Produkten \u00e4r inte en leksak.F\u00f6rvaras utom r\u00e4ckh\u00e5ll f\u00f6r barn.&nbsp;<\/p>\n","protected":false},"excerpt":{"rendered":"<p>Nattlampa \u2013 Fotboll \u2013 3 f\u00e4rger \u2013 P107&nbsp;&nbsp;Den moderna designen g\u00f6r denna fotbollsformade nattlampa till den perfekta prylen f\u00f6r alla fotbollsfans. F\u00f6r en vuxen fotbollsfan kan denna lampa vara en utm\u00e4rkt presentid\u00e9. Den ger rummet en st\u00e4mningsfull belysning. Den p\u00e5minner dig om din passion f\u00f6r denna sport. Lampan fungerar som en praktisk del av rummets [&hellip;]<\/p>\n","protected":false},"featured_media":44951,"comment_status":"open","ping_status":"closed","template":"","meta":[],"product_brand":[],"product_cat":[33],"product_tag":[],"class_list":{"0":"post-17632","1":"product","2":"type-product","3":"status-publish","4":"has-post-thumbnail","6":"product_cat-okategoriserad","8":"first","9":"instock","10":"shipping-taxable","11":"purchasable","12":"product-type-simple"},"_links":{"self":[{"href":"https:\/\/nordicmart.andreevmaster.com\/sv\/wp-json\/wp\/v2\/product\/17632","targetHints":{"allow":["GET"]}}],"collection":[{"href":"https:\/\/nordicmart.andreevmaster.com\/sv\/wp-json\/wp\/v2\/product"}],"about":[{"href":"https:\/\/nordicmart.andreevmaster.com\/sv\/wp-json\/wp\/v2\/types\/product"}],"replies":[{"embeddable":true,"href":"https:\/\/nordicmart.andreevmaster.com\/sv\/wp-json\/wp\/v2\/comments?post=17632"}],"wp:featuredmedia":[{"embeddable":true,"href":"https:\/\/nordicmart.andreevmaster.com\/sv\/wp-json\/wp\/v2\/media\/44951"}],"wp:attachment":[{"href":"https:\/\/nordicmart.andreevmaster.com\/sv\/wp-json\/wp\/v2\/media?parent=17632"}],"wp:term":[{"taxonomy":"product_brand","embeddable":true,"href":"https:\/\/nordicmart.andreevmaster.com\/sv\/wp-json\/wp\/v2\/product_brand?post=17632"},{"taxonomy":"product_cat","embeddable":true,"href":"https:\/\/nordicmart.andreevmaster.com\/sv\/wp-json\/wp\/v2\/product_cat?post=17632"},{"taxonomy":"product_tag","embeddable":true,"href":"https:\/\/nordicmart.andreevmaster.com\/sv\/wp-json\/wp\/v2\/product_tag?post=17632"}],"curies":[{"name":"wp","href":"https:\/\/api.w.org\/{rel}","templated":true}]}}