{"id":17631,"date":"2026-02-27T00:35:54","date_gmt":"2026-02-27T00:35:54","guid":{"rendered":"https:\/\/nordicmart.andreevmaster.com\/product\/tva-kortlekar-i-en-lada-av-harts-g1220a\/"},"modified":"2026-02-27T08:25:22","modified_gmt":"2026-02-27T08:25:22","slug":"tva-kortlekar-i-en-lada-av-harts-g1220a","status":"publish","type":"product","link":"https:\/\/nordicmart.andreevmaster.com\/sv\/produkt\/tva-kortlekar-i-en-lada-av-harts-g1220a\/","title":{"rendered":"Tv\u00e5 kortlekar i en l\u00e5da av harts \u2013 G1220A"},"content":{"rendered":"<p>Tv\u00e5 kortlekar i en l\u00e5da av harts \u2013 G1220A&nbsp;&nbsp;Denna upps\u00e4ttning \u00e4r den perfekta presenten f\u00f6r alla kortspels\u00e4lskare, b\u00e5de nyb\u00f6rjare och erfarna spelare. L\u00e5dan \u00e4r tillverkad av h\u00f6gkvalitativt harts och dekorerad med symboler f\u00f6r kung och drottning. Den vita f\u00e4rgen och den minimalistiska designen g\u00f6r detta set perfekt f\u00f6r moderna, skandinaviska eller minimalistiska interi\u00f6rer.&nbsp;&nbsp;Produktinformation:&nbsp;M\u00e5tt: 15 x 11,5 x 4 cmMaterial: hartsPerfekt present f\u00f6r kortspels\u00e4lskare&nbsp;&nbsp;F\u00f6rdelar med att spela kort:&nbsp;Umg\u00e5s med v\u00e4nner och familjBygga relationer och skapa minnenUtveckla strategiskt t\u00e4nkande och logiska probleml\u00f6sningsf\u00f6rm\u00e5gorL\u00e4ra sig att hantera misslyckanden och segrar&nbsp;<\/p>\n","protected":false},"excerpt":{"rendered":"<p>Tv\u00e5 kortlekar i en l\u00e5da av harts \u2013 G1220A&nbsp;&nbsp;Denna upps\u00e4ttning \u00e4r den perfekta presenten f\u00f6r alla kortspels\u00e4lskare, b\u00e5de nyb\u00f6rjare och erfarna spelare. L\u00e5dan \u00e4r tillverkad av h\u00f6gkvalitativt harts och dekorerad med symboler f\u00f6r kung och drottning. Den vita f\u00e4rgen och den minimalistiska designen g\u00f6r detta set perfekt f\u00f6r moderna, skandinaviska eller minimalistiska interi\u00f6rer.&nbsp;&nbsp;Produktinformation:&nbsp;M\u00e5tt: 15 x [&hellip;]<\/p>\n","protected":false},"featured_media":44950,"comment_status":"open","ping_status":"closed","template":"","meta":[],"product_brand":[],"product_cat":[33],"product_tag":[],"class_list":{"0":"post-17631","1":"product","2":"type-product","3":"status-publish","4":"has-post-thumbnail","6":"product_cat-okategoriserad","8":"first","9":"instock","10":"shipping-taxable","11":"purchasable","12":"product-type-simple"},"_links":{"self":[{"href":"https:\/\/nordicmart.andreevmaster.com\/sv\/wp-json\/wp\/v2\/product\/17631","targetHints":{"allow":["GET"]}}],"collection":[{"href":"https:\/\/nordicmart.andreevmaster.com\/sv\/wp-json\/wp\/v2\/product"}],"about":[{"href":"https:\/\/nordicmart.andreevmaster.com\/sv\/wp-json\/wp\/v2\/types\/product"}],"replies":[{"embeddable":true,"href":"https:\/\/nordicmart.andreevmaster.com\/sv\/wp-json\/wp\/v2\/comments?post=17631"}],"wp:featuredmedia":[{"embeddable":true,"href":"https:\/\/nordicmart.andreevmaster.com\/sv\/wp-json\/wp\/v2\/media\/44950"}],"wp:attachment":[{"href":"https:\/\/nordicmart.andreevmaster.com\/sv\/wp-json\/wp\/v2\/media?parent=17631"}],"wp:term":[{"taxonomy":"product_brand","embeddable":true,"href":"https:\/\/nordicmart.andreevmaster.com\/sv\/wp-json\/wp\/v2\/product_brand?post=17631"},{"taxonomy":"product_cat","embeddable":true,"href":"https:\/\/nordicmart.andreevmaster.com\/sv\/wp-json\/wp\/v2\/product_cat?post=17631"},{"taxonomy":"product_tag","embeddable":true,"href":"https:\/\/nordicmart.andreevmaster.com\/sv\/wp-json\/wp\/v2\/product_tag?post=17631"}],"curies":[{"name":"wp","href":"https:\/\/api.w.org\/{rel}","templated":true}]}}