{"id":17630,"date":"2026-02-27T00:35:53","date_gmt":"2026-02-27T00:35:53","guid":{"rendered":"https:\/\/nordicmart.andreevmaster.com\/product\/kortlek-i-en-elegant-lada-av-harts-och-mdf-g1228\/"},"modified":"2026-02-27T08:25:21","modified_gmt":"2026-02-27T08:25:21","slug":"kortlek-i-en-elegant-lada-av-harts-och-mdf-g1228","status":"publish","type":"product","link":"https:\/\/nordicmart.andreevmaster.com\/sv\/produkt\/kortlek-i-en-elegant-lada-av-harts-och-mdf-g1228\/","title":{"rendered":"Kortlek i en elegant l\u00e5da av harts och MDF &#8211; G1228"},"content":{"rendered":"<p>Kortlek i en elegant l\u00e5da av harts och MDF \u2013 G1228&nbsp;&nbsp;Kortlek i en elegant l\u00e5da \u00e4r en perfekt presentid\u00e9 f\u00f6r kortspels\u00e4lskare och f\u00f6r personer som uppskattar stilfulla accessoarer. Det \u00e4r en perfekt present f\u00f6r alla, oavsett \u00e5lder eller tillf\u00e4lle.&nbsp;En elegant l\u00e5da med kort kan bli en originell dekoration f\u00f6r ett skrivbord, en hylla eller ett bord. L\u00e5dans svarta f\u00e4rg i kombination med spader ess-symbolen passar perfekt i moderna, minimalistiska interi\u00f6rer.&nbsp;Produktinformation:&nbsp;L\u00e5dans m\u00e5tt: 12x9x3,5 cmL\u00e5dans f\u00e4rg: Svart med vita dekorationerElegant kortlek inutiMaterial: Harts, MDF&nbsp;Att spela kort \u00e4r inte bara roligt, utan ocks\u00e5 ett s\u00e4tt att umg\u00e5s med familj och v\u00e4nner. Kortspel hj\u00e4lper till att utveckla minne, koncentration och logiskt t\u00e4nkande. Det \u00e4r ett utm\u00e4rkt s\u00e4tt att bygga band och skapa of\u00f6rgl\u00f6mliga minnen.&nbsp;<\/p>\n","protected":false},"excerpt":{"rendered":"<p>Kortlek i en elegant l\u00e5da av harts och MDF \u2013 G1228&nbsp;&nbsp;Kortlek i en elegant l\u00e5da \u00e4r en perfekt presentid\u00e9 f\u00f6r kortspels\u00e4lskare och f\u00f6r personer som uppskattar stilfulla accessoarer. Det \u00e4r en perfekt present f\u00f6r alla, oavsett \u00e5lder eller tillf\u00e4lle.&nbsp;En elegant l\u00e5da med kort kan bli en originell dekoration f\u00f6r ett skrivbord, en hylla eller ett [&hellip;]<\/p>\n","protected":false},"featured_media":44949,"comment_status":"open","ping_status":"closed","template":"","meta":[],"product_brand":[],"product_cat":[33],"product_tag":[],"class_list":{"0":"post-17630","1":"product","2":"type-product","3":"status-publish","4":"has-post-thumbnail","6":"product_cat-okategoriserad","8":"first","9":"instock","10":"shipping-taxable","11":"purchasable","12":"product-type-simple"},"_links":{"self":[{"href":"https:\/\/nordicmart.andreevmaster.com\/sv\/wp-json\/wp\/v2\/product\/17630","targetHints":{"allow":["GET"]}}],"collection":[{"href":"https:\/\/nordicmart.andreevmaster.com\/sv\/wp-json\/wp\/v2\/product"}],"about":[{"href":"https:\/\/nordicmart.andreevmaster.com\/sv\/wp-json\/wp\/v2\/types\/product"}],"replies":[{"embeddable":true,"href":"https:\/\/nordicmart.andreevmaster.com\/sv\/wp-json\/wp\/v2\/comments?post=17630"}],"wp:featuredmedia":[{"embeddable":true,"href":"https:\/\/nordicmart.andreevmaster.com\/sv\/wp-json\/wp\/v2\/media\/44949"}],"wp:attachment":[{"href":"https:\/\/nordicmart.andreevmaster.com\/sv\/wp-json\/wp\/v2\/media?parent=17630"}],"wp:term":[{"taxonomy":"product_brand","embeddable":true,"href":"https:\/\/nordicmart.andreevmaster.com\/sv\/wp-json\/wp\/v2\/product_brand?post=17630"},{"taxonomy":"product_cat","embeddable":true,"href":"https:\/\/nordicmart.andreevmaster.com\/sv\/wp-json\/wp\/v2\/product_cat?post=17630"},{"taxonomy":"product_tag","embeddable":true,"href":"https:\/\/nordicmart.andreevmaster.com\/sv\/wp-json\/wp\/v2\/product_tag?post=17630"}],"curies":[{"name":"wp","href":"https:\/\/api.w.org\/{rel}","templated":true}]}}