{"id":17628,"date":"2026-02-27T00:35:53","date_gmt":"2026-02-27T00:35:53","guid":{"rendered":"https:\/\/nordicmart.andreevmaster.com\/product\/stor-tre-i-rad-traditionellt-spel-25-x-25-g1079-b\/"},"modified":"2026-02-27T08:25:21","modified_gmt":"2026-02-27T08:25:21","slug":"stor-tre-i-rad-traditionellt-spel-25-x-25-g1079-b","status":"publish","type":"product","link":"https:\/\/nordicmart.andreevmaster.com\/sv\/produkt\/stor-tre-i-rad-traditionellt-spel-25-x-25-g1079-b\/","title":{"rendered":"Stor tre i rad \u2013 traditionellt spel \u2013 25 x 25 \u2013 G1079\/B"},"content":{"rendered":"<p>Stort tre i rad-spel \u2013 traditionellt spel \u2013 25 x 25 \u2013 G1079\/B&nbsp;&nbsp;Stort tre i rad-spel \u2013 ett traditionellt spel med en modern twist&nbsp;&nbsp;Tr\u00e4br\u00e4da f\u00f6r tre i rad med m\u00e5tten 25 x 25 cm som f\u00e5ngar \u00f6gat med sin minimalistiska, eleganta design. Den dominerande svarta f\u00e4rgen i kombination med vita accenter ger setet ett elegant och modernt utseende.&nbsp;Detta \u00e4r en perfekt presentid\u00e9 f\u00f6r den som \u00e4lskar traditionella spel. Kombinationen av traditionell underh\u00e5llning och elegant design kommer att tilltala b\u00e5de yngre och \u00e4ldre spelare. Att spela tic-tac-toe \u00e4r inte bara roligt, utan ocks\u00e5 ett bra s\u00e4tt att tr\u00e4na logiskt t\u00e4nkande och strategi.&nbsp;&nbsp;Produktinformation:&nbsp;M\u00e5tt: 24 x 24 cmMaterial: tr\u00e4F\u00e4rg: svart, vittElegant, minimalistisk stil&nbsp;Spelet kan ocks\u00e5 anv\u00e4ndas som en stilfull dekoration p\u00e5 ett skrivbord eller en hylla. Den minimalistiska designen och de tidl\u00f6sa f\u00e4rgerna g\u00f6r att spelet passar in i alla interi\u00f6rer.&nbsp;Att spela tic-tac-toe \u00e4r ett utm\u00e4rkt s\u00e4tt att tillbringa fritiden med familj och v\u00e4nner. Det \u00e4r perfekt underh\u00e5llning f\u00f6r l\u00e5nga kv\u00e4llar eller eftermiddagsm\u00f6ten.&nbsp;&nbsp;Observera!&nbsp;Denna produkt \u00e4r inte en leksak och \u00e4r inte l\u00e4mplig f\u00f6r barn under 14 \u00e5r.&nbsp;<\/p>\n","protected":false},"excerpt":{"rendered":"<p>Stort tre i rad-spel \u2013 traditionellt spel \u2013 25 x 25 \u2013 G1079\/B&nbsp;&nbsp;Stort tre i rad-spel \u2013 ett traditionellt spel med en modern twist&nbsp;&nbsp;Tr\u00e4br\u00e4da f\u00f6r tre i rad med m\u00e5tten 25 x 25 cm som f\u00e5ngar \u00f6gat med sin minimalistiska, eleganta design. Den dominerande svarta f\u00e4rgen i kombination med vita accenter ger setet ett elegant [&hellip;]<\/p>\n","protected":false},"featured_media":44947,"comment_status":"open","ping_status":"closed","template":"","meta":[],"product_brand":[],"product_cat":[33],"product_tag":[],"class_list":{"0":"post-17628","1":"product","2":"type-product","3":"status-publish","4":"has-post-thumbnail","6":"product_cat-okategoriserad","8":"first","9":"instock","10":"shipping-taxable","11":"purchasable","12":"product-type-simple"},"_links":{"self":[{"href":"https:\/\/nordicmart.andreevmaster.com\/sv\/wp-json\/wp\/v2\/product\/17628","targetHints":{"allow":["GET"]}}],"collection":[{"href":"https:\/\/nordicmart.andreevmaster.com\/sv\/wp-json\/wp\/v2\/product"}],"about":[{"href":"https:\/\/nordicmart.andreevmaster.com\/sv\/wp-json\/wp\/v2\/types\/product"}],"replies":[{"embeddable":true,"href":"https:\/\/nordicmart.andreevmaster.com\/sv\/wp-json\/wp\/v2\/comments?post=17628"}],"wp:featuredmedia":[{"embeddable":true,"href":"https:\/\/nordicmart.andreevmaster.com\/sv\/wp-json\/wp\/v2\/media\/44947"}],"wp:attachment":[{"href":"https:\/\/nordicmart.andreevmaster.com\/sv\/wp-json\/wp\/v2\/media?parent=17628"}],"wp:term":[{"taxonomy":"product_brand","embeddable":true,"href":"https:\/\/nordicmart.andreevmaster.com\/sv\/wp-json\/wp\/v2\/product_brand?post=17628"},{"taxonomy":"product_cat","embeddable":true,"href":"https:\/\/nordicmart.andreevmaster.com\/sv\/wp-json\/wp\/v2\/product_cat?post=17628"},{"taxonomy":"product_tag","embeddable":true,"href":"https:\/\/nordicmart.andreevmaster.com\/sv\/wp-json\/wp\/v2\/product_tag?post=17628"}],"curies":[{"name":"wp","href":"https:\/\/api.w.org\/{rel}","templated":true}]}}