{"id":17626,"date":"2026-02-27T00:35:52","date_gmt":"2026-02-27T00:35:52","guid":{"rendered":"https:\/\/nordicmart.andreevmaster.com\/product\/massingssandklocka-i-tralada-1-minut-ni1314a\/"},"modified":"2026-02-27T08:25:20","modified_gmt":"2026-02-27T08:25:20","slug":"massingssandklocka-i-tralada-1-minut-ni1314a","status":"publish","type":"product","link":"https:\/\/nordicmart.andreevmaster.com\/sv\/produkt\/massingssandklocka-i-tralada-1-minut-ni1314a\/","title":{"rendered":"M\u00e4ssingssandklocka i tr\u00e4l\u00e5da \u2013 1 minut \u2013 NI1314A"},"content":{"rendered":"<p>M\u00e4ssingssandklocka i tr\u00e4l\u00e5da \u2013 1 minut \u2013 NI1314A&nbsp;&nbsp;M\u00e4ssingssandklockan i tr\u00e4l\u00e5da \u00e4r en originell presentid\u00e9 f\u00f6r \u00e4lskare av retroinredning, prylar och personer som uppskattar unika f\u00f6rem\u00e5l. Med en h\u00e4lltid p\u00e5 1 minut \u00e4r det ett utm\u00e4rkt val som ett mer elegant alternativ till plasttimglas i br\u00e4dspel.&nbsp;Den eleganta kombinationen av m\u00e4ssing och tr\u00e4 g\u00f6r att timglaset passar perfekt i b\u00e5de klassiska och moderna inredningar. L\u00e5dans m\u00e5tt (12,5 x 4,5 x 4,25 cm) g\u00f6r timglaset till en diskret dekoration f\u00f6r alla skrivbord, byr\u00e5ar eller hyllor.&nbsp;&nbsp;Produktinformation:&nbsp;L\u00e5dans m\u00e5tt: 11 x 4,5 x 5 cm Timglasets h\u00f6jd: 8,5 cm H\u00e4lltid: 1 minut Material: m\u00e4ssing, tr\u00e4 Retrostil&nbsp;<\/p>\n","protected":false},"excerpt":{"rendered":"<p>M\u00e4ssingssandklocka i tr\u00e4l\u00e5da \u2013 1 minut \u2013 NI1314A&nbsp;&nbsp;M\u00e4ssingssandklockan i tr\u00e4l\u00e5da \u00e4r en originell presentid\u00e9 f\u00f6r \u00e4lskare av retroinredning, prylar och personer som uppskattar unika f\u00f6rem\u00e5l. Med en h\u00e4lltid p\u00e5 1 minut \u00e4r det ett utm\u00e4rkt val som ett mer elegant alternativ till plasttimglas i br\u00e4dspel.&nbsp;Den eleganta kombinationen av m\u00e4ssing och tr\u00e4 g\u00f6r att timglaset passar [&hellip;]<\/p>\n","protected":false},"featured_media":44945,"comment_status":"open","ping_status":"closed","template":"","meta":[],"product_brand":[],"product_cat":[33],"product_tag":[],"class_list":{"0":"post-17626","1":"product","2":"type-product","3":"status-publish","4":"has-post-thumbnail","6":"product_cat-okategoriserad","8":"first","9":"instock","10":"shipping-taxable","11":"purchasable","12":"product-type-simple"},"_links":{"self":[{"href":"https:\/\/nordicmart.andreevmaster.com\/sv\/wp-json\/wp\/v2\/product\/17626","targetHints":{"allow":["GET"]}}],"collection":[{"href":"https:\/\/nordicmart.andreevmaster.com\/sv\/wp-json\/wp\/v2\/product"}],"about":[{"href":"https:\/\/nordicmart.andreevmaster.com\/sv\/wp-json\/wp\/v2\/types\/product"}],"replies":[{"embeddable":true,"href":"https:\/\/nordicmart.andreevmaster.com\/sv\/wp-json\/wp\/v2\/comments?post=17626"}],"wp:featuredmedia":[{"embeddable":true,"href":"https:\/\/nordicmart.andreevmaster.com\/sv\/wp-json\/wp\/v2\/media\/44945"}],"wp:attachment":[{"href":"https:\/\/nordicmart.andreevmaster.com\/sv\/wp-json\/wp\/v2\/media?parent=17626"}],"wp:term":[{"taxonomy":"product_brand","embeddable":true,"href":"https:\/\/nordicmart.andreevmaster.com\/sv\/wp-json\/wp\/v2\/product_brand?post=17626"},{"taxonomy":"product_cat","embeddable":true,"href":"https:\/\/nordicmart.andreevmaster.com\/sv\/wp-json\/wp\/v2\/product_cat?post=17626"},{"taxonomy":"product_tag","embeddable":true,"href":"https:\/\/nordicmart.andreevmaster.com\/sv\/wp-json\/wp\/v2\/product_tag?post=17626"}],"curies":[{"name":"wp","href":"https:\/\/api.w.org\/{rel}","templated":true}]}}