{"id":17625,"date":"2026-02-27T00:35:52","date_gmt":"2026-02-27T00:35:52","guid":{"rendered":"https:\/\/nordicmart.andreevmaster.com\/product\/trakalender-med-6-muggarunderlagg-cal-1894\/"},"modified":"2026-02-27T08:25:20","modified_gmt":"2026-02-27T08:25:20","slug":"trakalender-med-6-muggarunderlagg-cal-1894","status":"publish","type":"product","link":"https:\/\/nordicmart.andreevmaster.com\/sv\/produkt\/trakalender-med-6-muggarunderlagg-cal-1894\/","title":{"rendered":"Tr\u00e4kalender med 6 muggarunderl\u00e4gg \u2013 CAL-1894"},"content":{"rendered":"<p>Tr\u00e4kalender med 6 muggarunderl\u00e4gg \u2013 CAL-1894&nbsp;&nbsp;Tr\u00e4kalender \u2013 en stilren och praktisk prydnad f\u00f6r ditt skrivbord&nbsp;&nbsp;Letar du efter ett enkelt men elegant s\u00e4tt att h\u00e5lla koll p\u00e5 tiden? Vi har det perfekta f\u00f6rslaget f\u00f6r dig \u2013 en evighetskalender i tr\u00e4. Denna minimalistiska pryl fyller inte bara sin funktion, utan blir ocks\u00e5 en dekoration f\u00f6r ditt skrivbord.&nbsp;Kalendern \u00e4r tillverkad av h\u00f6gkvalitativt tr\u00e4, vilket garanterar dess h\u00e5llbarhet. Tack vare detta beh\u00f6ver du inte k\u00f6pa en ny kalender varje \u00e5r \u2013 den h\u00e4r kommer att h\u00e5lla i m\u00e5nga \u00e5r. Tack vare sin universella design passar den in i alla interi\u00f6rer.&nbsp;&nbsp;Produktinformation:&nbsp;M\u00e5tt: 11,4 x 11,4 cmMaterial: tr\u00e46 muggarunderl\u00e4gg ing\u00e5rPlats f\u00f6r f\u00f6rvaring av pennor eller andra redskapKalender f\u00f6r m\u00e5nga \u00e5r \u2013 beh\u00f6ver inte bytas ut varje \u00e5rEkologisk \u2013 tillverkad av naturmaterialDekorativ \u2013 pryder skrivbordet&nbsp;En evig kalender i tr\u00e4 \u00e4r en perfekt presentid\u00e9 f\u00f6r:&nbsp;\u00e4lskare av ekologiska l\u00f6sningarm\u00e4nniskor som uppskattar praktiska prylarfans av minimalistisk design&nbsp;<\/p>\n","protected":false},"excerpt":{"rendered":"<p>Tr\u00e4kalender med 6 muggarunderl\u00e4gg \u2013 CAL-1894&nbsp;&nbsp;Tr\u00e4kalender \u2013 en stilren och praktisk prydnad f\u00f6r ditt skrivbord&nbsp;&nbsp;Letar du efter ett enkelt men elegant s\u00e4tt att h\u00e5lla koll p\u00e5 tiden? Vi har det perfekta f\u00f6rslaget f\u00f6r dig \u2013 en evighetskalender i tr\u00e4. Denna minimalistiska pryl fyller inte bara sin funktion, utan blir ocks\u00e5 en dekoration f\u00f6r ditt skrivbord.&nbsp;Kalendern [&hellip;]<\/p>\n","protected":false},"featured_media":44944,"comment_status":"open","ping_status":"closed","template":"","meta":[],"product_brand":[],"product_cat":[33],"product_tag":[],"class_list":{"0":"post-17625","1":"product","2":"type-product","3":"status-publish","4":"has-post-thumbnail","6":"product_cat-okategoriserad","8":"first","9":"instock","10":"shipping-taxable","11":"purchasable","12":"product-type-simple"},"_links":{"self":[{"href":"https:\/\/nordicmart.andreevmaster.com\/sv\/wp-json\/wp\/v2\/product\/17625","targetHints":{"allow":["GET"]}}],"collection":[{"href":"https:\/\/nordicmart.andreevmaster.com\/sv\/wp-json\/wp\/v2\/product"}],"about":[{"href":"https:\/\/nordicmart.andreevmaster.com\/sv\/wp-json\/wp\/v2\/types\/product"}],"replies":[{"embeddable":true,"href":"https:\/\/nordicmart.andreevmaster.com\/sv\/wp-json\/wp\/v2\/comments?post=17625"}],"wp:featuredmedia":[{"embeddable":true,"href":"https:\/\/nordicmart.andreevmaster.com\/sv\/wp-json\/wp\/v2\/media\/44944"}],"wp:attachment":[{"href":"https:\/\/nordicmart.andreevmaster.com\/sv\/wp-json\/wp\/v2\/media?parent=17625"}],"wp:term":[{"taxonomy":"product_brand","embeddable":true,"href":"https:\/\/nordicmart.andreevmaster.com\/sv\/wp-json\/wp\/v2\/product_brand?post=17625"},{"taxonomy":"product_cat","embeddable":true,"href":"https:\/\/nordicmart.andreevmaster.com\/sv\/wp-json\/wp\/v2\/product_cat?post=17625"},{"taxonomy":"product_tag","embeddable":true,"href":"https:\/\/nordicmart.andreevmaster.com\/sv\/wp-json\/wp\/v2\/product_tag?post=17625"}],"curies":[{"name":"wp","href":"https:\/\/api.w.org\/{rel}","templated":true}]}}